

{"id":3607,"date":"2026-04-19T17:32:31","date_gmt":"2026-04-19T14:32:31","guid":{"rendered":"https:\/\/www.marmarastudentcongress.com\/?page_id=3607"},"modified":"2026-04-19T17:32:35","modified_gmt":"2026-04-19T14:32:35","slug":"prof-dr-mustafa-djamgoz-phd","status":"publish","type":"page","link":"https:\/\/www.marmarastudentcongress.com\/en\/prof-dr-mustafa-djamgoz-phd\/","title":{"rendered":"Prof. Dr. Mustafa Djamg\u00f6z, PhD"},"content":{"rendered":"<div class=\"vc_row wpb_row vc_row-fluid\"><div class=\"wpb_column vc_column_container vc_col-sm-8\"><div class=\"vc_column-inner\"><div class=\"wpb_wrapper\">\n\t<div class=\"wpb_text_column wpb_content_element\" >\n\t\t<div class=\"wpb_wrapper\">\n\t\t\t<p><strong>Prof. Dr. Mustafa Djamg\u00f6z, PhD (Konu\u015fma Konusu: Kanserin Sinirsel \u00d6zellikleri: Onkolojide Yeni Bir Konsept ve Potansiyel)<\/strong><\/p>\n<p>&nbsp;<\/p>\n<p>Profes\u00f6r Djamg\u00f6z, Imperial College Londra&#8217;daki fizik b\u00f6l\u00fcm\u00fcnden mezun olduktan sonra biyofizik \/ elektrofizyoloji alan\u0131nda doktoras\u0131na devam etti. Doktoras\u0131n\u0131 almadan, 1978&#8217;de Imperial College&#8217;de Ya\u015fam Bilimleri b\u00f6l\u00fcm\u00fcne asistan profes\u00f6r olarak atand\u0131. 50 y\u0131ll\u0131k akademik kariyerinin ilk yar\u0131s\u0131n\u0131 sinir bilimi alan\u0131nda ge\u00e7irip 1995 y\u0131l\u0131nda n\u00f6robiyoloji profes\u00f6r\u00fc oldu. insan t\u00fcm\u00f6rleri ile agresif olan ve olmayan h\u00fccreler aras\u0131ndaki elektriksel sinyal farkl\u0131l\u0131klar\u0131 \u00fczerine yapt\u0131\u011f\u0131 \u00e7al\u0131\u015fmalarla onkoloji alan\u0131nda yeni bir saha a\u00e7t\u0131. Ana bulu\u015fu; agresif kanser h\u00fccrelerinin elektriksel duyarl\u0131l\u0131k ve hiperaktivite olu\u015fturdu\u011fu, bunun da kanserin yay\u0131lmas\u0131n\u0131 m\u00fcmk\u00fcn k\u0131ld\u0131\u011f\u0131d\u0131r. Bu \u00e7al\u0131\u015fmalar\u0131yla 2005 y\u0131l\u0131nda Imperial&#8217;da olduk\u00e7a nadir g\u00f6r\u00fclen ikinci profes\u00f6rl\u00fck unvan\u0131n\u0131 ald\u0131.<\/p>\n<p>&nbsp;<\/p>\n<p>Profes\u00f6r Djamg\u00f6z&#8217;\u00fcn uluslararas\u0131 dergilerde yay\u0131mlanm\u0131\u015f 200&#8217;den fazla makalesi vard\u0131r. T\u00fcm kariyeri boyunca bir\u00e7ok T\u00fcrk akademisyenle i\u015f birli\u011fi yapm\u0131\u015ft\u0131r ve yapmaya da h\u00e2l\u00e2 devam etmektedir. &#8220;Kanseri Yen&#8221; isimli kitab\u0131 \u0130ngilizceden \u00e7evrilmi\u015ftir. Pek \u00e7ok \u00f6d\u00fcl\u00fc aras\u0131nda Huxley Memorial Medal ve KKTC Tabipler Birli\u011fi Onursal \u00dcyeli\u011fi bulunmaktad\u0131r.<\/p>\n<p>Bulu\u015flar\u0131, kanserin yay\u0131lmas\u0131n\u0131 toksik olmayan ila\u00e7larla durdurman\u0131n m\u00fcmk\u00fcn oldu\u011funu g\u00f6stermektedir. Bu bulu\u015flar\u0131 i\u00e7eren 7 patent temelinde k\u00fc\u00e7\u00fck bir biyoteknoloji \u015firketi kurmu\u015fur. \u0130la\u00e7 \u00e7al\u0131\u015fmalar\u0131n\u0131n yan\u0131 s\u0131ra Imperial College&#8217;daki \u00f6m\u00fcr boyu Emeritus Profes\u00f6r unvan\u0131yla ara\u015ft\u0131rmalar\u0131na devam etmektedir.<\/p>\n\n\t\t<\/div>\n\t<\/div>\n<\/div><\/div><\/div><div class=\"wpb_column vc_column_container vc_col-sm-4\"><div class=\"vc_column-inner\"><div class=\"wpb_wrapper\">\n\t<div  class=\"wpb_single_image wpb_content_element vc_align_left\">\n\t\t\n\t\t<figure class=\"wpb_wrapper vc_figure\">\n\t\t\t<div class=\"vc_single_image-wrapper   vc_box_border_grey\"><img loading=\"lazy\" decoding=\"async\" width=\"300\" height=\"300\" src=\"https:\/\/www.marmarastudentcongress.com\/wp-content\/uploads\/2026\/04\/Mustafa-Djamgoz-300x300.jpg\" class=\"vc_single_image-img attachment-medium\" alt=\"\" srcset=\"https:\/\/www.marmarastudentcongress.com\/wp-content\/uploads\/2026\/04\/Mustafa-Djamgoz-300x300.jpg 300w, https:\/\/www.marmarastudentcongress.com\/wp-content\/uploads\/2026\/04\/Mustafa-Djamgoz-1024x1024.jpg 1024w, https:\/\/www.marmarastudentcongress.com\/wp-content\/uploads\/2026\/04\/Mustafa-Djamgoz-150x150.jpg 150w, https:\/\/www.marmarastudentcongress.com\/wp-content\/uploads\/2026\/04\/Mustafa-Djamgoz-768x768.jpg 768w, https:\/\/www.marmarastudentcongress.com\/wp-content\/uploads\/2026\/04\/Mustafa-Djamgoz-1536x1536.jpg 1536w, https:\/\/www.marmarastudentcongress.com\/wp-content\/uploads\/2026\/04\/Mustafa-Djamgoz-12x12.jpg 12w, https:\/\/www.marmarastudentcongress.com\/wp-content\/uploads\/2026\/04\/Mustafa-Djamgoz.jpg 1703w\" sizes=\"auto, (max-width: 300px) 100vw, 300px\" \/><\/div>\n\t\t<\/figure>\n\t<\/div>\n<\/div><\/div><\/div><\/div>","protected":false},"excerpt":{"rendered":"Prof. Dr. Mustafa Djamg\u00f6z, PhD (Konu\u015fma Konusu: Kanserin Sinirsel \u00d6zellikleri: Onkolojide Yeni Bir Konsept ve Potansiyel) &nbsp; Profes\u00f6r Djamg\u00f6z, Imperial College Londra'daki fizik b\u00f6l\u00fcm\u00fcnden mezun olduktan sonra biyofizik \/ elektrofizyoloji alan\u0131nda doktoras\u0131na devam etti. Doktoras\u0131n\u0131 almadan, 1978'de Imperial College'de Ya\u015fam Bilimleri b\u00f6l\u00fcm\u00fcne asistan profes\u00f6r olarak atand\u0131. 50 y\u0131ll\u0131k akademik kariyerinin ilk yar\u0131s\u0131n\u0131 sinir bilimi alan\u0131nda [...]","protected":false},"author":1730,"featured_media":0,"parent":0,"menu_order":0,"comment_status":"closed","ping_status":"closed","template":"","meta":{"footnotes":""},"class_list":["post-3607","page","type-page","status-publish","hentry"],"yoast_head":"<!-- This site is optimized with the Yoast SEO plugin v25.5 - https:\/\/yoast.com\/wordpress\/plugins\/seo\/ -->\n<title>Prof. Dr. Mustafa Djamg\u00f6z, PhD - MaSCo 2026<\/title>\n<meta name=\"robots\" content=\"index, follow, max-snippet:-1, max-image-preview:large, max-video-preview:-1\" \/>\n<link rel=\"canonical\" href=\"https:\/\/www.marmarastudentcongress.com\/en\/prof-dr-mustafa-djamgoz-phd\/\" \/>\n<meta property=\"og:locale\" content=\"en_US\" \/>\n<meta property=\"og:type\" content=\"article\" \/>\n<meta property=\"og:title\" content=\"Prof. Dr. Mustafa Djamg\u00f6z, PhD - MaSCo 2026\" \/>\n<meta property=\"og:url\" content=\"https:\/\/www.marmarastudentcongress.com\/en\/prof-dr-mustafa-djamgoz-phd\/\" \/>\n<meta property=\"og:site_name\" content=\"MaSCo 2026\" \/>\n<meta property=\"article:modified_time\" content=\"2026-04-19T14:32:35+00:00\" \/>\n<meta property=\"og:image\" content=\"https:\/\/www.marmarastudentcongress.com\/wp-content\/uploads\/2022\/03\/pl.jpg\" \/>\n\t<meta property=\"og:image:width\" content=\"200\" \/>\n\t<meta property=\"og:image:height\" content=\"200\" \/>\n\t<meta property=\"og:image:type\" content=\"image\/jpeg\" \/>\n<meta name=\"twitter:card\" content=\"summary_large_image\" \/>\n<script type=\"application\/ld+json\" class=\"yoast-schema-graph\">{\"@context\":\"https:\/\/schema.org\",\"@graph\":[{\"@type\":\"WebPage\",\"@id\":\"https:\/\/www.marmarastudentcongress.com\/prof-dr-mustafa-djamgoz-phd\/\",\"url\":\"https:\/\/www.marmarastudentcongress.com\/prof-dr-mustafa-djamgoz-phd\/\",\"name\":\"Prof. Dr. Mustafa Djamg\u00f6z, PhD - MaSCo 2026\",\"isPartOf\":{\"@id\":\"https:\/\/www.marmarastudentcongress.com\/#website\"},\"datePublished\":\"2026-04-19T14:32:31+00:00\",\"dateModified\":\"2026-04-19T14:32:35+00:00\",\"breadcrumb\":{\"@id\":\"https:\/\/www.marmarastudentcongress.com\/prof-dr-mustafa-djamgoz-phd\/#breadcrumb\"},\"inLanguage\":\"en-US\",\"potentialAction\":[{\"@type\":\"ReadAction\",\"target\":[\"https:\/\/www.marmarastudentcongress.com\/prof-dr-mustafa-djamgoz-phd\/\"]}]},{\"@type\":\"BreadcrumbList\",\"@id\":\"https:\/\/www.marmarastudentcongress.com\/prof-dr-mustafa-djamgoz-phd\/#breadcrumb\",\"itemListElement\":[{\"@type\":\"ListItem\",\"position\":1,\"name\":\"Anasayfa\",\"item\":\"https:\/\/www.marmarastudentcongress.com\/\"},{\"@type\":\"ListItem\",\"position\":2,\"name\":\"Prof. Dr. Mustafa Djamg\u00f6z, PhD\"}]},{\"@type\":\"WebSite\",\"@id\":\"https:\/\/www.marmarastudentcongress.com\/#website\",\"url\":\"https:\/\/www.marmarastudentcongress.com\/\",\"name\":\"MaSCo 2026\",\"description\":\"Marmara Student Congress\",\"publisher\":{\"@id\":\"https:\/\/www.marmarastudentcongress.com\/#organization\"},\"potentialAction\":[{\"@type\":\"SearchAction\",\"target\":{\"@type\":\"EntryPoint\",\"urlTemplate\":\"https:\/\/www.marmarastudentcongress.com\/?s={search_term_string}\"},\"query-input\":{\"@type\":\"PropertyValueSpecification\",\"valueRequired\":true,\"valueName\":\"search_term_string\"}}],\"inLanguage\":\"en-US\"},{\"@type\":\"Organization\",\"@id\":\"https:\/\/www.marmarastudentcongress.com\/#organization\",\"name\":\"MaSCo 2026\",\"url\":\"https:\/\/www.marmarastudentcongress.com\/\",\"logo\":{\"@type\":\"ImageObject\",\"inLanguage\":\"en-US\",\"@id\":\"https:\/\/www.marmarastudentcongress.com\/#\/schema\/logo\/image\/\",\"url\":\"https:\/\/www.marmarastudentcongress.com\/wp-content\/uploads\/2025\/05\/cropped-cropped-MaSCo-Logo.png\",\"contentUrl\":\"https:\/\/www.marmarastudentcongress.com\/wp-content\/uploads\/2025\/05\/cropped-cropped-MaSCo-Logo.png\",\"width\":150,\"height\":75,\"caption\":\"MaSCo 2026\"},\"image\":{\"@id\":\"https:\/\/www.marmarastudentcongress.com\/#\/schema\/logo\/image\/\"}}]}<\/script>\n<!-- \/ Yoast SEO plugin. -->","yoast_head_json":{"title":"Prof. Dr. Mustafa Djamg\u00f6z, PhD - MaSCo 2026","robots":{"index":"index","follow":"follow","max-snippet":"max-snippet:-1","max-image-preview":"max-image-preview:large","max-video-preview":"max-video-preview:-1"},"canonical":"https:\/\/www.marmarastudentcongress.com\/en\/prof-dr-mustafa-djamgoz-phd\/","og_locale":"en_US","og_type":"article","og_title":"Prof. Dr. Mustafa Djamg\u00f6z, PhD - MaSCo 2026","og_url":"https:\/\/www.marmarastudentcongress.com\/en\/prof-dr-mustafa-djamgoz-phd\/","og_site_name":"MaSCo 2026","article_modified_time":"2026-04-19T14:32:35+00:00","og_image":[{"width":200,"height":200,"url":"https:\/\/www.marmarastudentcongress.com\/wp-content\/uploads\/2022\/03\/pl.jpg","type":"image\/jpeg"}],"twitter_card":"summary_large_image","schema":{"@context":"https:\/\/schema.org","@graph":[{"@type":"WebPage","@id":"https:\/\/www.marmarastudentcongress.com\/prof-dr-mustafa-djamgoz-phd\/","url":"https:\/\/www.marmarastudentcongress.com\/prof-dr-mustafa-djamgoz-phd\/","name":"Prof. Dr. Mustafa Djamg\u00f6z, PhD - MaSCo 2026","isPartOf":{"@id":"https:\/\/www.marmarastudentcongress.com\/#website"},"datePublished":"2026-04-19T14:32:31+00:00","dateModified":"2026-04-19T14:32:35+00:00","breadcrumb":{"@id":"https:\/\/www.marmarastudentcongress.com\/prof-dr-mustafa-djamgoz-phd\/#breadcrumb"},"inLanguage":"en-US","potentialAction":[{"@type":"ReadAction","target":["https:\/\/www.marmarastudentcongress.com\/prof-dr-mustafa-djamgoz-phd\/"]}]},{"@type":"BreadcrumbList","@id":"https:\/\/www.marmarastudentcongress.com\/prof-dr-mustafa-djamgoz-phd\/#breadcrumb","itemListElement":[{"@type":"ListItem","position":1,"name":"Anasayfa","item":"https:\/\/www.marmarastudentcongress.com\/"},{"@type":"ListItem","position":2,"name":"Prof. Dr. Mustafa Djamg\u00f6z, PhD"}]},{"@type":"WebSite","@id":"https:\/\/www.marmarastudentcongress.com\/#website","url":"https:\/\/www.marmarastudentcongress.com\/","name":"MaSCo 2026","description":"Marmara Student Congress","publisher":{"@id":"https:\/\/www.marmarastudentcongress.com\/#organization"},"potentialAction":[{"@type":"SearchAction","target":{"@type":"EntryPoint","urlTemplate":"https:\/\/www.marmarastudentcongress.com\/?s={search_term_string}"},"query-input":{"@type":"PropertyValueSpecification","valueRequired":true,"valueName":"search_term_string"}}],"inLanguage":"en-US"},{"@type":"Organization","@id":"https:\/\/www.marmarastudentcongress.com\/#organization","name":"MaSCo 2026","url":"https:\/\/www.marmarastudentcongress.com\/","logo":{"@type":"ImageObject","inLanguage":"en-US","@id":"https:\/\/www.marmarastudentcongress.com\/#\/schema\/logo\/image\/","url":"https:\/\/www.marmarastudentcongress.com\/wp-content\/uploads\/2025\/05\/cropped-cropped-MaSCo-Logo.png","contentUrl":"https:\/\/www.marmarastudentcongress.com\/wp-content\/uploads\/2025\/05\/cropped-cropped-MaSCo-Logo.png","width":150,"height":75,"caption":"MaSCo 2026"},"image":{"@id":"https:\/\/www.marmarastudentcongress.com\/#\/schema\/logo\/image\/"}}]}},"_links":{"self":[{"href":"https:\/\/www.marmarastudentcongress.com\/en\/wp-json\/wp\/v2\/pages\/3607","targetHints":{"allow":["GET"]}}],"collection":[{"href":"https:\/\/www.marmarastudentcongress.com\/en\/wp-json\/wp\/v2\/pages"}],"about":[{"href":"https:\/\/www.marmarastudentcongress.com\/en\/wp-json\/wp\/v2\/types\/page"}],"author":[{"embeddable":true,"href":"https:\/\/www.marmarastudentcongress.com\/en\/wp-json\/wp\/v2\/users\/1730"}],"replies":[{"embeddable":true,"href":"https:\/\/www.marmarastudentcongress.com\/en\/wp-json\/wp\/v2\/comments?post=3607"}],"version-history":[{"count":0,"href":"https:\/\/www.marmarastudentcongress.com\/en\/wp-json\/wp\/v2\/pages\/3607\/revisions"}],"wp:attachment":[{"href":"https:\/\/www.marmarastudentcongress.com\/en\/wp-json\/wp\/v2\/media?parent=3607"}],"curies":[{"name":"wp","href":"https:\/\/api.w.org\/{rel}","templated":true}]}}