

{"id":3605,"date":"2026-04-19T17:36:04","date_gmt":"2026-04-19T14:36:04","guid":{"rendered":"https:\/\/www.marmarastudentcongress.com\/?page_id=3605"},"modified":"2026-04-19T17:36:04","modified_gmt":"2026-04-19T14:36:04","slug":"ecem-ozkaya-2","status":"publish","type":"page","link":"https:\/\/www.marmarastudentcongress.com\/en\/ecem-ozkaya-2\/","title":{"rendered":"Ecem \u00d6zkaya"},"content":{"rendered":"<div class=\"vc_row wpb_row vc_row-fluid\"><div class=\"wpb_column vc_column_container vc_col-sm-8\"><div class=\"vc_column-inner\"><div class=\"wpb_wrapper\">\n\t<div class=\"wpb_text_column wpb_content_element\" >\n\t\t<div class=\"wpb_wrapper\">\n\t\t\t<p><strong>Ecem \u00d6zkaya (Konu\u015fma Konusu: Kurgudan Ger\u00e7e\u011fe: Oyunculuk Penceresinden T\u0131p D\u00fcnyas\u0131n\u0131 Anlamak)<\/strong><\/p>\n<p>&nbsp;<\/p>\n<p>25 Haziran 1988 tarihinde \u0130stanbul\u2019da do\u011fan Ecem Nur \u00d6zkaya, y\u00fcksek\u00f6\u011frenimini Maltepe \u00dcniversitesi Radyo ve Televizyon B\u00f6l\u00fcm\u00fc&#8217;nde tamamlam\u0131\u015ft\u0131r.<\/p>\n<p>&nbsp;<\/p>\n<p>Kariyerine 2007 y\u0131l\u0131nda ad\u0131m atan ba\u015far\u0131l\u0131 oyuncu; &#8220;Kartallar Y\u00fcksek U\u00e7ar&#8221;, &#8220;\u0130ffet&#8221; ve &#8220;Can K\u0131r\u0131klar\u0131&#8221; gibi dizilerdeki rollerinin ard\u0131ndan &#8220;Zengin K\u0131z Fakir O\u011flan&#8221; dizisinde canland\u0131rd\u0131\u011f\u0131 Biricik ve &#8220;Hayat \u015eark\u0131s\u0131&#8221; dizisindeki Melek karakterleriyle geni\u015f kitlelerce tan\u0131nm\u0131\u015ft\u0131r. Yak\u0131n d\u00f6nemde televizyon ekranlar\u0131n\u0131n en \u00e7ok izlenen yap\u0131mlar\u0131ndan &#8220;G\u00f6n\u00fcl Da\u011f\u0131&#8221; dizisinde Zahide ve pop\u00fcler medikal drama &#8220;Bahar&#8221; dizisinde Rengin karakterlerine hayat vererek kariyerindeki ba\u015far\u0131l\u0131 \u00e7izgisini s\u00fcrd\u00fcrm\u00fc\u015ft\u00fcr.<\/p>\n<p>&nbsp;<\/p>\n<p>Televizyon projelerinin yan\u0131 s\u0131ra &#8220;Sizi Seviyorum&#8221;, &#8220;5 Dakkada De\u011fi\u015fir B\u00fct\u00fcn \u0130\u015fler&#8221;, &#8220;Kim Daha Mutlu&#8221; ve &#8220;\u015e\u0131mar\u0131k&#8221; gibi sinema filmlerinde beyaz perdede seyirciyle bulu\u015fmu\u015ftur. Kamera \u00f6n\u00fc oyunculu\u011funun d\u0131\u015f\u0131nda tiyatro sahnesinde de etkili performanslara imza atan \u00d6zkaya, &#8220;Kanl\u0131 Komedya&#8221; adl\u0131 tiyatro oyunundaki performans\u0131yla 23. Sadri Al\u0131\u015f\u0131k Tiyatro ve Sinema \u00d6d\u00fclleri&#8217;nde Tiyatro alan\u0131nda &#8220;En \u0130yi Yard\u0131mc\u0131 Kad\u0131n Oyuncu&#8221; \u00f6d\u00fcl\u00fcn\u00fc kazanm\u0131\u015ft\u0131r.<\/p>\n\n\t\t<\/div>\n\t<\/div>\n<\/div><\/div><\/div><div class=\"wpb_column vc_column_container vc_col-sm-4\"><div class=\"vc_column-inner\"><div class=\"wpb_wrapper\">\n\t<div  class=\"wpb_single_image wpb_content_element vc_align_left\">\n\t\t\n\t\t<figure class=\"wpb_wrapper vc_figure\">\n\t\t\t<div class=\"vc_single_image-wrapper   vc_box_border_grey\"><img loading=\"lazy\" decoding=\"async\" width=\"300\" height=\"300\" src=\"https:\/\/www.marmarastudentcongress.com\/wp-content\/uploads\/2026\/04\/Ecem-Ozkaya-300x300.webp\" class=\"vc_single_image-img attachment-medium\" alt=\"\" srcset=\"https:\/\/www.marmarastudentcongress.com\/wp-content\/uploads\/2026\/04\/Ecem-Ozkaya-300x300.webp 300w, https:\/\/www.marmarastudentcongress.com\/wp-content\/uploads\/2026\/04\/Ecem-Ozkaya-150x150.webp 150w, https:\/\/www.marmarastudentcongress.com\/wp-content\/uploads\/2026\/04\/Ecem-Ozkaya-768x768.webp 768w, https:\/\/www.marmarastudentcongress.com\/wp-content\/uploads\/2026\/04\/Ecem-Ozkaya-12x12.webp 12w, https:\/\/www.marmarastudentcongress.com\/wp-content\/uploads\/2026\/04\/Ecem-Ozkaya.webp 1000w\" sizes=\"auto, (max-width: 300px) 100vw, 300px\" \/><\/div>\n\t\t<\/figure>\n\t<\/div>\n<\/div><\/div><\/div><\/div>","protected":false},"excerpt":{"rendered":"Ecem \u00d6zkaya (Konu\u015fma Konusu: Kurgudan Ger\u00e7e\u011fe: Oyunculuk Penceresinden T\u0131p D\u00fcnyas\u0131n\u0131 Anlamak) &nbsp; 25 Haziran 1988 tarihinde \u0130stanbul\u2019da do\u011fan Ecem Nur \u00d6zkaya, y\u00fcksek\u00f6\u011frenimini Maltepe \u00dcniversitesi Radyo ve Televizyon B\u00f6l\u00fcm\u00fc'nde tamamlam\u0131\u015ft\u0131r. &nbsp; Kariyerine 2007 y\u0131l\u0131nda ad\u0131m atan ba\u015far\u0131l\u0131 oyuncu; \"Kartallar Y\u00fcksek U\u00e7ar\", \"\u0130ffet\" ve \"Can K\u0131r\u0131klar\u0131\" gibi dizilerdeki rollerinin ard\u0131ndan \"Zengin K\u0131z Fakir O\u011flan\" dizisinde canland\u0131rd\u0131\u011f\u0131 Biricik [...]","protected":false},"author":1730,"featured_media":0,"parent":0,"menu_order":0,"comment_status":"closed","ping_status":"closed","template":"","meta":{"footnotes":""},"class_list":["post-3605","page","type-page","status-publish","hentry"],"yoast_head":"<!-- This site is optimized with the Yoast SEO plugin v25.5 - https:\/\/yoast.com\/wordpress\/plugins\/seo\/ -->\n<title>Ecem \u00d6zkaya - MaSCo 2026<\/title>\n<meta name=\"robots\" content=\"index, follow, max-snippet:-1, max-image-preview:large, max-video-preview:-1\" \/>\n<link rel=\"canonical\" href=\"https:\/\/www.marmarastudentcongress.com\/en\/ecem-ozkaya-2\/\" \/>\n<meta property=\"og:locale\" content=\"en_US\" \/>\n<meta property=\"og:type\" content=\"article\" \/>\n<meta property=\"og:title\" content=\"Ecem \u00d6zkaya - MaSCo 2026\" \/>\n<meta property=\"og:url\" content=\"https:\/\/www.marmarastudentcongress.com\/en\/ecem-ozkaya-2\/\" \/>\n<meta property=\"og:site_name\" content=\"MaSCo 2026\" \/>\n<meta property=\"og:image\" content=\"https:\/\/www.marmarastudentcongress.com\/wp-content\/uploads\/2022\/03\/pl.jpg\" \/>\n\t<meta property=\"og:image:width\" content=\"200\" \/>\n\t<meta property=\"og:image:height\" content=\"200\" \/>\n\t<meta property=\"og:image:type\" content=\"image\/jpeg\" \/>\n<meta name=\"twitter:card\" content=\"summary_large_image\" \/>\n<script type=\"application\/ld+json\" class=\"yoast-schema-graph\">{\"@context\":\"https:\/\/schema.org\",\"@graph\":[{\"@type\":\"WebPage\",\"@id\":\"https:\/\/www.marmarastudentcongress.com\/ecem-ozkaya-2\/\",\"url\":\"https:\/\/www.marmarastudentcongress.com\/ecem-ozkaya-2\/\",\"name\":\"Ecem \u00d6zkaya - MaSCo 2026\",\"isPartOf\":{\"@id\":\"https:\/\/www.marmarastudentcongress.com\/#website\"},\"datePublished\":\"2026-04-19T14:36:04+00:00\",\"breadcrumb\":{\"@id\":\"https:\/\/www.marmarastudentcongress.com\/ecem-ozkaya-2\/#breadcrumb\"},\"inLanguage\":\"en-US\",\"potentialAction\":[{\"@type\":\"ReadAction\",\"target\":[\"https:\/\/www.marmarastudentcongress.com\/ecem-ozkaya-2\/\"]}]},{\"@type\":\"BreadcrumbList\",\"@id\":\"https:\/\/www.marmarastudentcongress.com\/ecem-ozkaya-2\/#breadcrumb\",\"itemListElement\":[{\"@type\":\"ListItem\",\"position\":1,\"name\":\"Anasayfa\",\"item\":\"https:\/\/www.marmarastudentcongress.com\/\"},{\"@type\":\"ListItem\",\"position\":2,\"name\":\"Ecem \u00d6zkaya\"}]},{\"@type\":\"WebSite\",\"@id\":\"https:\/\/www.marmarastudentcongress.com\/#website\",\"url\":\"https:\/\/www.marmarastudentcongress.com\/\",\"name\":\"MaSCo 2026\",\"description\":\"Marmara Student Congress\",\"publisher\":{\"@id\":\"https:\/\/www.marmarastudentcongress.com\/#organization\"},\"potentialAction\":[{\"@type\":\"SearchAction\",\"target\":{\"@type\":\"EntryPoint\",\"urlTemplate\":\"https:\/\/www.marmarastudentcongress.com\/?s={search_term_string}\"},\"query-input\":{\"@type\":\"PropertyValueSpecification\",\"valueRequired\":true,\"valueName\":\"search_term_string\"}}],\"inLanguage\":\"en-US\"},{\"@type\":\"Organization\",\"@id\":\"https:\/\/www.marmarastudentcongress.com\/#organization\",\"name\":\"MaSCo 2026\",\"url\":\"https:\/\/www.marmarastudentcongress.com\/\",\"logo\":{\"@type\":\"ImageObject\",\"inLanguage\":\"en-US\",\"@id\":\"https:\/\/www.marmarastudentcongress.com\/#\/schema\/logo\/image\/\",\"url\":\"https:\/\/www.marmarastudentcongress.com\/wp-content\/uploads\/2025\/05\/cropped-cropped-MaSCo-Logo.png\",\"contentUrl\":\"https:\/\/www.marmarastudentcongress.com\/wp-content\/uploads\/2025\/05\/cropped-cropped-MaSCo-Logo.png\",\"width\":150,\"height\":75,\"caption\":\"MaSCo 2026\"},\"image\":{\"@id\":\"https:\/\/www.marmarastudentcongress.com\/#\/schema\/logo\/image\/\"}}]}<\/script>\n<!-- \/ Yoast SEO plugin. -->","yoast_head_json":{"title":"Ecem \u00d6zkaya - MaSCo 2026","robots":{"index":"index","follow":"follow","max-snippet":"max-snippet:-1","max-image-preview":"max-image-preview:large","max-video-preview":"max-video-preview:-1"},"canonical":"https:\/\/www.marmarastudentcongress.com\/en\/ecem-ozkaya-2\/","og_locale":"en_US","og_type":"article","og_title":"Ecem \u00d6zkaya - MaSCo 2026","og_url":"https:\/\/www.marmarastudentcongress.com\/en\/ecem-ozkaya-2\/","og_site_name":"MaSCo 2026","og_image":[{"width":200,"height":200,"url":"https:\/\/www.marmarastudentcongress.com\/wp-content\/uploads\/2022\/03\/pl.jpg","type":"image\/jpeg"}],"twitter_card":"summary_large_image","schema":{"@context":"https:\/\/schema.org","@graph":[{"@type":"WebPage","@id":"https:\/\/www.marmarastudentcongress.com\/ecem-ozkaya-2\/","url":"https:\/\/www.marmarastudentcongress.com\/ecem-ozkaya-2\/","name":"Ecem \u00d6zkaya - MaSCo 2026","isPartOf":{"@id":"https:\/\/www.marmarastudentcongress.com\/#website"},"datePublished":"2026-04-19T14:36:04+00:00","breadcrumb":{"@id":"https:\/\/www.marmarastudentcongress.com\/ecem-ozkaya-2\/#breadcrumb"},"inLanguage":"en-US","potentialAction":[{"@type":"ReadAction","target":["https:\/\/www.marmarastudentcongress.com\/ecem-ozkaya-2\/"]}]},{"@type":"BreadcrumbList","@id":"https:\/\/www.marmarastudentcongress.com\/ecem-ozkaya-2\/#breadcrumb","itemListElement":[{"@type":"ListItem","position":1,"name":"Anasayfa","item":"https:\/\/www.marmarastudentcongress.com\/"},{"@type":"ListItem","position":2,"name":"Ecem \u00d6zkaya"}]},{"@type":"WebSite","@id":"https:\/\/www.marmarastudentcongress.com\/#website","url":"https:\/\/www.marmarastudentcongress.com\/","name":"MaSCo 2026","description":"Marmara Student Congress","publisher":{"@id":"https:\/\/www.marmarastudentcongress.com\/#organization"},"potentialAction":[{"@type":"SearchAction","target":{"@type":"EntryPoint","urlTemplate":"https:\/\/www.marmarastudentcongress.com\/?s={search_term_string}"},"query-input":{"@type":"PropertyValueSpecification","valueRequired":true,"valueName":"search_term_string"}}],"inLanguage":"en-US"},{"@type":"Organization","@id":"https:\/\/www.marmarastudentcongress.com\/#organization","name":"MaSCo 2026","url":"https:\/\/www.marmarastudentcongress.com\/","logo":{"@type":"ImageObject","inLanguage":"en-US","@id":"https:\/\/www.marmarastudentcongress.com\/#\/schema\/logo\/image\/","url":"https:\/\/www.marmarastudentcongress.com\/wp-content\/uploads\/2025\/05\/cropped-cropped-MaSCo-Logo.png","contentUrl":"https:\/\/www.marmarastudentcongress.com\/wp-content\/uploads\/2025\/05\/cropped-cropped-MaSCo-Logo.png","width":150,"height":75,"caption":"MaSCo 2026"},"image":{"@id":"https:\/\/www.marmarastudentcongress.com\/#\/schema\/logo\/image\/"}}]}},"_links":{"self":[{"href":"https:\/\/www.marmarastudentcongress.com\/en\/wp-json\/wp\/v2\/pages\/3605","targetHints":{"allow":["GET"]}}],"collection":[{"href":"https:\/\/www.marmarastudentcongress.com\/en\/wp-json\/wp\/v2\/pages"}],"about":[{"href":"https:\/\/www.marmarastudentcongress.com\/en\/wp-json\/wp\/v2\/types\/page"}],"author":[{"embeddable":true,"href":"https:\/\/www.marmarastudentcongress.com\/en\/wp-json\/wp\/v2\/users\/1730"}],"replies":[{"embeddable":true,"href":"https:\/\/www.marmarastudentcongress.com\/en\/wp-json\/wp\/v2\/comments?post=3605"}],"version-history":[{"count":0,"href":"https:\/\/www.marmarastudentcongress.com\/en\/wp-json\/wp\/v2\/pages\/3605\/revisions"}],"wp:attachment":[{"href":"https:\/\/www.marmarastudentcongress.com\/en\/wp-json\/wp\/v2\/media?parent=3605"}],"curies":[{"name":"wp","href":"https:\/\/api.w.org\/{rel}","templated":true}]}}