

{"id":3402,"date":"2025-10-28T11:55:48","date_gmt":"2025-10-28T08:55:48","guid":{"rendered":"https:\/\/www.marmarastudentcongress.com\/?page_id=3402"},"modified":"2025-11-16T17:36:58","modified_gmt":"2025-11-16T14:36:58","slug":"mascoda-dereceye-giren-calismalar","status":"publish","type":"page","link":"https:\/\/www.marmarastudentcongress.com\/en\/mascoda-dereceye-giren-calismalar\/","title":{"rendered":"Studies That Were Awarded in MaSCo"},"content":{"rendered":"<div class=\"vc_row wpb_row vc_row-fluid\"><div class=\"wpb_column vc_column_container vc_col-sm-4\"><div class=\"vc_column-inner\"><div class=\"wpb_wrapper\">\n\t<div class=\"wpb_text_column wpb_content_element\" >\n\t\t<div class=\"wpb_wrapper\">\n\t\t\t<h1 style=\"text-align: center;\"><a href=\"https:\/\/www.marmarastudentcongress.com\/en\/2025kazananlari\/\"><img loading=\"lazy\" decoding=\"async\" class=\"alignnone size-medium wp-image-3460\" src=\"https:\/\/www.marmarastudentcongress.com\/wp-content\/uploads\/2025\/10\/Tacli-Logo-300x300.png\" alt=\"\" width=\"300\" height=\"300\" srcset=\"https:\/\/www.marmarastudentcongress.com\/wp-content\/uploads\/2025\/10\/Tacli-Logo-300x300.png 300w, https:\/\/www.marmarastudentcongress.com\/wp-content\/uploads\/2025\/10\/Tacli-Logo-1024x1024.png 1024w, https:\/\/www.marmarastudentcongress.com\/wp-content\/uploads\/2025\/10\/Tacli-Logo-150x150.png 150w, https:\/\/www.marmarastudentcongress.com\/wp-content\/uploads\/2025\/10\/Tacli-Logo-768x768.png 768w, https:\/\/www.marmarastudentcongress.com\/wp-content\/uploads\/2025\/10\/Tacli-Logo-1536x1536.png 1536w, https:\/\/www.marmarastudentcongress.com\/wp-content\/uploads\/2025\/10\/Tacli-Logo-12x12.png 12w, https:\/\/www.marmarastudentcongress.com\/wp-content\/uploads\/2025\/10\/Tacli-Logo.png 1563w\" sizes=\"auto, (max-width: 300px) 100vw, 300px\" \/><\/a><\/h1>\n<h2 style=\"text-align: center;\"><a href=\"https:\/\/www.marmarastudentcongress.com\/en\/2025kazananlari\/\">MaSCo&#8217;25<\/a><\/h2>\n\n\t\t<\/div>\n\t<\/div>\n<\/div><\/div><\/div><div class=\"wpb_column vc_column_container vc_col-sm-4\"><div class=\"vc_column-inner\"><div class=\"wpb_wrapper\">\n\t<div class=\"wpb_text_column wpb_content_element\" >\n\t\t<div class=\"wpb_wrapper\">\n\t\t\t<h1 style=\"text-align: center;\"><a href=\"https:\/\/www.marmarastudentcongress.com\/en\/masco24-dereceleri\/\"><img loading=\"lazy\" decoding=\"async\" class=\"alignnone size-medium wp-image-3460\" src=\"https:\/\/www.marmarastudentcongress.com\/wp-content\/uploads\/2025\/10\/Tacli-Logo-300x300.png\" alt=\"\" width=\"300\" height=\"300\" srcset=\"https:\/\/www.marmarastudentcongress.com\/wp-content\/uploads\/2025\/10\/Tacli-Logo-300x300.png 300w, https:\/\/www.marmarastudentcongress.com\/wp-content\/uploads\/2025\/10\/Tacli-Logo-1024x1024.png 1024w, https:\/\/www.marmarastudentcongress.com\/wp-content\/uploads\/2025\/10\/Tacli-Logo-150x150.png 150w, https:\/\/www.marmarastudentcongress.com\/wp-content\/uploads\/2025\/10\/Tacli-Logo-768x768.png 768w, https:\/\/www.marmarastudentcongress.com\/wp-content\/uploads\/2025\/10\/Tacli-Logo-1536x1536.png 1536w, https:\/\/www.marmarastudentcongress.com\/wp-content\/uploads\/2025\/10\/Tacli-Logo-12x12.png 12w, https:\/\/www.marmarastudentcongress.com\/wp-content\/uploads\/2025\/10\/Tacli-Logo.png 1563w\" sizes=\"auto, (max-width: 300px) 100vw, 300px\" \/><\/a><\/h1>\n<h2 style=\"text-align: center;\"><a href=\"https:\/\/www.marmarastudentcongress.com\/en\/masco24-dereceleri\/\">MaSCo&#8217;24<\/a><\/h2>\n\n\t\t<\/div>\n\t<\/div>\n<\/div><\/div><\/div><div class=\"wpb_column vc_column_container vc_col-sm-4\"><div class=\"vc_column-inner\"><div class=\"wpb_wrapper\">\n\t<div class=\"wpb_text_column wpb_content_element\" >\n\t\t<div class=\"wpb_wrapper\">\n\t\t\t<h1 style=\"text-align: center;\"><a href=\"https:\/\/www.marmarastudentcongress.com\/en\/masco23-dereceleri\/\"><img loading=\"lazy\" decoding=\"async\" class=\"alignnone size-medium wp-image-3460\" src=\"https:\/\/www.marmarastudentcongress.com\/wp-content\/uploads\/2025\/10\/Tacli-Logo-300x300.png\" alt=\"\" width=\"300\" height=\"300\" srcset=\"https:\/\/www.marmarastudentcongress.com\/wp-content\/uploads\/2025\/10\/Tacli-Logo-300x300.png 300w, https:\/\/www.marmarastudentcongress.com\/wp-content\/uploads\/2025\/10\/Tacli-Logo-1024x1024.png 1024w, https:\/\/www.marmarastudentcongress.com\/wp-content\/uploads\/2025\/10\/Tacli-Logo-150x150.png 150w, https:\/\/www.marmarastudentcongress.com\/wp-content\/uploads\/2025\/10\/Tacli-Logo-768x768.png 768w, https:\/\/www.marmarastudentcongress.com\/wp-content\/uploads\/2025\/10\/Tacli-Logo-1536x1536.png 1536w, https:\/\/www.marmarastudentcongress.com\/wp-content\/uploads\/2025\/10\/Tacli-Logo-12x12.png 12w, https:\/\/www.marmarastudentcongress.com\/wp-content\/uploads\/2025\/10\/Tacli-Logo.png 1563w\" sizes=\"auto, (max-width: 300px) 100vw, 300px\" \/><\/a><\/h1>\n<h2 style=\"text-align: center;\"><a href=\"https:\/\/www.marmarastudentcongress.com\/en\/masco23-dereceleri\/\">MaSCo&#8217;23<\/a><\/h2>\n\n\t\t<\/div>\n\t<\/div>\n<\/div><\/div><\/div><\/div><div class=\"vc_row wpb_row vc_row-fluid\"><div class=\"wpb_column vc_column_container vc_col-sm-4\"><div class=\"vc_column-inner\"><div class=\"wpb_wrapper\">\n\t<div class=\"wpb_text_column wpb_content_element\" >\n\t\t<div class=\"wpb_wrapper\">\n\t\t\t<h1 style=\"text-align: center;\"><a href=\"https:\/\/www.marmarastudentcongress.com\/en\/masco22-dereceleri\/\"><img loading=\"lazy\" decoding=\"async\" class=\"alignnone size-medium wp-image-3460\" src=\"https:\/\/www.marmarastudentcongress.com\/wp-content\/uploads\/2025\/10\/Tacli-Logo-300x300.png\" alt=\"\" width=\"300\" height=\"300\" srcset=\"https:\/\/www.marmarastudentcongress.com\/wp-content\/uploads\/2025\/10\/Tacli-Logo-300x300.png 300w, https:\/\/www.marmarastudentcongress.com\/wp-content\/uploads\/2025\/10\/Tacli-Logo-1024x1024.png 1024w, https:\/\/www.marmarastudentcongress.com\/wp-content\/uploads\/2025\/10\/Tacli-Logo-150x150.png 150w, https:\/\/www.marmarastudentcongress.com\/wp-content\/uploads\/2025\/10\/Tacli-Logo-768x768.png 768w, https:\/\/www.marmarastudentcongress.com\/wp-content\/uploads\/2025\/10\/Tacli-Logo-1536x1536.png 1536w, https:\/\/www.marmarastudentcongress.com\/wp-content\/uploads\/2025\/10\/Tacli-Logo-12x12.png 12w, https:\/\/www.marmarastudentcongress.com\/wp-content\/uploads\/2025\/10\/Tacli-Logo.png 1563w\" sizes=\"auto, (max-width: 300px) 100vw, 300px\" \/><\/a><\/h1>\n<h2 style=\"text-align: center;\"><a href=\"https:\/\/www.marmarastudentcongress.com\/en\/masco22-dereceleri\/\">MaSCo&#8217;22<\/a><\/h2>\n\n\t\t<\/div>\n\t<\/div>\n<\/div><\/div><\/div><div class=\"wpb_column vc_column_container vc_col-sm-4\"><div class=\"vc_column-inner\"><div class=\"wpb_wrapper\">\n\t<div class=\"wpb_text_column wpb_content_element\" >\n\t\t<div class=\"wpb_wrapper\">\n\t\t\t<h1 style=\"text-align: center;\"><a href=\"https:\/\/www.marmarastudentcongress.com\/en\/masco21-dereceleri\/\"><img loading=\"lazy\" decoding=\"async\" class=\"alignnone size-medium wp-image-3460\" src=\"https:\/\/www.marmarastudentcongress.com\/wp-content\/uploads\/2025\/10\/Tacli-Logo-300x300.png\" alt=\"\" width=\"300\" height=\"300\" srcset=\"https:\/\/www.marmarastudentcongress.com\/wp-content\/uploads\/2025\/10\/Tacli-Logo-300x300.png 300w, https:\/\/www.marmarastudentcongress.com\/wp-content\/uploads\/2025\/10\/Tacli-Logo-1024x1024.png 1024w, https:\/\/www.marmarastudentcongress.com\/wp-content\/uploads\/2025\/10\/Tacli-Logo-150x150.png 150w, https:\/\/www.marmarastudentcongress.com\/wp-content\/uploads\/2025\/10\/Tacli-Logo-768x768.png 768w, https:\/\/www.marmarastudentcongress.com\/wp-content\/uploads\/2025\/10\/Tacli-Logo-1536x1536.png 1536w, https:\/\/www.marmarastudentcongress.com\/wp-content\/uploads\/2025\/10\/Tacli-Logo-12x12.png 12w, https:\/\/www.marmarastudentcongress.com\/wp-content\/uploads\/2025\/10\/Tacli-Logo.png 1563w\" sizes=\"auto, (max-width: 300px) 100vw, 300px\" \/><\/a><\/h1>\n<h2 style=\"text-align: center;\"><a href=\"https:\/\/www.marmarastudentcongress.com\/en\/masco21-dereceleri\/\">MaSCo&#8217;21<\/a><\/h2>\n\n\t\t<\/div>\n\t<\/div>\n<\/div><\/div><\/div><div class=\"wpb_column vc_column_container vc_col-sm-4\"><div class=\"vc_column-inner\"><div class=\"wpb_wrapper\">\n\t<div class=\"wpb_text_column wpb_content_element\" >\n\t\t<div class=\"wpb_wrapper\">\n\t\t\t<h1 style=\"text-align: center;\"><a href=\"https:\/\/www.marmarastudentcongress.com\/en\/masco18-dereceleri\/\"><img loading=\"lazy\" decoding=\"async\" class=\"alignnone size-medium wp-image-3460\" src=\"https:\/\/www.marmarastudentcongress.com\/wp-content\/uploads\/2025\/10\/Tacli-Logo-300x300.png\" alt=\"\" width=\"300\" height=\"300\" srcset=\"https:\/\/www.marmarastudentcongress.com\/wp-content\/uploads\/2025\/10\/Tacli-Logo-300x300.png 300w, https:\/\/www.marmarastudentcongress.com\/wp-content\/uploads\/2025\/10\/Tacli-Logo-1024x1024.png 1024w, https:\/\/www.marmarastudentcongress.com\/wp-content\/uploads\/2025\/10\/Tacli-Logo-150x150.png 150w, https:\/\/www.marmarastudentcongress.com\/wp-content\/uploads\/2025\/10\/Tacli-Logo-768x768.png 768w, https:\/\/www.marmarastudentcongress.com\/wp-content\/uploads\/2025\/10\/Tacli-Logo-1536x1536.png 1536w, https:\/\/www.marmarastudentcongress.com\/wp-content\/uploads\/2025\/10\/Tacli-Logo-12x12.png 12w, https:\/\/www.marmarastudentcongress.com\/wp-content\/uploads\/2025\/10\/Tacli-Logo.png 1563w\" sizes=\"auto, (max-width: 300px) 100vw, 300px\" \/><\/a><\/h1>\n<h2 style=\"text-align: center;\"><a href=\"https:\/\/www.marmarastudentcongress.com\/en\/masco18-dereceleri\/\">MaSCo&#8217;18<\/a><\/h2>\n\n\t\t<\/div>\n\t<\/div>\n<\/div><\/div><\/div><\/div>","protected":false},"excerpt":{"rendered":"MaSCo'25 MaSCo'24 MaSCo'23 MaSCo'22 MaSCo'21 MaSCo'18","protected":false},"author":1728,"featured_media":0,"parent":0,"menu_order":0,"comment_status":"closed","ping_status":"closed","template":"","meta":{"footnotes":""},"class_list":["post-3402","page","type-page","status-publish","hentry"],"yoast_head":"<!-- This site is optimized with the Yoast SEO plugin v25.5 - https:\/\/yoast.com\/wordpress\/plugins\/seo\/ -->\n<title>MaSCo&#039;da Dereceye Giren \u00c7al\u0131\u015fmalar - MaSCo 2026<\/title>\n<meta name=\"robots\" content=\"index, follow, max-snippet:-1, max-image-preview:large, max-video-preview:-1\" \/>\n<link rel=\"canonical\" href=\"https:\/\/www.marmarastudentcongress.com\/en\/mascoda-dereceye-giren-calismalar\/\" \/>\n<meta property=\"og:locale\" content=\"en_US\" \/>\n<meta property=\"og:type\" content=\"article\" \/>\n<meta property=\"og:title\" content=\"MaSCo&#039;da Dereceye Giren \u00c7al\u0131\u015fmalar - MaSCo 2026\" \/>\n<meta property=\"og:url\" content=\"https:\/\/www.marmarastudentcongress.com\/en\/mascoda-dereceye-giren-calismalar\/\" \/>\n<meta property=\"og:site_name\" content=\"MaSCo 2026\" \/>\n<meta property=\"article:modified_time\" content=\"2025-11-16T14:36:58+00:00\" \/>\n<meta property=\"og:image\" content=\"https:\/\/www.marmarastudentcongress.com\/wp-content\/uploads\/2025\/10\/Tacli-Logo.png\" \/>\n\t<meta property=\"og:image:width\" content=\"1563\" \/>\n\t<meta property=\"og:image:height\" content=\"1563\" \/>\n\t<meta property=\"og:image:type\" content=\"image\/png\" \/>\n<meta name=\"twitter:card\" content=\"summary_large_image\" \/>\n<meta name=\"twitter:label1\" content=\"Est. reading time\" \/>\n\t<meta name=\"twitter:data1\" content=\"2 minutes\" \/>\n<script type=\"application\/ld+json\" class=\"yoast-schema-graph\">{\"@context\":\"https:\/\/schema.org\",\"@graph\":[{\"@type\":\"WebPage\",\"@id\":\"https:\/\/www.marmarastudentcongress.com\/mascoda-dereceye-giren-calismalar\/\",\"url\":\"https:\/\/www.marmarastudentcongress.com\/mascoda-dereceye-giren-calismalar\/\",\"name\":\"MaSCo'da Dereceye Giren \u00c7al\u0131\u015fmalar - MaSCo 2026\",\"isPartOf\":{\"@id\":\"https:\/\/www.marmarastudentcongress.com\/#website\"},\"primaryImageOfPage\":{\"@id\":\"https:\/\/www.marmarastudentcongress.com\/mascoda-dereceye-giren-calismalar\/#primaryimage\"},\"image\":{\"@id\":\"https:\/\/www.marmarastudentcongress.com\/mascoda-dereceye-giren-calismalar\/#primaryimage\"},\"thumbnailUrl\":\"https:\/\/www.marmarastudentcongress.com\/wp-content\/uploads\/2025\/10\/Tacli-Logo-300x300.png\",\"datePublished\":\"2025-10-28T08:55:48+00:00\",\"dateModified\":\"2025-11-16T14:36:58+00:00\",\"breadcrumb\":{\"@id\":\"https:\/\/www.marmarastudentcongress.com\/mascoda-dereceye-giren-calismalar\/#breadcrumb\"},\"inLanguage\":\"en-US\",\"potentialAction\":[{\"@type\":\"ReadAction\",\"target\":[\"https:\/\/www.marmarastudentcongress.com\/mascoda-dereceye-giren-calismalar\/\"]}]},{\"@type\":\"ImageObject\",\"inLanguage\":\"en-US\",\"@id\":\"https:\/\/www.marmarastudentcongress.com\/mascoda-dereceye-giren-calismalar\/#primaryimage\",\"url\":\"https:\/\/www.marmarastudentcongress.com\/wp-content\/uploads\/2025\/10\/Tacli-Logo-300x300.png\",\"contentUrl\":\"https:\/\/www.marmarastudentcongress.com\/wp-content\/uploads\/2025\/10\/Tacli-Logo-300x300.png\"},{\"@type\":\"BreadcrumbList\",\"@id\":\"https:\/\/www.marmarastudentcongress.com\/mascoda-dereceye-giren-calismalar\/#breadcrumb\",\"itemListElement\":[{\"@type\":\"ListItem\",\"position\":1,\"name\":\"Anasayfa\",\"item\":\"https:\/\/www.marmarastudentcongress.com\/\"},{\"@type\":\"ListItem\",\"position\":2,\"name\":\"MaSCo&#8217;da Dereceye Giren \u00c7al\u0131\u015fmalar\"}]},{\"@type\":\"WebSite\",\"@id\":\"https:\/\/www.marmarastudentcongress.com\/#website\",\"url\":\"https:\/\/www.marmarastudentcongress.com\/\",\"name\":\"MaSCo 2026\",\"description\":\"Marmara Student Congress\",\"publisher\":{\"@id\":\"https:\/\/www.marmarastudentcongress.com\/#organization\"},\"potentialAction\":[{\"@type\":\"SearchAction\",\"target\":{\"@type\":\"EntryPoint\",\"urlTemplate\":\"https:\/\/www.marmarastudentcongress.com\/?s={search_term_string}\"},\"query-input\":{\"@type\":\"PropertyValueSpecification\",\"valueRequired\":true,\"valueName\":\"search_term_string\"}}],\"inLanguage\":\"en-US\"},{\"@type\":\"Organization\",\"@id\":\"https:\/\/www.marmarastudentcongress.com\/#organization\",\"name\":\"MaSCo 2026\",\"url\":\"https:\/\/www.marmarastudentcongress.com\/\",\"logo\":{\"@type\":\"ImageObject\",\"inLanguage\":\"en-US\",\"@id\":\"https:\/\/www.marmarastudentcongress.com\/#\/schema\/logo\/image\/\",\"url\":\"https:\/\/www.marmarastudentcongress.com\/wp-content\/uploads\/2025\/05\/cropped-cropped-MaSCo-Logo.png\",\"contentUrl\":\"https:\/\/www.marmarastudentcongress.com\/wp-content\/uploads\/2025\/05\/cropped-cropped-MaSCo-Logo.png\",\"width\":150,\"height\":75,\"caption\":\"MaSCo 2026\"},\"image\":{\"@id\":\"https:\/\/www.marmarastudentcongress.com\/#\/schema\/logo\/image\/\"}}]}<\/script>\n<!-- \/ Yoast SEO plugin. -->","yoast_head_json":{"title":"MaSCo'da Dereceye Giren \u00c7al\u0131\u015fmalar - MaSCo 2026","robots":{"index":"index","follow":"follow","max-snippet":"max-snippet:-1","max-image-preview":"max-image-preview:large","max-video-preview":"max-video-preview:-1"},"canonical":"https:\/\/www.marmarastudentcongress.com\/en\/mascoda-dereceye-giren-calismalar\/","og_locale":"en_US","og_type":"article","og_title":"MaSCo'da Dereceye Giren \u00c7al\u0131\u015fmalar - MaSCo 2026","og_url":"https:\/\/www.marmarastudentcongress.com\/en\/mascoda-dereceye-giren-calismalar\/","og_site_name":"MaSCo 2026","article_modified_time":"2025-11-16T14:36:58+00:00","og_image":[{"width":1563,"height":1563,"url":"https:\/\/www.marmarastudentcongress.com\/wp-content\/uploads\/2025\/10\/Tacli-Logo.png","type":"image\/png"}],"twitter_card":"summary_large_image","twitter_misc":{"Est. reading time":"2 minutes"},"schema":{"@context":"https:\/\/schema.org","@graph":[{"@type":"WebPage","@id":"https:\/\/www.marmarastudentcongress.com\/mascoda-dereceye-giren-calismalar\/","url":"https:\/\/www.marmarastudentcongress.com\/mascoda-dereceye-giren-calismalar\/","name":"MaSCo'da Dereceye Giren \u00c7al\u0131\u015fmalar - MaSCo 2026","isPartOf":{"@id":"https:\/\/www.marmarastudentcongress.com\/#website"},"primaryImageOfPage":{"@id":"https:\/\/www.marmarastudentcongress.com\/mascoda-dereceye-giren-calismalar\/#primaryimage"},"image":{"@id":"https:\/\/www.marmarastudentcongress.com\/mascoda-dereceye-giren-calismalar\/#primaryimage"},"thumbnailUrl":"https:\/\/www.marmarastudentcongress.com\/wp-content\/uploads\/2025\/10\/Tacli-Logo-300x300.png","datePublished":"2025-10-28T08:55:48+00:00","dateModified":"2025-11-16T14:36:58+00:00","breadcrumb":{"@id":"https:\/\/www.marmarastudentcongress.com\/mascoda-dereceye-giren-calismalar\/#breadcrumb"},"inLanguage":"en-US","potentialAction":[{"@type":"ReadAction","target":["https:\/\/www.marmarastudentcongress.com\/mascoda-dereceye-giren-calismalar\/"]}]},{"@type":"ImageObject","inLanguage":"en-US","@id":"https:\/\/www.marmarastudentcongress.com\/mascoda-dereceye-giren-calismalar\/#primaryimage","url":"https:\/\/www.marmarastudentcongress.com\/wp-content\/uploads\/2025\/10\/Tacli-Logo-300x300.png","contentUrl":"https:\/\/www.marmarastudentcongress.com\/wp-content\/uploads\/2025\/10\/Tacli-Logo-300x300.png"},{"@type":"BreadcrumbList","@id":"https:\/\/www.marmarastudentcongress.com\/mascoda-dereceye-giren-calismalar\/#breadcrumb","itemListElement":[{"@type":"ListItem","position":1,"name":"Anasayfa","item":"https:\/\/www.marmarastudentcongress.com\/"},{"@type":"ListItem","position":2,"name":"MaSCo&#8217;da Dereceye Giren \u00c7al\u0131\u015fmalar"}]},{"@type":"WebSite","@id":"https:\/\/www.marmarastudentcongress.com\/#website","url":"https:\/\/www.marmarastudentcongress.com\/","name":"MaSCo 2026","description":"Marmara Student Congress","publisher":{"@id":"https:\/\/www.marmarastudentcongress.com\/#organization"},"potentialAction":[{"@type":"SearchAction","target":{"@type":"EntryPoint","urlTemplate":"https:\/\/www.marmarastudentcongress.com\/?s={search_term_string}"},"query-input":{"@type":"PropertyValueSpecification","valueRequired":true,"valueName":"search_term_string"}}],"inLanguage":"en-US"},{"@type":"Organization","@id":"https:\/\/www.marmarastudentcongress.com\/#organization","name":"MaSCo 2026","url":"https:\/\/www.marmarastudentcongress.com\/","logo":{"@type":"ImageObject","inLanguage":"en-US","@id":"https:\/\/www.marmarastudentcongress.com\/#\/schema\/logo\/image\/","url":"https:\/\/www.marmarastudentcongress.com\/wp-content\/uploads\/2025\/05\/cropped-cropped-MaSCo-Logo.png","contentUrl":"https:\/\/www.marmarastudentcongress.com\/wp-content\/uploads\/2025\/05\/cropped-cropped-MaSCo-Logo.png","width":150,"height":75,"caption":"MaSCo 2026"},"image":{"@id":"https:\/\/www.marmarastudentcongress.com\/#\/schema\/logo\/image\/"}}]}},"_links":{"self":[{"href":"https:\/\/www.marmarastudentcongress.com\/en\/wp-json\/wp\/v2\/pages\/3402","targetHints":{"allow":["GET"]}}],"collection":[{"href":"https:\/\/www.marmarastudentcongress.com\/en\/wp-json\/wp\/v2\/pages"}],"about":[{"href":"https:\/\/www.marmarastudentcongress.com\/en\/wp-json\/wp\/v2\/types\/page"}],"author":[{"embeddable":true,"href":"https:\/\/www.marmarastudentcongress.com\/en\/wp-json\/wp\/v2\/users\/1728"}],"replies":[{"embeddable":true,"href":"https:\/\/www.marmarastudentcongress.com\/en\/wp-json\/wp\/v2\/comments?post=3402"}],"version-history":[{"count":0,"href":"https:\/\/www.marmarastudentcongress.com\/en\/wp-json\/wp\/v2\/pages\/3402\/revisions"}],"wp:attachment":[{"href":"https:\/\/www.marmarastudentcongress.com\/en\/wp-json\/wp\/v2\/media?parent=3402"}],"curies":[{"name":"wp","href":"https:\/\/api.w.org\/{rel}","templated":true}]}}