

{"id":3168,"date":"2025-05-11T00:40:57","date_gmt":"2025-05-10T21:40:57","guid":{"rendered":"https:\/\/www.marmarastudentcongress.com\/?page_id=3168"},"modified":"2026-04-19T15:13:34","modified_gmt":"2026-04-19T12:13:34","slug":"sosyal-program","status":"publish","type":"page","link":"https:\/\/www.marmarastudentcongress.com\/en\/sosyal-program\/","title":{"rendered":"Gala and Party"},"content":{"rendered":"<div class=\"vc_row wpb_row vc_row-fluid\"><div class=\"wpb_column vc_column_container vc_col-sm-12\"><div class=\"vc_column-inner\"><div class=\"wpb_wrapper\">\n\t<div class=\"wpb_text_column wpb_content_element\" >\n\t\t<div class=\"wpb_wrapper\">\n\t\t\t<p><em>This year, as the MaSCo\u201926 family, we are delighted to be organizing the 26th edition of our congress! With our esteemed speakers and engaging workshops, we look forward to an enjoyable and enriching experience, which we will crown with our gala dinner. Nagehan, offering a breathtaking panoramic view of Istanbul, will host our gala dinner.<\/em><\/p>\n<p><em>You\u2019re in the perfect place to have fun after the congress! An amazing boat tour will take place, starting from Kad\u0131k\u00f6y and continuing all the way to Arnavutk\u00f6y Pier! After the boat tour, a unique party accompanied by DJs will be held at Galium in Kuru\u00e7e\u015fme. Snacks and alcoholic beverages will be available at the venue. <\/em>(Our capacity is limited to 230 people.)<\/p>\n\n\t\t<\/div>\n\t<\/div>\n<\/div><\/div><\/div><\/div><div class=\"vc_row wpb_row vc_row-fluid\"><div class=\"wpb_column vc_column_container vc_col-sm-12\"><div class=\"vc_column-inner\"><div class=\"wpb_wrapper\"><div class=\"wpb_gallery wpb_content_element vc_clearfix\" ><div class=\"wpb_wrapper\"><div class=\"wpb_gallery_slides wpb_flexslider flexslider_fade flexslider\" data-interval=\"5\" data-flex_fx=\"fade\"><ul class=\"slides\"><li><a href=\"https:\/\/www.marmarastudentcongress.com\/wp-content\/uploads\/2026\/04\/WhatsApp-Image-2026-04-08-at-17.24.08-1024x683.jpeg\" target=\"_self\"><img loading=\"lazy\" decoding=\"async\" width=\"2048\" height=\"1366\" src=\"https:\/\/www.marmarastudentcongress.com\/wp-content\/uploads\/2026\/04\/WhatsApp-Image-2026-04-08-at-17.24.08.jpeg\" class=\"attachment-full\" alt=\"\" srcset=\"https:\/\/www.marmarastudentcongress.com\/wp-content\/uploads\/2026\/04\/WhatsApp-Image-2026-04-08-at-17.24.08.jpeg 2048w, https:\/\/www.marmarastudentcongress.com\/wp-content\/uploads\/2026\/04\/WhatsApp-Image-2026-04-08-at-17.24.08-300x200.jpeg 300w, https:\/\/www.marmarastudentcongress.com\/wp-content\/uploads\/2026\/04\/WhatsApp-Image-2026-04-08-at-17.24.08-1024x683.jpeg 1024w, https:\/\/www.marmarastudentcongress.com\/wp-content\/uploads\/2026\/04\/WhatsApp-Image-2026-04-08-at-17.24.08-768x512.jpeg 768w, https:\/\/www.marmarastudentcongress.com\/wp-content\/uploads\/2026\/04\/WhatsApp-Image-2026-04-08-at-17.24.08-1536x1025.jpeg 1536w, https:\/\/www.marmarastudentcongress.com\/wp-content\/uploads\/2026\/04\/WhatsApp-Image-2026-04-08-at-17.24.08-18x12.jpeg 18w\" sizes=\"auto, (max-width: 2048px) 100vw, 2048px\" \/><\/a><\/li><li><a href=\"https:\/\/www.marmarastudentcongress.com\/wp-content\/uploads\/2026\/04\/WhatsApp-Image-2026-04-19-at-14.52.55-768x1024.jpeg\" target=\"_self\"><img loading=\"lazy\" decoding=\"async\" width=\"1200\" height=\"1600\" src=\"https:\/\/www.marmarastudentcongress.com\/wp-content\/uploads\/2026\/04\/WhatsApp-Image-2026-04-19-at-14.52.55.jpeg\" class=\"attachment-full\" alt=\"\" srcset=\"https:\/\/www.marmarastudentcongress.com\/wp-content\/uploads\/2026\/04\/WhatsApp-Image-2026-04-19-at-14.52.55.jpeg 1200w, https:\/\/www.marmarastudentcongress.com\/wp-content\/uploads\/2026\/04\/WhatsApp-Image-2026-04-19-at-14.52.55-225x300.jpeg 225w, https:\/\/www.marmarastudentcongress.com\/wp-content\/uploads\/2026\/04\/WhatsApp-Image-2026-04-19-at-14.52.55-768x1024.jpeg 768w, https:\/\/www.marmarastudentcongress.com\/wp-content\/uploads\/2026\/04\/WhatsApp-Image-2026-04-19-at-14.52.55-1152x1536.jpeg 1152w, https:\/\/www.marmarastudentcongress.com\/wp-content\/uploads\/2026\/04\/WhatsApp-Image-2026-04-19-at-14.52.55-9x12.jpeg 9w\" sizes=\"auto, (max-width: 1200px) 100vw, 1200px\" \/><\/a><\/li><li><a href=\"https:\/\/www.marmarastudentcongress.com\/wp-content\/uploads\/2026\/04\/WhatsApp-Image-2026-04-19-at-14.52.26-797x1024.jpeg\" target=\"_self\"><img loading=\"lazy\" decoding=\"async\" width=\"1244\" height=\"1599\" src=\"https:\/\/www.marmarastudentcongress.com\/wp-content\/uploads\/2026\/04\/WhatsApp-Image-2026-04-19-at-14.52.26.jpeg\" class=\"attachment-full\" alt=\"\" srcset=\"https:\/\/www.marmarastudentcongress.com\/wp-content\/uploads\/2026\/04\/WhatsApp-Image-2026-04-19-at-14.52.26.jpeg 1244w, https:\/\/www.marmarastudentcongress.com\/wp-content\/uploads\/2026\/04\/WhatsApp-Image-2026-04-19-at-14.52.26-233x300.jpeg 233w, https:\/\/www.marmarastudentcongress.com\/wp-content\/uploads\/2026\/04\/WhatsApp-Image-2026-04-19-at-14.52.26-797x1024.jpeg 797w, https:\/\/www.marmarastudentcongress.com\/wp-content\/uploads\/2026\/04\/WhatsApp-Image-2026-04-19-at-14.52.26-768x987.jpeg 768w, https:\/\/www.marmarastudentcongress.com\/wp-content\/uploads\/2026\/04\/WhatsApp-Image-2026-04-19-at-14.52.26-1195x1536.jpeg 1195w, https:\/\/www.marmarastudentcongress.com\/wp-content\/uploads\/2026\/04\/WhatsApp-Image-2026-04-19-at-14.52.26-9x12.jpeg 9w\" sizes=\"auto, (max-width: 1244px) 100vw, 1244px\" \/><\/a><\/li><li><a href=\"https:\/\/www.marmarastudentcongress.com\/wp-content\/uploads\/2026\/04\/WhatsApp-Image-2026-04-19-at-15.10.08-1024x768.jpeg\" target=\"_self\"><img loading=\"lazy\" decoding=\"async\" width=\"1200\" height=\"900\" src=\"https:\/\/www.marmarastudentcongress.com\/wp-content\/uploads\/2026\/04\/WhatsApp-Image-2026-04-19-at-15.10.08.jpeg\" class=\"attachment-full\" alt=\"\" srcset=\"https:\/\/www.marmarastudentcongress.com\/wp-content\/uploads\/2026\/04\/WhatsApp-Image-2026-04-19-at-15.10.08.jpeg 1200w, https:\/\/www.marmarastudentcongress.com\/wp-content\/uploads\/2026\/04\/WhatsApp-Image-2026-04-19-at-15.10.08-300x225.jpeg 300w, https:\/\/www.marmarastudentcongress.com\/wp-content\/uploads\/2026\/04\/WhatsApp-Image-2026-04-19-at-15.10.08-1024x768.jpeg 1024w, https:\/\/www.marmarastudentcongress.com\/wp-content\/uploads\/2026\/04\/WhatsApp-Image-2026-04-19-at-15.10.08-768x576.jpeg 768w, https:\/\/www.marmarastudentcongress.com\/wp-content\/uploads\/2026\/04\/WhatsApp-Image-2026-04-19-at-15.10.08-16x12.jpeg 16w\" sizes=\"auto, (max-width: 1200px) 100vw, 1200px\" \/><\/a><\/li><\/ul><\/div><\/div><\/div><\/div><\/div><\/div><\/div>","protected":false},"excerpt":{"rendered":"Bu y\u0131l, MaSCo\u201926 ailesi olarak kongremizin 26'nc\u0131s\u0131n\u0131 d\u00fczenliyor olman\u0131n mutlulu\u011funu ya\u015f\u0131yoruz! De\u011ferli konu\u015fmac\u0131lar\u0131m\u0131z ve e\u011flenceli at\u00f6lyelerimizle keyifli vakitler ge\u00e7irece\u011fimiz kongremizi gala yeme\u011fimizle ta\u00e7land\u0131raca\u011f\u0131z. M\u00fckemmel manzaras\u0131yla \u0130stanbul\u2019u ayaklar alt\u0131na seren Nagehan, gala yeme\u011fimize ev sahipli\u011fi yapacak. Kongre sonras\u0131nda e\u011flenmek i\u00e7in en do\u011fru adrestesiniz! Kad\u0131k\u00f6y\u2019den ba\u015flayarak Arnavutk\u00f6y iskelesine kadar s\u00fcrecek harika bir tekne turu ger\u00e7ekle\u015fecek! Tekne turunun [...]","protected":false},"author":1251,"featured_media":0,"parent":0,"menu_order":0,"comment_status":"closed","ping_status":"closed","template":"","meta":{"footnotes":""},"class_list":["post-3168","page","type-page","status-publish","hentry"],"yoast_head":"<!-- This site is optimized with the Yoast SEO plugin v25.5 - https:\/\/yoast.com\/wordpress\/plugins\/seo\/ -->\n<title>Gala ve Parti - MaSCo 2026<\/title>\n<meta name=\"robots\" content=\"index, follow, max-snippet:-1, max-image-preview:large, max-video-preview:-1\" \/>\n<link rel=\"canonical\" href=\"https:\/\/www.marmarastudentcongress.com\/en\/sosyal-program\/\" \/>\n<meta property=\"og:locale\" content=\"en_US\" \/>\n<meta property=\"og:type\" content=\"article\" \/>\n<meta property=\"og:title\" content=\"Gala ve Parti - MaSCo 2026\" \/>\n<meta property=\"og:url\" content=\"https:\/\/www.marmarastudentcongress.com\/en\/sosyal-program\/\" \/>\n<meta property=\"og:site_name\" content=\"MaSCo 2026\" \/>\n<meta property=\"article:modified_time\" content=\"2026-04-19T12:13:34+00:00\" \/>\n<meta property=\"og:image\" content=\"https:\/\/www.marmarastudentcongress.com\/wp-content\/uploads\/2022\/03\/pl.jpg\" \/>\n\t<meta property=\"og:image:width\" content=\"200\" \/>\n\t<meta property=\"og:image:height\" content=\"200\" \/>\n\t<meta property=\"og:image:type\" content=\"image\/jpeg\" \/>\n<meta name=\"twitter:card\" content=\"summary_large_image\" \/>\n<meta name=\"twitter:label1\" content=\"Est. reading time\" \/>\n\t<meta name=\"twitter:data1\" content=\"2 minutes\" \/>\n<script type=\"application\/ld+json\" class=\"yoast-schema-graph\">{\"@context\":\"https:\/\/schema.org\",\"@graph\":[{\"@type\":\"WebPage\",\"@id\":\"https:\/\/www.marmarastudentcongress.com\/sosyal-program\/\",\"url\":\"https:\/\/www.marmarastudentcongress.com\/sosyal-program\/\",\"name\":\"Gala ve Parti - MaSCo 2026\",\"isPartOf\":{\"@id\":\"https:\/\/www.marmarastudentcongress.com\/#website\"},\"datePublished\":\"2025-05-10T21:40:57+00:00\",\"dateModified\":\"2026-04-19T12:13:34+00:00\",\"breadcrumb\":{\"@id\":\"https:\/\/www.marmarastudentcongress.com\/sosyal-program\/#breadcrumb\"},\"inLanguage\":\"en-US\",\"potentialAction\":[{\"@type\":\"ReadAction\",\"target\":[\"https:\/\/www.marmarastudentcongress.com\/sosyal-program\/\"]}]},{\"@type\":\"BreadcrumbList\",\"@id\":\"https:\/\/www.marmarastudentcongress.com\/sosyal-program\/#breadcrumb\",\"itemListElement\":[{\"@type\":\"ListItem\",\"position\":1,\"name\":\"Anasayfa\",\"item\":\"https:\/\/www.marmarastudentcongress.com\/\"},{\"@type\":\"ListItem\",\"position\":2,\"name\":\"Gala ve Parti\"}]},{\"@type\":\"WebSite\",\"@id\":\"https:\/\/www.marmarastudentcongress.com\/#website\",\"url\":\"https:\/\/www.marmarastudentcongress.com\/\",\"name\":\"MaSCo 2026\",\"description\":\"Marmara Student Congress\",\"publisher\":{\"@id\":\"https:\/\/www.marmarastudentcongress.com\/#organization\"},\"potentialAction\":[{\"@type\":\"SearchAction\",\"target\":{\"@type\":\"EntryPoint\",\"urlTemplate\":\"https:\/\/www.marmarastudentcongress.com\/?s={search_term_string}\"},\"query-input\":{\"@type\":\"PropertyValueSpecification\",\"valueRequired\":true,\"valueName\":\"search_term_string\"}}],\"inLanguage\":\"en-US\"},{\"@type\":\"Organization\",\"@id\":\"https:\/\/www.marmarastudentcongress.com\/#organization\",\"name\":\"MaSCo 2026\",\"url\":\"https:\/\/www.marmarastudentcongress.com\/\",\"logo\":{\"@type\":\"ImageObject\",\"inLanguage\":\"en-US\",\"@id\":\"https:\/\/www.marmarastudentcongress.com\/#\/schema\/logo\/image\/\",\"url\":\"https:\/\/www.marmarastudentcongress.com\/wp-content\/uploads\/2025\/05\/cropped-cropped-MaSCo-Logo.png\",\"contentUrl\":\"https:\/\/www.marmarastudentcongress.com\/wp-content\/uploads\/2025\/05\/cropped-cropped-MaSCo-Logo.png\",\"width\":150,\"height\":75,\"caption\":\"MaSCo 2026\"},\"image\":{\"@id\":\"https:\/\/www.marmarastudentcongress.com\/#\/schema\/logo\/image\/\"}}]}<\/script>\n<!-- \/ Yoast SEO plugin. -->","yoast_head_json":{"title":"Gala ve Parti - MaSCo 2026","robots":{"index":"index","follow":"follow","max-snippet":"max-snippet:-1","max-image-preview":"max-image-preview:large","max-video-preview":"max-video-preview:-1"},"canonical":"https:\/\/www.marmarastudentcongress.com\/en\/sosyal-program\/","og_locale":"en_US","og_type":"article","og_title":"Gala ve Parti - MaSCo 2026","og_url":"https:\/\/www.marmarastudentcongress.com\/en\/sosyal-program\/","og_site_name":"MaSCo 2026","article_modified_time":"2026-04-19T12:13:34+00:00","og_image":[{"width":200,"height":200,"url":"https:\/\/www.marmarastudentcongress.com\/wp-content\/uploads\/2022\/03\/pl.jpg","type":"image\/jpeg"}],"twitter_card":"summary_large_image","twitter_misc":{"Est. reading time":"2 minutes"},"schema":{"@context":"https:\/\/schema.org","@graph":[{"@type":"WebPage","@id":"https:\/\/www.marmarastudentcongress.com\/sosyal-program\/","url":"https:\/\/www.marmarastudentcongress.com\/sosyal-program\/","name":"Gala ve Parti - MaSCo 2026","isPartOf":{"@id":"https:\/\/www.marmarastudentcongress.com\/#website"},"datePublished":"2025-05-10T21:40:57+00:00","dateModified":"2026-04-19T12:13:34+00:00","breadcrumb":{"@id":"https:\/\/www.marmarastudentcongress.com\/sosyal-program\/#breadcrumb"},"inLanguage":"en-US","potentialAction":[{"@type":"ReadAction","target":["https:\/\/www.marmarastudentcongress.com\/sosyal-program\/"]}]},{"@type":"BreadcrumbList","@id":"https:\/\/www.marmarastudentcongress.com\/sosyal-program\/#breadcrumb","itemListElement":[{"@type":"ListItem","position":1,"name":"Anasayfa","item":"https:\/\/www.marmarastudentcongress.com\/"},{"@type":"ListItem","position":2,"name":"Gala ve Parti"}]},{"@type":"WebSite","@id":"https:\/\/www.marmarastudentcongress.com\/#website","url":"https:\/\/www.marmarastudentcongress.com\/","name":"MaSCo 2026","description":"Marmara Student Congress","publisher":{"@id":"https:\/\/www.marmarastudentcongress.com\/#organization"},"potentialAction":[{"@type":"SearchAction","target":{"@type":"EntryPoint","urlTemplate":"https:\/\/www.marmarastudentcongress.com\/?s={search_term_string}"},"query-input":{"@type":"PropertyValueSpecification","valueRequired":true,"valueName":"search_term_string"}}],"inLanguage":"en-US"},{"@type":"Organization","@id":"https:\/\/www.marmarastudentcongress.com\/#organization","name":"MaSCo 2026","url":"https:\/\/www.marmarastudentcongress.com\/","logo":{"@type":"ImageObject","inLanguage":"en-US","@id":"https:\/\/www.marmarastudentcongress.com\/#\/schema\/logo\/image\/","url":"https:\/\/www.marmarastudentcongress.com\/wp-content\/uploads\/2025\/05\/cropped-cropped-MaSCo-Logo.png","contentUrl":"https:\/\/www.marmarastudentcongress.com\/wp-content\/uploads\/2025\/05\/cropped-cropped-MaSCo-Logo.png","width":150,"height":75,"caption":"MaSCo 2026"},"image":{"@id":"https:\/\/www.marmarastudentcongress.com\/#\/schema\/logo\/image\/"}}]}},"_links":{"self":[{"href":"https:\/\/www.marmarastudentcongress.com\/en\/wp-json\/wp\/v2\/pages\/3168","targetHints":{"allow":["GET"]}}],"collection":[{"href":"https:\/\/www.marmarastudentcongress.com\/en\/wp-json\/wp\/v2\/pages"}],"about":[{"href":"https:\/\/www.marmarastudentcongress.com\/en\/wp-json\/wp\/v2\/types\/page"}],"author":[{"embeddable":true,"href":"https:\/\/www.marmarastudentcongress.com\/en\/wp-json\/wp\/v2\/users\/1251"}],"replies":[{"embeddable":true,"href":"https:\/\/www.marmarastudentcongress.com\/en\/wp-json\/wp\/v2\/comments?post=3168"}],"version-history":[{"count":0,"href":"https:\/\/www.marmarastudentcongress.com\/en\/wp-json\/wp\/v2\/pages\/3168\/revisions"}],"wp:attachment":[{"href":"https:\/\/www.marmarastudentcongress.com\/en\/wp-json\/wp\/v2\/media?parent=3168"}],"curies":[{"name":"wp","href":"https:\/\/api.w.org\/{rel}","templated":true}]}}