

{"id":3137,"date":"2025-05-06T15:21:11","date_gmt":"2025-05-06T12:21:11","guid":{"rendered":"https:\/\/www.marmarastudentcongress.com\/?page_id=3137"},"modified":"2026-04-19T18:53:04","modified_gmt":"2026-04-19T15:53:04","slug":"masco-2026-konusmacilari","status":"publish","type":"page","link":"https:\/\/www.marmarastudentcongress.com\/en\/masco-2026-konusmacilari\/","title":{"rendered":"Speakers"},"content":{"rendered":"<div class=\"vc_row wpb_row vc_row-fluid\"><div class=\"wpb_column vc_column_container vc_col-sm-12\"><div class=\"vc_column-inner\"><div class=\"wpb_wrapper\">\n\t<div class=\"wpb_text_column wpb_content_element\" >\n\t\t<div class=\"wpb_wrapper\">\n\t\t\t<h1 style=\"text-align: center;\"><strong><span style=\"color: #800000;\">\u00a0 \u00a0<span style=\"color: #ff0000;\">MaSCo&#8217;26 <\/span><\/span><\/strong><strong><span style=\"color: #800000;\"><span style=\"color: #ff0000;\">Konu\u015fmac\u0131lar\u0131<\/span><\/span><\/strong><\/h1>\n\n\t\t<\/div>\n\t<\/div>\n<div class=\"vc_separator wpb_content_element vc_separator_align_center vc_sep_width_100 vc_sep_pos_align_center vc_separator_no_text vc_sep_color_grey\" ><span class=\"vc_sep_holder vc_sep_holder_l\"><span  class=\"vc_sep_line\"><\/span><\/span><span class=\"vc_sep_holder vc_sep_holder_r\"><span  class=\"vc_sep_line\"><\/span><\/span>\n<\/div><\/div><\/div><\/div><\/div><div class=\"vc_row wpb_row vc_row-fluid\"><div class=\"wpb_column vc_column_container vc_col-sm-12\"><div class=\"vc_column-inner\"><div class=\"wpb_wrapper\">\n\t<div class=\"wpb_text_column wpb_content_element\" >\n\t\t<div class=\"wpb_wrapper\">\n\t\t\t<h3 style=\"text-align: center;\"><span style=\"color: #800000;\"><strong>Kanserin Sinirsel \u00d6zellikleri: <\/strong><\/span><\/h3>\n<h3 style=\"text-align: center;\"><span style=\"color: #800000;\"><strong>Onkolojide Yeni Bir Konsept ve Potansiyel<\/strong><\/span><\/h3>\n\n\t\t<\/div>\n\t<\/div>\n\n\t<div  class=\"wpb_single_image wpb_content_element vc_align_center\">\n\t\t\n\t\t<figure class=\"wpb_wrapper vc_figure\">\n\t\t\t<div class=\"vc_single_image-wrapper   vc_box_border_grey\"><img loading=\"lazy\" decoding=\"async\" width=\"300\" height=\"300\" src=\"https:\/\/www.marmarastudentcongress.com\/wp-content\/uploads\/2026\/04\/Mustafa-Djamgoz-300x300.jpg\" class=\"vc_single_image-img attachment-medium\" alt=\"\" srcset=\"https:\/\/www.marmarastudentcongress.com\/wp-content\/uploads\/2026\/04\/Mustafa-Djamgoz-300x300.jpg 300w, https:\/\/www.marmarastudentcongress.com\/wp-content\/uploads\/2026\/04\/Mustafa-Djamgoz-1024x1024.jpg 1024w, https:\/\/www.marmarastudentcongress.com\/wp-content\/uploads\/2026\/04\/Mustafa-Djamgoz-150x150.jpg 150w, https:\/\/www.marmarastudentcongress.com\/wp-content\/uploads\/2026\/04\/Mustafa-Djamgoz-768x768.jpg 768w, https:\/\/www.marmarastudentcongress.com\/wp-content\/uploads\/2026\/04\/Mustafa-Djamgoz-1536x1536.jpg 1536w, https:\/\/www.marmarastudentcongress.com\/wp-content\/uploads\/2026\/04\/Mustafa-Djamgoz-12x12.jpg 12w, https:\/\/www.marmarastudentcongress.com\/wp-content\/uploads\/2026\/04\/Mustafa-Djamgoz.jpg 1703w\" sizes=\"auto, (max-width: 300px) 100vw, 300px\" \/><\/div>\n\t\t<\/figure>\n\t<\/div>\n\n\t<div class=\"wpb_text_column wpb_content_element\" >\n\t\t<div class=\"wpb_wrapper\">\n\t\t\t<h4 style=\"text-align: center;\"><a href=\"https:\/\/www.marmarastudentcongress.com\/en\/prof-dr-mustafa-djamgoz-phd\/\"><span style=\"color: #003366;\">Prof. Dr. Mustafa Djamg\u00f6z, PhD<\/span><\/a><\/h4>\n\n\t\t<\/div>\n\t<\/div>\n<div class=\"vc_separator wpb_content_element vc_separator_align_center vc_sep_width_100 vc_sep_pos_align_center vc_separator_no_text vc_sep_color_grey\" ><span class=\"vc_sep_holder vc_sep_holder_l\"><span  class=\"vc_sep_line\"><\/span><\/span><span class=\"vc_sep_holder vc_sep_holder_r\"><span  class=\"vc_sep_line\"><\/span><\/span>\n<\/div>\n\t<div class=\"wpb_text_column wpb_content_element\" >\n\t\t<div class=\"wpb_wrapper\">\n\t\t\t<h3 style=\"text-align: center;\"><strong><span style=\"color: #800000;\">Tan\u0131s\u0131z \u00c7ocuk Kalmas\u0131n: <\/span><\/strong><\/h3>\n<h3 style=\"text-align: center;\"><strong><span style=\"color: #800000;\">ACURARE ve \u0130stanbul Tan\u0131s\u0131z Hasta Program\u0131 (UDP-\u0130ST)<\/span><\/strong><\/h3>\n<h3 style=\"text-align: center;\"><\/h3>\n\n\t\t<\/div>\n\t<\/div>\n\n\t<div  class=\"wpb_single_image wpb_content_element vc_align_center\">\n\t\t\n\t\t<figure class=\"wpb_wrapper vc_figure\">\n\t\t\t<div class=\"vc_single_image-wrapper   vc_box_border_grey\"><img loading=\"lazy\" decoding=\"async\" width=\"300\" height=\"300\" src=\"https:\/\/www.marmarastudentcongress.com\/wp-content\/uploads\/2026\/04\/yasemin-alanay-banner-300x300.png\" class=\"vc_single_image-img attachment-medium\" alt=\"\" srcset=\"https:\/\/www.marmarastudentcongress.com\/wp-content\/uploads\/2026\/04\/yasemin-alanay-banner-300x300.png 300w, https:\/\/www.marmarastudentcongress.com\/wp-content\/uploads\/2026\/04\/yasemin-alanay-banner-150x150.png 150w, https:\/\/www.marmarastudentcongress.com\/wp-content\/uploads\/2026\/04\/yasemin-alanay-banner-12x12.png 12w, https:\/\/www.marmarastudentcongress.com\/wp-content\/uploads\/2026\/04\/yasemin-alanay-banner.png 460w\" sizes=\"auto, (max-width: 300px) 100vw, 300px\" \/><\/div>\n\t\t<\/figure>\n\t<\/div>\n<\/div><\/div><\/div><div class=\"wpb_column vc_column_container vc_col-sm-12\"><div class=\"vc_column-inner\"><div class=\"wpb_wrapper\">\n\t<div class=\"wpb_text_column wpb_content_element\" >\n\t\t<div class=\"wpb_wrapper\">\n\t\t\t<h4 style=\"text-align: center;\"><a href=\"https:\/\/www.marmarastudentcongress.com\/en\/prof-dr-yasemin-alanay-md-phd\/\"><span style=\"color: #003366;\">Prof. Dr. Yasemin Alanay, MD, PhD<\/span><\/a><\/h4>\n\n\t\t<\/div>\n\t<\/div>\n<\/div><\/div><\/div><\/div><div class=\"vc_row wpb_row vc_row-fluid\"><div class=\"wpb_column vc_column_container vc_col-sm-12\"><div class=\"vc_column-inner\"><div class=\"wpb_wrapper\"><div class=\"vc_separator wpb_content_element vc_separator_align_center vc_sep_width_100 vc_sep_pos_align_center vc_separator_no_text vc_sep_color_grey\" ><span class=\"vc_sep_holder vc_sep_holder_l\"><span  class=\"vc_sep_line\"><\/span><\/span><span class=\"vc_sep_holder vc_sep_holder_r\"><span  class=\"vc_sep_line\"><\/span><\/span>\n<\/div><\/div><\/div><\/div><\/div><div class=\"vc_row wpb_row vc_row-fluid\"><div class=\"wpb_column vc_column_container vc_col-sm-12\"><div class=\"vc_column-inner\"><div class=\"wpb_wrapper\">\n\t<div class=\"wpb_text_column wpb_content_element\" >\n\t\t<div class=\"wpb_wrapper\">\n\t\t\t<h3 style=\"text-align: center;\"><strong><span style=\"color: #800000;\">Kilo, Hormon ve \u00d6tesi: <\/span><\/strong><\/h3>\n<h3 style=\"text-align: center;\"><strong><span style=\"color: #800000;\">PKOS&#8217;un Metabolik Hikayesi<\/span><\/strong><\/h3>\n\n\t\t<\/div>\n\t<\/div>\n<\/div><\/div><\/div><\/div><div class=\"vc_row wpb_row vc_row-fluid\"><div class=\"wpb_column vc_column_container vc_col-sm-12\"><div class=\"vc_column-inner\"><div class=\"wpb_wrapper\">\n\t<div  class=\"wpb_single_image wpb_content_element vc_align_center\">\n\t\t\n\t\t<figure class=\"wpb_wrapper vc_figure\">\n\t\t\t<div class=\"vc_single_image-wrapper   vc_box_border_grey\"><img loading=\"lazy\" decoding=\"async\" width=\"300\" height=\"300\" src=\"https:\/\/www.marmarastudentcongress.com\/wp-content\/uploads\/2026\/04\/Okan-Bulent-Yildiz-300x300.jpg\" class=\"vc_single_image-img attachment-medium\" alt=\"\" srcset=\"https:\/\/www.marmarastudentcongress.com\/wp-content\/uploads\/2026\/04\/Okan-Bulent-Yildiz-300x300.jpg 300w, https:\/\/www.marmarastudentcongress.com\/wp-content\/uploads\/2026\/04\/Okan-Bulent-Yildiz-1024x1024.jpg 1024w, https:\/\/www.marmarastudentcongress.com\/wp-content\/uploads\/2026\/04\/Okan-Bulent-Yildiz-150x150.jpg 150w, https:\/\/www.marmarastudentcongress.com\/wp-content\/uploads\/2026\/04\/Okan-Bulent-Yildiz-768x768.jpg 768w, https:\/\/www.marmarastudentcongress.com\/wp-content\/uploads\/2026\/04\/Okan-Bulent-Yildiz-12x12.jpg 12w, https:\/\/www.marmarastudentcongress.com\/wp-content\/uploads\/2026\/04\/Okan-Bulent-Yildiz.jpg 1333w\" sizes=\"auto, (max-width: 300px) 100vw, 300px\" \/><\/div>\n\t\t<\/figure>\n\t<\/div>\n<\/div><\/div><\/div><\/div><div class=\"vc_row wpb_row vc_row-fluid\"><div class=\"wpb_column vc_column_container vc_col-sm-12\"><div class=\"vc_column-inner\"><div class=\"wpb_wrapper\">\n\t<div class=\"wpb_text_column wpb_content_element\" >\n\t\t<div class=\"wpb_wrapper\">\n\t\t\t<h4 style=\"text-align: center;\"><a href=\"https:\/\/www.marmarastudentcongress.com\/en\/prof-dr-okan-bulent-yildiz-md-phd\/\"><span style=\"color: #003366;\">Prof. Dr. Okan B\u00fclent Y\u0131ld\u0131z, MD, PhD<\/span><\/a><\/h4>\n\n\t\t<\/div>\n\t<\/div>\n<div class=\"vc_separator wpb_content_element vc_separator_align_center vc_sep_width_100 vc_sep_pos_align_center vc_separator_no_text vc_sep_color_grey\" ><span class=\"vc_sep_holder vc_sep_holder_l\"><span  class=\"vc_sep_line\"><\/span><\/span><span class=\"vc_sep_holder vc_sep_holder_r\"><span  class=\"vc_sep_line\"><\/span><\/span>\n<\/div><\/div><\/div><\/div><\/div><div class=\"vc_row wpb_row vc_row-fluid\"><div class=\"wpb_column vc_column_container vc_col-sm-12\"><div class=\"vc_column-inner\"><div class=\"wpb_wrapper\">\n\t<div class=\"wpb_text_column wpb_content_element\" >\n\t\t<div class=\"wpb_wrapper\">\n\t\t\t<h3 style=\"text-align: center;\"><strong><span style=\"color: #800000;\">Steteskop ve Strateji: <\/span><\/strong><\/h3>\n<h3 style=\"text-align: center;\"><strong><span style=\"color: #800000;\">T\u0131p Fak\u00fcltesinden TUS Ba\u015far\u0131s\u0131na<\/span><\/strong><\/h3>\n\n\t\t<\/div>\n\t<\/div>\n<\/div><\/div><\/div><\/div><div class=\"vc_row wpb_row vc_row-fluid\"><div class=\"wpb_column vc_column_container vc_col-sm-12\"><div class=\"vc_column-inner\"><div class=\"wpb_wrapper\">\n\t<div  class=\"wpb_single_image wpb_content_element vc_align_center\">\n\t\t\n\t\t<figure class=\"wpb_wrapper vc_figure\">\n\t\t\t<div class=\"vc_single_image-wrapper   vc_box_border_grey\"><img loading=\"lazy\" decoding=\"async\" width=\"300\" height=\"300\" src=\"https:\/\/www.marmarastudentcongress.com\/wp-content\/uploads\/2026\/04\/Atilla-Uslu-300x300.jpg\" class=\"vc_single_image-img attachment-medium\" alt=\"\" srcset=\"https:\/\/www.marmarastudentcongress.com\/wp-content\/uploads\/2026\/04\/Atilla-Uslu-300x300.jpg 300w, https:\/\/www.marmarastudentcongress.com\/wp-content\/uploads\/2026\/04\/Atilla-Uslu-150x150.jpg 150w, https:\/\/www.marmarastudentcongress.com\/wp-content\/uploads\/2026\/04\/Atilla-Uslu-768x768.jpg 768w, https:\/\/www.marmarastudentcongress.com\/wp-content\/uploads\/2026\/04\/Atilla-Uslu-12x12.jpg 12w, https:\/\/www.marmarastudentcongress.com\/wp-content\/uploads\/2026\/04\/Atilla-Uslu.jpg 900w\" sizes=\"auto, (max-width: 300px) 100vw, 300px\" \/><\/div>\n\t\t<\/figure>\n\t<\/div>\n<\/div><\/div><\/div><\/div><div class=\"vc_row wpb_row vc_row-fluid\"><div class=\"wpb_column vc_column_container vc_col-sm-12\"><div class=\"vc_column-inner\"><div class=\"wpb_wrapper\">\n\t<div class=\"wpb_text_column wpb_content_element\" >\n\t\t<div class=\"wpb_wrapper\">\n\t\t\t<h4 style=\"text-align: center;\"><a href=\"https:\/\/www.marmarastudentcongress.com\/en\/uzm-dr-atilla-uslu-md\/\"><span style=\"color: #003366;\">Uzm. Dr. Atilla Uslu, MD<\/span><\/a><\/h4>\n\n\t\t<\/div>\n\t<\/div>\n<div class=\"vc_separator wpb_content_element vc_separator_align_center vc_sep_width_100 vc_sep_pos_align_center vc_separator_no_text vc_sep_color_grey\" ><span class=\"vc_sep_holder vc_sep_holder_l\"><span  class=\"vc_sep_line\"><\/span><\/span><span class=\"vc_sep_holder vc_sep_holder_r\"><span  class=\"vc_sep_line\"><\/span><\/span>\n<\/div><\/div><\/div><\/div><\/div><div class=\"vc_row wpb_row vc_row-fluid\"><div class=\"wpb_column vc_column_container vc_col-sm-12\"><div class=\"vc_column-inner\"><div class=\"wpb_wrapper\">\n\t<div class=\"wpb_text_column wpb_content_element\" >\n\t\t<div class=\"wpb_wrapper\">\n\t\t\t<h3 style=\"text-align: center;\"><strong><span style=\"color: #800000;\">Karaci\u011fer Nakli: <\/span><\/strong><\/h3>\n<h3 style=\"text-align: center;\"><strong><span style=\"color: #800000;\">Cerrahi S\u00fcre\u00e7ten Organ Naklinin Gelece\u011fine<\/span><\/strong><\/h3>\n\n\t\t<\/div>\n\t<\/div>\n<\/div><\/div><\/div><\/div><div class=\"vc_row wpb_row vc_row-fluid\"><div class=\"wpb_column vc_column_container vc_col-sm-12\"><div class=\"vc_column-inner\"><div class=\"wpb_wrapper\">\n\t<div  class=\"wpb_single_image wpb_content_element vc_align_center\">\n\t\t\n\t\t<figure class=\"wpb_wrapper vc_figure\">\n\t\t\t<div class=\"vc_single_image-wrapper   vc_box_border_grey\"><img loading=\"lazy\" decoding=\"async\" width=\"300\" height=\"300\" src=\"https:\/\/www.marmarastudentcongress.com\/wp-content\/uploads\/2026\/04\/Ender-Dulundu-300x300.jpg\" class=\"vc_single_image-img attachment-medium\" alt=\"\" srcset=\"https:\/\/www.marmarastudentcongress.com\/wp-content\/uploads\/2026\/04\/Ender-Dulundu-300x300.jpg 300w, https:\/\/www.marmarastudentcongress.com\/wp-content\/uploads\/2026\/04\/Ender-Dulundu-150x150.jpg 150w, https:\/\/www.marmarastudentcongress.com\/wp-content\/uploads\/2026\/04\/Ender-Dulundu-12x12.jpg 12w, https:\/\/www.marmarastudentcongress.com\/wp-content\/uploads\/2026\/04\/Ender-Dulundu.jpg 750w\" sizes=\"auto, (max-width: 300px) 100vw, 300px\" \/><\/div>\n\t\t<\/figure>\n\t<\/div>\n<\/div><\/div><\/div><\/div><div class=\"vc_row wpb_row vc_row-fluid\"><div class=\"wpb_column vc_column_container vc_col-sm-12\"><div class=\"vc_column-inner\"><div class=\"wpb_wrapper\">\n\t<div class=\"wpb_text_column wpb_content_element\" >\n\t\t<div class=\"wpb_wrapper\">\n\t\t\t<h4 style=\"text-align: center;\"><a href=\"https:\/\/www.marmarastudentcongress.com\/en\/prof-dr-ender-dulundu-md\/\"><span style=\"color: #003366;\">Prof. Dr. Ender Dulundu, MD<\/span><\/a><\/h4>\n\n\t\t<\/div>\n\t<\/div>\n<div class=\"vc_separator wpb_content_element vc_separator_align_center vc_sep_width_100 vc_sep_pos_align_center vc_separator_no_text vc_sep_color_grey\" ><span class=\"vc_sep_holder vc_sep_holder_l\"><span  class=\"vc_sep_line\"><\/span><\/span><span class=\"vc_sep_holder vc_sep_holder_r\"><span  class=\"vc_sep_line\"><\/span><\/span>\n<\/div><\/div><\/div><\/div><\/div><div class=\"vc_row wpb_row vc_row-fluid\"><div class=\"wpb_column vc_column_container vc_col-sm-12\"><div class=\"vc_column-inner\"><div class=\"wpb_wrapper\">\n\t<div class=\"wpb_text_column wpb_content_element\" >\n\t\t<div class=\"wpb_wrapper\">\n\t\t\t<h3 style=\"text-align: center;\"><span style=\"color: #800000;\"><strong>Kurgudan Ger\u00e7e\u011fe: <\/strong><\/span><\/h3>\n<h3 style=\"text-align: center;\"><span style=\"color: #800000;\"><strong>Oyunculuk Penceresinden T\u0131p D\u00fcnyas\u0131n\u0131 Anlamak<\/strong><\/span><\/h3>\n\n\t\t<\/div>\n\t<\/div>\n<\/div><\/div><\/div><\/div><div class=\"vc_row wpb_row vc_row-fluid\"><div class=\"wpb_column vc_column_container vc_col-sm-12\"><div class=\"vc_column-inner\"><div class=\"wpb_wrapper\">\n\t<div  class=\"wpb_single_image wpb_content_element vc_align_center\">\n\t\t\n\t\t<figure class=\"wpb_wrapper vc_figure\">\n\t\t\t<div class=\"vc_single_image-wrapper   vc_box_border_grey\"><img loading=\"lazy\" decoding=\"async\" width=\"300\" height=\"300\" src=\"https:\/\/www.marmarastudentcongress.com\/wp-content\/uploads\/2026\/04\/Ecem-Ozkaya-300x300.webp\" class=\"vc_single_image-img attachment-medium\" alt=\"\" srcset=\"https:\/\/www.marmarastudentcongress.com\/wp-content\/uploads\/2026\/04\/Ecem-Ozkaya-300x300.webp 300w, https:\/\/www.marmarastudentcongress.com\/wp-content\/uploads\/2026\/04\/Ecem-Ozkaya-150x150.webp 150w, https:\/\/www.marmarastudentcongress.com\/wp-content\/uploads\/2026\/04\/Ecem-Ozkaya-768x768.webp 768w, https:\/\/www.marmarastudentcongress.com\/wp-content\/uploads\/2026\/04\/Ecem-Ozkaya-12x12.webp 12w, https:\/\/www.marmarastudentcongress.com\/wp-content\/uploads\/2026\/04\/Ecem-Ozkaya.webp 1000w\" sizes=\"auto, (max-width: 300px) 100vw, 300px\" \/><\/div>\n\t\t<\/figure>\n\t<\/div>\n<\/div><\/div><\/div><\/div><div class=\"vc_row wpb_row vc_row-fluid\"><div class=\"wpb_column vc_column_container vc_col-sm-12\"><div class=\"vc_column-inner\"><div class=\"wpb_wrapper\">\n\t<div class=\"wpb_text_column wpb_content_element\" >\n\t\t<div class=\"wpb_wrapper\">\n\t\t\t<h4 style=\"text-align: center;\"><a href=\"https:\/\/www.marmarastudentcongress.com\/en\/ecem-ozkaya-2\/\"><span style=\"color: #003366;\">Ecem \u00d6zkaya<\/span><\/a><\/h4>\n\n\t\t<\/div>\n\t<\/div>\n<div class=\"vc_separator wpb_content_element vc_separator_align_center vc_sep_width_100 vc_sep_pos_align_center vc_separator_no_text vc_sep_color_grey\" ><span class=\"vc_sep_holder vc_sep_holder_l\"><span  class=\"vc_sep_line\"><\/span><\/span><span class=\"vc_sep_holder vc_sep_holder_r\"><span  class=\"vc_sep_line\"><\/span><\/span>\n<\/div>\n\t<div class=\"wpb_text_column wpb_content_element\" >\n\t\t<div class=\"wpb_wrapper\">\n\t\t\t<h3 style=\"text-align: center;\"><span style=\"color: #800000;\"><strong>Beyaz \u00d6nl\u00fc\u011f\u00fcn \u00d6tesinde: <\/strong><\/span><\/h3>\n<h3 style=\"text-align: center;\"><span style=\"color: #800000;\"><strong>Zor \u015eartlarda Hekimlik Deneyimi<\/strong><\/span><\/h3>\n\n\t\t<\/div>\n\t<\/div>\n\n\t<div  class=\"wpb_single_image wpb_content_element vc_align_center\">\n\t\t\n\t\t<figure class=\"wpb_wrapper vc_figure\">\n\t\t\t<div class=\"vc_single_image-wrapper   vc_box_border_grey\"><img loading=\"lazy\" decoding=\"async\" width=\"300\" height=\"300\" src=\"https:\/\/www.marmarastudentcongress.com\/wp-content\/uploads\/2026\/04\/Metin-Kus-300x300.jpg\" class=\"vc_single_image-img attachment-medium\" alt=\"\" srcset=\"https:\/\/www.marmarastudentcongress.com\/wp-content\/uploads\/2026\/04\/Metin-Kus-300x300.jpg 300w, https:\/\/www.marmarastudentcongress.com\/wp-content\/uploads\/2026\/04\/Metin-Kus-150x150.jpg 150w, https:\/\/www.marmarastudentcongress.com\/wp-content\/uploads\/2026\/04\/Metin-Kus-12x12.jpg 12w, https:\/\/www.marmarastudentcongress.com\/wp-content\/uploads\/2026\/04\/Metin-Kus.jpg 334w\" sizes=\"auto, (max-width: 300px) 100vw, 300px\" \/><\/div>\n\t\t<\/figure>\n\t<\/div>\n\n\t<div class=\"wpb_text_column wpb_content_element\" >\n\t\t<div class=\"wpb_wrapper\">\n\t\t\t<h4 style=\"text-align: center;\"><a href=\"https:\/\/www.marmarastudentcongress.com\/en\/op-dr-metin-kus-md\/\"><span style=\"color: #003366;\">Op. Dr. Metin Ku\u015f, MD<\/span><\/a><\/h4>\n\n\t\t<\/div>\n\t<\/div>\n<div class=\"vc_separator wpb_content_element vc_separator_align_center vc_sep_width_100 vc_sep_pos_align_center vc_separator_no_text vc_sep_color_grey\" ><span class=\"vc_sep_holder vc_sep_holder_l\"><span  class=\"vc_sep_line\"><\/span><\/span><span class=\"vc_sep_holder vc_sep_holder_r\"><span  class=\"vc_sep_line\"><\/span><\/span>\n<\/div><\/div><\/div><\/div><\/div>","protected":false},"excerpt":{"rendered":"\u00a0 \u00a0MaSCo'26 Konu\u015fmac\u0131lar\u0131 Kanserin Sinirsel \u00d6zellikleri: Onkolojide Yeni Bir Konsept ve Potansiyel Prof. Dr. Mustafa Djamg\u00f6z, PhD Tan\u0131s\u0131z \u00c7ocuk Kalmas\u0131n: ACURARE ve \u0130stanbul Tan\u0131s\u0131z Hasta Program\u0131 (UDP-\u0130ST) Prof. Dr. Yasemin Alanay, MD, PhD Kilo, Hormon ve \u00d6tesi: PKOS'un Metabolik Hikayesi Prof. Dr. Okan B\u00fclent Y\u0131ld\u0131z, MD, PhD Steteskop ve Strateji: T\u0131p Fak\u00fcltesinden TUS Ba\u015far\u0131s\u0131na Uzm. [...]","protected":false},"author":1251,"featured_media":0,"parent":0,"menu_order":0,"comment_status":"closed","ping_status":"closed","template":"","meta":{"footnotes":""},"class_list":["post-3137","page","type-page","status-publish","hentry"],"yoast_head":"<!-- This site is optimized with the Yoast SEO plugin v25.5 - https:\/\/yoast.com\/wordpress\/plugins\/seo\/ -->\n<title>Konu\u015fmac\u0131lar - MaSCo 2026<\/title>\n<meta name=\"robots\" content=\"index, follow, max-snippet:-1, max-image-preview:large, max-video-preview:-1\" \/>\n<link rel=\"canonical\" href=\"https:\/\/www.marmarastudentcongress.com\/en\/masco-2026-konusmacilari\/\" \/>\n<meta property=\"og:locale\" content=\"en_US\" \/>\n<meta property=\"og:type\" content=\"article\" \/>\n<meta property=\"og:title\" content=\"Konu\u015fmac\u0131lar - MaSCo 2026\" \/>\n<meta property=\"og:url\" content=\"https:\/\/www.marmarastudentcongress.com\/en\/masco-2026-konusmacilari\/\" \/>\n<meta property=\"og:site_name\" content=\"MaSCo 2026\" \/>\n<meta property=\"article:modified_time\" content=\"2026-04-19T15:53:04+00:00\" \/>\n<meta property=\"og:image\" content=\"https:\/\/www.marmarastudentcongress.com\/wp-content\/uploads\/2022\/03\/pl.jpg\" \/>\n\t<meta property=\"og:image:width\" content=\"200\" \/>\n\t<meta property=\"og:image:height\" content=\"200\" \/>\n\t<meta property=\"og:image:type\" content=\"image\/jpeg\" \/>\n<meta name=\"twitter:card\" content=\"summary_large_image\" \/>\n<meta name=\"twitter:label1\" content=\"Est. reading time\" \/>\n\t<meta name=\"twitter:data1\" content=\"1 minute\" \/>\n<script type=\"application\/ld+json\" class=\"yoast-schema-graph\">{\"@context\":\"https:\/\/schema.org\",\"@graph\":[{\"@type\":\"WebPage\",\"@id\":\"https:\/\/www.marmarastudentcongress.com\/masco-2026-konusmacilari\/\",\"url\":\"https:\/\/www.marmarastudentcongress.com\/masco-2026-konusmacilari\/\",\"name\":\"Konu\u015fmac\u0131lar - MaSCo 2026\",\"isPartOf\":{\"@id\":\"https:\/\/www.marmarastudentcongress.com\/#website\"},\"datePublished\":\"2025-05-06T12:21:11+00:00\",\"dateModified\":\"2026-04-19T15:53:04+00:00\",\"breadcrumb\":{\"@id\":\"https:\/\/www.marmarastudentcongress.com\/masco-2026-konusmacilari\/#breadcrumb\"},\"inLanguage\":\"en-US\",\"potentialAction\":[{\"@type\":\"ReadAction\",\"target\":[\"https:\/\/www.marmarastudentcongress.com\/masco-2026-konusmacilari\/\"]}]},{\"@type\":\"BreadcrumbList\",\"@id\":\"https:\/\/www.marmarastudentcongress.com\/masco-2026-konusmacilari\/#breadcrumb\",\"itemListElement\":[{\"@type\":\"ListItem\",\"position\":1,\"name\":\"Anasayfa\",\"item\":\"https:\/\/www.marmarastudentcongress.com\/\"},{\"@type\":\"ListItem\",\"position\":2,\"name\":\"Konu\u015fmac\u0131lar\"}]},{\"@type\":\"WebSite\",\"@id\":\"https:\/\/www.marmarastudentcongress.com\/#website\",\"url\":\"https:\/\/www.marmarastudentcongress.com\/\",\"name\":\"MaSCo 2026\",\"description\":\"Marmara Student Congress\",\"publisher\":{\"@id\":\"https:\/\/www.marmarastudentcongress.com\/#organization\"},\"potentialAction\":[{\"@type\":\"SearchAction\",\"target\":{\"@type\":\"EntryPoint\",\"urlTemplate\":\"https:\/\/www.marmarastudentcongress.com\/?s={search_term_string}\"},\"query-input\":{\"@type\":\"PropertyValueSpecification\",\"valueRequired\":true,\"valueName\":\"search_term_string\"}}],\"inLanguage\":\"en-US\"},{\"@type\":\"Organization\",\"@id\":\"https:\/\/www.marmarastudentcongress.com\/#organization\",\"name\":\"MaSCo 2026\",\"url\":\"https:\/\/www.marmarastudentcongress.com\/\",\"logo\":{\"@type\":\"ImageObject\",\"inLanguage\":\"en-US\",\"@id\":\"https:\/\/www.marmarastudentcongress.com\/#\/schema\/logo\/image\/\",\"url\":\"https:\/\/www.marmarastudentcongress.com\/wp-content\/uploads\/2025\/05\/cropped-cropped-MaSCo-Logo.png\",\"contentUrl\":\"https:\/\/www.marmarastudentcongress.com\/wp-content\/uploads\/2025\/05\/cropped-cropped-MaSCo-Logo.png\",\"width\":150,\"height\":75,\"caption\":\"MaSCo 2026\"},\"image\":{\"@id\":\"https:\/\/www.marmarastudentcongress.com\/#\/schema\/logo\/image\/\"}}]}<\/script>\n<!-- \/ Yoast SEO plugin. -->","yoast_head_json":{"title":"Konu\u015fmac\u0131lar - MaSCo 2026","robots":{"index":"index","follow":"follow","max-snippet":"max-snippet:-1","max-image-preview":"max-image-preview:large","max-video-preview":"max-video-preview:-1"},"canonical":"https:\/\/www.marmarastudentcongress.com\/en\/masco-2026-konusmacilari\/","og_locale":"en_US","og_type":"article","og_title":"Konu\u015fmac\u0131lar - MaSCo 2026","og_url":"https:\/\/www.marmarastudentcongress.com\/en\/masco-2026-konusmacilari\/","og_site_name":"MaSCo 2026","article_modified_time":"2026-04-19T15:53:04+00:00","og_image":[{"width":200,"height":200,"url":"https:\/\/www.marmarastudentcongress.com\/wp-content\/uploads\/2022\/03\/pl.jpg","type":"image\/jpeg"}],"twitter_card":"summary_large_image","twitter_misc":{"Est. reading time":"1 minute"},"schema":{"@context":"https:\/\/schema.org","@graph":[{"@type":"WebPage","@id":"https:\/\/www.marmarastudentcongress.com\/masco-2026-konusmacilari\/","url":"https:\/\/www.marmarastudentcongress.com\/masco-2026-konusmacilari\/","name":"Konu\u015fmac\u0131lar - MaSCo 2026","isPartOf":{"@id":"https:\/\/www.marmarastudentcongress.com\/#website"},"datePublished":"2025-05-06T12:21:11+00:00","dateModified":"2026-04-19T15:53:04+00:00","breadcrumb":{"@id":"https:\/\/www.marmarastudentcongress.com\/masco-2026-konusmacilari\/#breadcrumb"},"inLanguage":"en-US","potentialAction":[{"@type":"ReadAction","target":["https:\/\/www.marmarastudentcongress.com\/masco-2026-konusmacilari\/"]}]},{"@type":"BreadcrumbList","@id":"https:\/\/www.marmarastudentcongress.com\/masco-2026-konusmacilari\/#breadcrumb","itemListElement":[{"@type":"ListItem","position":1,"name":"Anasayfa","item":"https:\/\/www.marmarastudentcongress.com\/"},{"@type":"ListItem","position":2,"name":"Konu\u015fmac\u0131lar"}]},{"@type":"WebSite","@id":"https:\/\/www.marmarastudentcongress.com\/#website","url":"https:\/\/www.marmarastudentcongress.com\/","name":"MaSCo 2026","description":"Marmara Student Congress","publisher":{"@id":"https:\/\/www.marmarastudentcongress.com\/#organization"},"potentialAction":[{"@type":"SearchAction","target":{"@type":"EntryPoint","urlTemplate":"https:\/\/www.marmarastudentcongress.com\/?s={search_term_string}"},"query-input":{"@type":"PropertyValueSpecification","valueRequired":true,"valueName":"search_term_string"}}],"inLanguage":"en-US"},{"@type":"Organization","@id":"https:\/\/www.marmarastudentcongress.com\/#organization","name":"MaSCo 2026","url":"https:\/\/www.marmarastudentcongress.com\/","logo":{"@type":"ImageObject","inLanguage":"en-US","@id":"https:\/\/www.marmarastudentcongress.com\/#\/schema\/logo\/image\/","url":"https:\/\/www.marmarastudentcongress.com\/wp-content\/uploads\/2025\/05\/cropped-cropped-MaSCo-Logo.png","contentUrl":"https:\/\/www.marmarastudentcongress.com\/wp-content\/uploads\/2025\/05\/cropped-cropped-MaSCo-Logo.png","width":150,"height":75,"caption":"MaSCo 2026"},"image":{"@id":"https:\/\/www.marmarastudentcongress.com\/#\/schema\/logo\/image\/"}}]}},"_links":{"self":[{"href":"https:\/\/www.marmarastudentcongress.com\/en\/wp-json\/wp\/v2\/pages\/3137","targetHints":{"allow":["GET"]}}],"collection":[{"href":"https:\/\/www.marmarastudentcongress.com\/en\/wp-json\/wp\/v2\/pages"}],"about":[{"href":"https:\/\/www.marmarastudentcongress.com\/en\/wp-json\/wp\/v2\/types\/page"}],"author":[{"embeddable":true,"href":"https:\/\/www.marmarastudentcongress.com\/en\/wp-json\/wp\/v2\/users\/1251"}],"replies":[{"embeddable":true,"href":"https:\/\/www.marmarastudentcongress.com\/en\/wp-json\/wp\/v2\/comments?post=3137"}],"version-history":[{"count":0,"href":"https:\/\/www.marmarastudentcongress.com\/en\/wp-json\/wp\/v2\/pages\/3137\/revisions"}],"wp:attachment":[{"href":"https:\/\/www.marmarastudentcongress.com\/en\/wp-json\/wp\/v2\/media?parent=3137"}],"curies":[{"name":"wp","href":"https:\/\/api.w.org\/{rel}","templated":true}]}}