

{"id":2872,"date":"2024-04-19T19:33:28","date_gmt":"2024-04-19T16:33:28","guid":{"rendered":"https:\/\/www.marmarastudentcongress.com\/?page_id=2872"},"modified":"2026-04-19T18:40:51","modified_gmt":"2026-04-19T15:40:51","slug":"prof-dr-okan-bulent-yildiz-md-phd","status":"publish","type":"page","link":"https:\/\/www.marmarastudentcongress.com\/en\/prof-dr-okan-bulent-yildiz-md-phd\/","title":{"rendered":"Prof. Dr. Okan B\u00fclent Y\u0131ld\u0131z, MD, PhD"},"content":{"rendered":"<div class=\"vc_row wpb_row vc_row-fluid\"><div class=\"wpb_column vc_column_container vc_col-sm-8\"><div class=\"vc_column-inner\"><div class=\"wpb_wrapper\">\n\t<div class=\"wpb_text_column wpb_content_element\" >\n\t\t<div class=\"wpb_wrapper\">\n\t\t\t<p><b>Prof. Dr. Okan B\u00fclent Y\u0131ld\u0131z, MD, PhD (Konu\u015fmas\u0131n\u0131n Konusu: <\/b><strong>Kilo, Hormon ve \u00d6tesi: <\/strong><strong>PKOS\u2019un Metabolik Hikayesi)<\/strong><\/p>\n<p>&nbsp;<\/p>\n<p>Prof. Dr. Okan B\u00fclent Y\u0131ld\u0131z, Hacettepe \u00dcniversitesi T\u0131p Fak\u00fcltesi\u2019ni bitirdikten sonra ayn\u0131 \u00fcniversitede i\u00e7 hastal\u0131klar\u0131 uzmanl\u0131k ve endokrinoloji ve metabolizma hastal\u0131klar\u0131 yan dal e\u011fitimini tamamlad\u0131. Doktora sonras\u0131 \u00e7al\u0131\u015fmalar\u0131n\u0131 ABD\u2019de Kaliforniya \u00dcniversitesi Los Angeles Kamp\u00fcs\u00fc\u2019nde (UCLA) s\u00fcrd\u00fcrd\u00fc ve Amerikan Ulusal Sa\u011fl\u0131k Enstit\u00fcleri\u2019nin translasyonel ara\u015ft\u0131rma fellowship program\u0131n\u0131 bitirdi. Halen Hacettepe \u00dcniversitesi T\u0131p Fak\u00fcltesi\u2019nde profes\u00f6r olarak g\u00f6rev yapmakta; klinik ve ara\u015ft\u0131rma ilgi alanlar\u0131 obezite ve polikistik over sendromu (PKOS) \u00fczerine yo\u011funla\u015fmaktad\u0131r.<\/p>\n<p>Uluslararas\u0131 sayg\u0131n dergilerde ve referans kitaplar\u0131nda 180\u2019den fazla yay\u0131n\u0131 bulunan Dr. Y\u0131ld\u0131z, ABD ve Avrupa ba\u015fta olmak \u00fczere bir\u00e7ok \u00fclkede davetli konu\u015fmac\u0131 olarak yer alm\u0131\u015f; 2018\u2019de Avrupa Parlamentosu\u2019nda ilk kez d\u00fczenlenen endokrin oturumunda \u201chormonlar ve hastal\u0131klar\u201d konusunda bir konu\u015fma yapm\u0131\u015ft\u0131r. Elsevier\/Scopus ve Stanford \u00dcniversitesi verilerine g\u00f6re d\u00fcnyan\u0131n en etkili bilim insanlar\u0131 aras\u0131nda ilk %1\u2019de yer almaktad\u0131r.<\/p>\n<p>Oxford Textbook of Endocrinology and Diabetes b\u00f6l\u00fcm edit\u00f6r\u00fc, Journal of Endocrine Society kurucu yard\u0131mc\u0131 edit\u00f6r\u00fc olan Dr. Y\u0131ld\u0131z, bir\u00e7ok uluslararas\u0131 dergide edit\u00f6rl\u00fck yapm\u0131\u015f; Avrupa Endokrinoloji Derne\u011fi, Androjen Fazlal\u0131\u011f\u0131 ve PKOS Derne\u011fi\u2019nde y\u00f6neticilik g\u00f6revleri \u00fcstlenmi\u015ftir. 2017 Avrupa Endokrinoloji Kongresi ile 2021 ve 2022 Amerikan Endokrinoloji Kongreleri (ENDO) ba\u015fkanl\u0131\u011f\u0131n\u0131 y\u00fcr\u00fctm\u00fc\u015f, 2020 y\u0131l\u0131nda ESE Avrupa \u00dcreme Endokrinolojisi Klinik Lideri se\u00e7ilmi\u015ftir. Dr. Y\u0131ld\u0131z, Amerika ve Avrupa Endokrinoloji Dernekleri ba\u015fta olmak \u00fczere bir\u00e7ok bilimsel kurulu\u015f taraf\u0131ndan desteklenen uluslararas\u0131 kapasite geli\u015ftirme giri\u015fimi EndoBridge\u00ae\u2019in kurucusu ve ba\u015fkan\u0131d\u0131r.<\/p>\n<p>Ulusal ve uluslararas\u0131 \u00f6d\u00fclleri aras\u0131nda Hacettepe \u00dcniversitesi ve T\u00dcBA Gen\u00e7 Bilim \u0130nsan\u0131 \u00d6d\u00fclleri, T\u00dcB\u0130TAK Te\u015fvik \u00d6d\u00fcl\u00fc, Avrupa Endokrinoloji Derne\u011fi \u00d6zel Tan\u0131n\u0131rl\u0131k \u00d6d\u00fcl\u00fc ve Androjen Fazlal\u0131\u011f\u0131 ve PKOS Derne\u011fi Klinik Ara\u015ft\u0131rma M\u00fckemmellik \u00d6d\u00fcl\u00fc yer almaktad\u0131r.<b><\/b><\/p>\n\n\t\t<\/div>\n\t<\/div>\n<\/div><\/div><\/div><div class=\"wpb_column vc_column_container vc_col-sm-4\"><div class=\"vc_column-inner\"><div class=\"wpb_wrapper\">\n\t<div  class=\"wpb_single_image wpb_content_element vc_align_left\">\n\t\t\n\t\t<figure class=\"wpb_wrapper vc_figure\">\n\t\t\t<div class=\"vc_single_image-wrapper   vc_box_border_grey\"><img loading=\"lazy\" decoding=\"async\" width=\"300\" height=\"300\" src=\"https:\/\/www.marmarastudentcongress.com\/wp-content\/uploads\/2026\/04\/Okan-Bulent-Yildiz-2-300x300.jpg\" class=\"vc_single_image-img attachment-medium\" alt=\"\" srcset=\"https:\/\/www.marmarastudentcongress.com\/wp-content\/uploads\/2026\/04\/Okan-Bulent-Yildiz-2-300x300.jpg 300w, https:\/\/www.marmarastudentcongress.com\/wp-content\/uploads\/2026\/04\/Okan-Bulent-Yildiz-2-1024x1024.jpg 1024w, https:\/\/www.marmarastudentcongress.com\/wp-content\/uploads\/2026\/04\/Okan-Bulent-Yildiz-2-150x150.jpg 150w, https:\/\/www.marmarastudentcongress.com\/wp-content\/uploads\/2026\/04\/Okan-Bulent-Yildiz-2-768x768.jpg 768w, https:\/\/www.marmarastudentcongress.com\/wp-content\/uploads\/2026\/04\/Okan-Bulent-Yildiz-2-12x12.jpg 12w, https:\/\/www.marmarastudentcongress.com\/wp-content\/uploads\/2026\/04\/Okan-Bulent-Yildiz-2.jpg 1333w\" sizes=\"auto, (max-width: 300px) 100vw, 300px\" \/><\/div>\n\t\t<\/figure>\n\t<\/div>\n<\/div><\/div><\/div><\/div>","protected":false},"excerpt":{"rendered":"Prof. Dr. Okan B\u00fclent Y\u0131ld\u0131z, MD, PhD (Konu\u015fmas\u0131n\u0131n Konusu: Kilo, Hormon ve \u00d6tesi: PKOS\u2019un Metabolik Hikayesi) &nbsp; Prof. Dr. Okan B\u00fclent Y\u0131ld\u0131z, Hacettepe \u00dcniversitesi T\u0131p Fak\u00fcltesi\u2019ni bitirdikten sonra ayn\u0131 \u00fcniversitede i\u00e7 hastal\u0131klar\u0131 uzmanl\u0131k ve endokrinoloji ve metabolizma hastal\u0131klar\u0131 yan dal e\u011fitimini tamamlad\u0131. Doktora sonras\u0131 \u00e7al\u0131\u015fmalar\u0131n\u0131 ABD\u2019de Kaliforniya \u00dcniversitesi Los Angeles Kamp\u00fcs\u00fc\u2019nde (UCLA) s\u00fcrd\u00fcrd\u00fc ve Amerikan [...]","protected":false},"author":2,"featured_media":0,"parent":0,"menu_order":0,"comment_status":"closed","ping_status":"closed","template":"","meta":{"footnotes":""},"class_list":["post-2872","page","type-page","status-publish","hentry"],"yoast_head":"<!-- This site is optimized with the Yoast SEO plugin v25.5 - https:\/\/yoast.com\/wordpress\/plugins\/seo\/ -->\n<title>Prof. Dr. Okan B\u00fclent Y\u0131ld\u0131z, MD, PhD - MaSCo 2026<\/title>\n<meta name=\"robots\" content=\"index, follow, max-snippet:-1, max-image-preview:large, max-video-preview:-1\" \/>\n<link rel=\"canonical\" href=\"https:\/\/www.marmarastudentcongress.com\/en\/prof-dr-okan-bulent-yildiz-md-phd\/\" \/>\n<meta property=\"og:locale\" content=\"en_US\" \/>\n<meta property=\"og:type\" content=\"article\" \/>\n<meta property=\"og:title\" content=\"Prof. Dr. Okan B\u00fclent Y\u0131ld\u0131z, MD, PhD - MaSCo 2026\" \/>\n<meta property=\"og:url\" content=\"https:\/\/www.marmarastudentcongress.com\/en\/prof-dr-okan-bulent-yildiz-md-phd\/\" \/>\n<meta property=\"og:site_name\" content=\"MaSCo 2026\" \/>\n<meta property=\"article:modified_time\" content=\"2026-04-19T15:40:51+00:00\" \/>\n<meta property=\"og:image\" content=\"https:\/\/www.marmarastudentcongress.com\/wp-content\/uploads\/2022\/03\/pl.jpg\" \/>\n\t<meta property=\"og:image:width\" content=\"200\" \/>\n\t<meta property=\"og:image:height\" content=\"200\" \/>\n\t<meta property=\"og:image:type\" content=\"image\/jpeg\" \/>\n<meta name=\"twitter:card\" content=\"summary_large_image\" \/>\n<meta name=\"twitter:label1\" content=\"Est. reading time\" \/>\n\t<meta name=\"twitter:data1\" content=\"2 minutes\" \/>\n<script type=\"application\/ld+json\" class=\"yoast-schema-graph\">{\"@context\":\"https:\/\/schema.org\",\"@graph\":[{\"@type\":\"WebPage\",\"@id\":\"https:\/\/www.marmarastudentcongress.com\/prof-dr-okan-bulent-yildiz-md-phd\/\",\"url\":\"https:\/\/www.marmarastudentcongress.com\/prof-dr-okan-bulent-yildiz-md-phd\/\",\"name\":\"Prof. Dr. Okan B\u00fclent Y\u0131ld\u0131z, MD, PhD - MaSCo 2026\",\"isPartOf\":{\"@id\":\"https:\/\/www.marmarastudentcongress.com\/#website\"},\"datePublished\":\"2024-04-19T16:33:28+00:00\",\"dateModified\":\"2026-04-19T15:40:51+00:00\",\"breadcrumb\":{\"@id\":\"https:\/\/www.marmarastudentcongress.com\/prof-dr-okan-bulent-yildiz-md-phd\/#breadcrumb\"},\"inLanguage\":\"en-US\",\"potentialAction\":[{\"@type\":\"ReadAction\",\"target\":[\"https:\/\/www.marmarastudentcongress.com\/prof-dr-okan-bulent-yildiz-md-phd\/\"]}]},{\"@type\":\"BreadcrumbList\",\"@id\":\"https:\/\/www.marmarastudentcongress.com\/prof-dr-okan-bulent-yildiz-md-phd\/#breadcrumb\",\"itemListElement\":[{\"@type\":\"ListItem\",\"position\":1,\"name\":\"Anasayfa\",\"item\":\"https:\/\/www.marmarastudentcongress.com\/\"},{\"@type\":\"ListItem\",\"position\":2,\"name\":\"Prof. Dr. Okan B\u00fclent Y\u0131ld\u0131z, MD, PhD\"}]},{\"@type\":\"WebSite\",\"@id\":\"https:\/\/www.marmarastudentcongress.com\/#website\",\"url\":\"https:\/\/www.marmarastudentcongress.com\/\",\"name\":\"MaSCo 2026\",\"description\":\"Marmara Student Congress\",\"publisher\":{\"@id\":\"https:\/\/www.marmarastudentcongress.com\/#organization\"},\"potentialAction\":[{\"@type\":\"SearchAction\",\"target\":{\"@type\":\"EntryPoint\",\"urlTemplate\":\"https:\/\/www.marmarastudentcongress.com\/?s={search_term_string}\"},\"query-input\":{\"@type\":\"PropertyValueSpecification\",\"valueRequired\":true,\"valueName\":\"search_term_string\"}}],\"inLanguage\":\"en-US\"},{\"@type\":\"Organization\",\"@id\":\"https:\/\/www.marmarastudentcongress.com\/#organization\",\"name\":\"MaSCo 2026\",\"url\":\"https:\/\/www.marmarastudentcongress.com\/\",\"logo\":{\"@type\":\"ImageObject\",\"inLanguage\":\"en-US\",\"@id\":\"https:\/\/www.marmarastudentcongress.com\/#\/schema\/logo\/image\/\",\"url\":\"https:\/\/www.marmarastudentcongress.com\/wp-content\/uploads\/2025\/05\/cropped-cropped-MaSCo-Logo.png\",\"contentUrl\":\"https:\/\/www.marmarastudentcongress.com\/wp-content\/uploads\/2025\/05\/cropped-cropped-MaSCo-Logo.png\",\"width\":150,\"height\":75,\"caption\":\"MaSCo 2026\"},\"image\":{\"@id\":\"https:\/\/www.marmarastudentcongress.com\/#\/schema\/logo\/image\/\"}}]}<\/script>\n<!-- \/ Yoast SEO plugin. -->","yoast_head_json":{"title":"Prof. Dr. Okan B\u00fclent Y\u0131ld\u0131z, MD, PhD - MaSCo 2026","robots":{"index":"index","follow":"follow","max-snippet":"max-snippet:-1","max-image-preview":"max-image-preview:large","max-video-preview":"max-video-preview:-1"},"canonical":"https:\/\/www.marmarastudentcongress.com\/en\/prof-dr-okan-bulent-yildiz-md-phd\/","og_locale":"en_US","og_type":"article","og_title":"Prof. Dr. Okan B\u00fclent Y\u0131ld\u0131z, MD, PhD - MaSCo 2026","og_url":"https:\/\/www.marmarastudentcongress.com\/en\/prof-dr-okan-bulent-yildiz-md-phd\/","og_site_name":"MaSCo 2026","article_modified_time":"2026-04-19T15:40:51+00:00","og_image":[{"width":200,"height":200,"url":"https:\/\/www.marmarastudentcongress.com\/wp-content\/uploads\/2022\/03\/pl.jpg","type":"image\/jpeg"}],"twitter_card":"summary_large_image","twitter_misc":{"Est. reading time":"2 minutes"},"schema":{"@context":"https:\/\/schema.org","@graph":[{"@type":"WebPage","@id":"https:\/\/www.marmarastudentcongress.com\/prof-dr-okan-bulent-yildiz-md-phd\/","url":"https:\/\/www.marmarastudentcongress.com\/prof-dr-okan-bulent-yildiz-md-phd\/","name":"Prof. Dr. Okan B\u00fclent Y\u0131ld\u0131z, MD, PhD - MaSCo 2026","isPartOf":{"@id":"https:\/\/www.marmarastudentcongress.com\/#website"},"datePublished":"2024-04-19T16:33:28+00:00","dateModified":"2026-04-19T15:40:51+00:00","breadcrumb":{"@id":"https:\/\/www.marmarastudentcongress.com\/prof-dr-okan-bulent-yildiz-md-phd\/#breadcrumb"},"inLanguage":"en-US","potentialAction":[{"@type":"ReadAction","target":["https:\/\/www.marmarastudentcongress.com\/prof-dr-okan-bulent-yildiz-md-phd\/"]}]},{"@type":"BreadcrumbList","@id":"https:\/\/www.marmarastudentcongress.com\/prof-dr-okan-bulent-yildiz-md-phd\/#breadcrumb","itemListElement":[{"@type":"ListItem","position":1,"name":"Anasayfa","item":"https:\/\/www.marmarastudentcongress.com\/"},{"@type":"ListItem","position":2,"name":"Prof. Dr. Okan B\u00fclent Y\u0131ld\u0131z, MD, PhD"}]},{"@type":"WebSite","@id":"https:\/\/www.marmarastudentcongress.com\/#website","url":"https:\/\/www.marmarastudentcongress.com\/","name":"MaSCo 2026","description":"Marmara Student Congress","publisher":{"@id":"https:\/\/www.marmarastudentcongress.com\/#organization"},"potentialAction":[{"@type":"SearchAction","target":{"@type":"EntryPoint","urlTemplate":"https:\/\/www.marmarastudentcongress.com\/?s={search_term_string}"},"query-input":{"@type":"PropertyValueSpecification","valueRequired":true,"valueName":"search_term_string"}}],"inLanguage":"en-US"},{"@type":"Organization","@id":"https:\/\/www.marmarastudentcongress.com\/#organization","name":"MaSCo 2026","url":"https:\/\/www.marmarastudentcongress.com\/","logo":{"@type":"ImageObject","inLanguage":"en-US","@id":"https:\/\/www.marmarastudentcongress.com\/#\/schema\/logo\/image\/","url":"https:\/\/www.marmarastudentcongress.com\/wp-content\/uploads\/2025\/05\/cropped-cropped-MaSCo-Logo.png","contentUrl":"https:\/\/www.marmarastudentcongress.com\/wp-content\/uploads\/2025\/05\/cropped-cropped-MaSCo-Logo.png","width":150,"height":75,"caption":"MaSCo 2026"},"image":{"@id":"https:\/\/www.marmarastudentcongress.com\/#\/schema\/logo\/image\/"}}]}},"_links":{"self":[{"href":"https:\/\/www.marmarastudentcongress.com\/en\/wp-json\/wp\/v2\/pages\/2872","targetHints":{"allow":["GET"]}}],"collection":[{"href":"https:\/\/www.marmarastudentcongress.com\/en\/wp-json\/wp\/v2\/pages"}],"about":[{"href":"https:\/\/www.marmarastudentcongress.com\/en\/wp-json\/wp\/v2\/types\/page"}],"author":[{"embeddable":true,"href":"https:\/\/www.marmarastudentcongress.com\/en\/wp-json\/wp\/v2\/users\/2"}],"replies":[{"embeddable":true,"href":"https:\/\/www.marmarastudentcongress.com\/en\/wp-json\/wp\/v2\/comments?post=2872"}],"version-history":[{"count":0,"href":"https:\/\/www.marmarastudentcongress.com\/en\/wp-json\/wp\/v2\/pages\/2872\/revisions"}],"wp:attachment":[{"href":"https:\/\/www.marmarastudentcongress.com\/en\/wp-json\/wp\/v2\/media?parent=2872"}],"curies":[{"name":"wp","href":"https:\/\/api.w.org\/{rel}","templated":true}]}}