

{"id":2864,"date":"2024-04-19T19:31:14","date_gmt":"2024-04-19T16:31:14","guid":{"rendered":"https:\/\/www.marmarastudentcongress.com\/?page_id=2864"},"modified":"2026-04-19T18:42:10","modified_gmt":"2026-04-19T15:42:10","slug":"uzm-dr-atilla-uslu-md","status":"publish","type":"page","link":"https:\/\/www.marmarastudentcongress.com\/en\/uzm-dr-atilla-uslu-md\/","title":{"rendered":"Uzm. Dr. Atilla Uslu, MD"},"content":{"rendered":"<div class=\"vc_row wpb_row vc_row-fluid\"><div class=\"wpb_column vc_column_container vc_col-sm-8\"><div class=\"vc_column-inner\"><div class=\"wpb_wrapper\">\n\t<div class=\"wpb_text_column wpb_content_element\" >\n\t\t<div class=\"wpb_wrapper\">\n\t\t\t<p style=\"text-align: left;\"><b>Uzm. Dr. Atilla Uslu, MD (<\/b><strong>Steteskop ve Strateji: <\/strong><strong>T\u0131p Fak\u00fcltesinden TUS Ba\u015far\u0131s\u0131na<\/strong><b><\/b><b>)<\/b><b><\/b><\/p>\n<p>&nbsp;<\/p>\n<p>Uzm. Dr. Atilla Uslu, i\u00e7 hastal\u0131klar\u0131 ve hematoloji alan\u0131nda uzmanla\u015fm\u0131\u015f, ayn\u0131 zamanda TUS haz\u0131rl\u0131k s\u00fcrecine y\u00f6nelik e\u011fitim faaliyetleriyle tan\u0131nan bir hekim ve e\u011fitmendir. 1987 do\u011fumlu olan Uslu, t\u0131p e\u011fitimini Ankara \u00dcniversitesi T\u0131p Fak\u00fcltesi\u2019nde tamamlam\u0131\u015f ve 2012 y\u0131l\u0131nda mezun olmu\u015ftur. Ayn\u0131 y\u0131l girdi\u011fi T\u0131pta Uzmanl\u0131k S\u0131nav\u0131\u2019nda (TUS) klinik bilimler puan\u0131nda T\u00fcrkiye 2.\u2019si olarak \u00f6nemli bir ba\u015far\u0131 elde ederek akademik kariyerine g\u00fc\u00e7l\u00fc bir ba\u015flang\u0131\u00e7 yapm\u0131\u015ft\u0131r.T\u0131p e\u011fitiminin ard\u0131ndan uzmanl\u0131k s\u00fcrecine i\u00e7 hastal\u0131klar\u0131 alan\u0131nda devam eden Dr. Uslu, 2017 y\u0131l\u0131nda dahiliye uzman\u0131 unvan\u0131n\u0131 alm\u0131\u015ft\u0131r. Daha sonra hematoloji yan dal\u0131na y\u00f6nelerek bu alandaki e\u011fitimini tamamlam\u0131\u015f ve 2021 y\u0131l\u0131nda hematoloji uzman\u0131 olmu\u015ftur. E\u011fitim s\u00fcreci boyunca yaln\u0131zca ulusal de\u011fil uluslararas\u0131 deneyim de kazanm\u0131\u015f; \u00f6\u011frencilik y\u0131llar\u0131nda University of Maryland\u2019de staj yaparak farkl\u0131 sa\u011fl\u0131k sistemlerini g\u00f6zlemleme f\u0131rsat\u0131 elde etmi\u015ftir. Bu deneyim, mesleki bak\u0131\u015f a\u00e7\u0131s\u0131n\u0131n geli\u015fmesine katk\u0131 sa\u011flam\u0131\u015ft\u0131r. Bilimsel \u00e7al\u0131\u015fmalara da aktif olarak kat\u0131lan Uslu, 2015 y\u0131l\u0131nda T\u00fcrkiye\u2019de ilk kez kimerik antijen resept\u00f6rl\u00fc T-h\u00fccre (CAR-T) tedavisi \u00fczerine proje y\u00fcr\u00fctm\u00fc\u015ft\u00fcr. Bu \u00e7al\u0131\u015fma, modern hematolojide \u00e7\u0131\u011f\u0131r a\u00e7an imm\u00fcnoterapi yakla\u015f\u0131mlar\u0131na olan ilgisini ve yenilik\u00e7i y\u00f6n\u00fcn\u00fc ortaya koymaktad\u0131r. Klinik prati\u011finde de g\u00fcncel ve kan\u0131ta dayal\u0131 yakla\u015f\u0131mlar\u0131 benimseyerek hastalar\u0131na en do\u011fru tedavi se\u00e7eneklerini sunmay\u0131 hedeflemektedir.<\/p>\n<p>&nbsp;<\/p>\n<p>E\u011fitim alan\u0131nda ise 2013 y\u0131l\u0131ndan itibaren TUS\u2019a haz\u0131rlanan \u00f6\u011frencilere y\u00f6nelik dahiliye dersleri vermektedir. \u00d6zellikle konular\u0131 sistematik bir \u00e7er\u00e7evede sunmas\u0131, klinik mant\u0131kla ili\u015fkilendirmesi ve s\u0131nav odakl\u0131 stratejiler geli\u015ftirmesi sayesinde geni\u015f bir \u00f6\u011frenci kitlesi taraf\u0131ndan takip edilmektedir. Anlat\u0131m tarz\u0131; ezberden ziyade kavray\u0131\u015fa dayal\u0131 \u00f6\u011frenmeyi te\u015fvik etmesiyle \u00f6ne \u00e7\u0131kmaktad\u0131r.2020 y\u0131l\u0131 sonras\u0131nda dijitalle\u015fen e\u011fitim d\u00fcnyas\u0131na h\u0131zla uyum sa\u011flayan Dr. Uslu, derslerini \u00e7evrim i\u00e7i platformlara ta\u015f\u0131yarak T\u0131pdemy, Dr. Dahiliye ve YouTube gibi kanallar \u00fczerinden daha geni\u015f kitlelere ula\u015fm\u0131\u015ft\u0131r. Bu platformlarda sundu\u011fu konu anlat\u0131mlar\u0131, vaka analizleri ve soru \u00e7\u00f6z\u00fcmleri ile \u00f6\u011frencilerin hem teorik bilgi d\u00fczeyini art\u0131rmay\u0131 hem de s\u0131nav performanslar\u0131n\u0131 geli\u015ftirmeyi ama\u00e7lamaktad\u0131r. Bunun yan\u0131 s\u0131ra, hekimlere y\u00f6nelik yapay zeka ara\u00e7lar\u0131n\u0131n t\u0131pta kullan\u0131m\u0131 konusunda e\u011fitimler vererek teknoloji ile t\u0131p e\u011fitimini bir araya getiren \u00e7al\u0131\u015fmalara da \u00f6nc\u00fcl\u00fck etmektedir. Bu y\u00f6n\u00fcyle yaln\u0131zca mevcut bilgi aktar\u0131m\u0131yla s\u0131n\u0131rl\u0131 kalmay\u0131p, gelece\u011fin hekimlik prati\u011fine y\u00f6nelik vizyoner bir yakla\u015f\u0131m sergilemektedir.<\/p>\n<p>&nbsp;<\/p>\n<p>Uzm. Dr. Atilla Uslu, klinik hekimlik, akademik geli\u015fim ve e\u011fitimcili\u011fi bir arada s\u00fcrd\u00fcren; bilgi birikimini geni\u015f kitlelerle payla\u015fan ve \u00f6zellikle TUS s\u00fcrecinde adaylara rehberlik eden \u00f6nemli isimlerden biri olarak \u00f6ne \u00e7\u0131kmaktad\u0131r.<\/p>\n\n\t\t<\/div>\n\t<\/div>\n<\/div><\/div><\/div><div class=\"wpb_column vc_column_container vc_col-sm-4\"><div class=\"vc_column-inner\"><div class=\"wpb_wrapper\">\n\t<div  class=\"wpb_single_image wpb_content_element vc_align_right\">\n\t\t\n\t\t<figure class=\"wpb_wrapper vc_figure\">\n\t\t\t<div class=\"vc_single_image-wrapper   vc_box_border_grey\"><img loading=\"lazy\" decoding=\"async\" width=\"300\" height=\"300\" src=\"https:\/\/www.marmarastudentcongress.com\/wp-content\/uploads\/2026\/04\/Atilla-Uslu-300x300.jpg\" class=\"vc_single_image-img attachment-medium\" alt=\"\" srcset=\"https:\/\/www.marmarastudentcongress.com\/wp-content\/uploads\/2026\/04\/Atilla-Uslu-300x300.jpg 300w, https:\/\/www.marmarastudentcongress.com\/wp-content\/uploads\/2026\/04\/Atilla-Uslu-150x150.jpg 150w, https:\/\/www.marmarastudentcongress.com\/wp-content\/uploads\/2026\/04\/Atilla-Uslu-768x768.jpg 768w, https:\/\/www.marmarastudentcongress.com\/wp-content\/uploads\/2026\/04\/Atilla-Uslu-12x12.jpg 12w, https:\/\/www.marmarastudentcongress.com\/wp-content\/uploads\/2026\/04\/Atilla-Uslu.jpg 900w\" sizes=\"auto, (max-width: 300px) 100vw, 300px\" \/><\/div>\n\t\t<\/figure>\n\t<\/div>\n<\/div><\/div><\/div><\/div>","protected":false},"excerpt":{"rendered":"Uzm. Dr. Atilla Uslu, MD (Steteskop ve Strateji: T\u0131p Fak\u00fcltesinden TUS Ba\u015far\u0131s\u0131na) &nbsp; Uzm. Dr. Atilla Uslu, i\u00e7 hastal\u0131klar\u0131 ve hematoloji alan\u0131nda uzmanla\u015fm\u0131\u015f, ayn\u0131 zamanda TUS haz\u0131rl\u0131k s\u00fcrecine y\u00f6nelik e\u011fitim faaliyetleriyle tan\u0131nan bir hekim ve e\u011fitmendir. 1987 do\u011fumlu olan Uslu, t\u0131p e\u011fitimini Ankara \u00dcniversitesi T\u0131p Fak\u00fcltesi\u2019nde tamamlam\u0131\u015f ve 2012 y\u0131l\u0131nda mezun olmu\u015ftur. Ayn\u0131 y\u0131l girdi\u011fi [...]","protected":false},"author":2,"featured_media":0,"parent":0,"menu_order":0,"comment_status":"closed","ping_status":"closed","template":"","meta":{"footnotes":""},"class_list":["post-2864","page","type-page","status-publish","hentry"],"yoast_head":"<!-- This site is optimized with the Yoast SEO plugin v25.5 - https:\/\/yoast.com\/wordpress\/plugins\/seo\/ -->\n<title>Uzm. Dr. Atilla Uslu, MD - MaSCo 2026<\/title>\n<meta name=\"robots\" content=\"index, follow, max-snippet:-1, max-image-preview:large, max-video-preview:-1\" \/>\n<link rel=\"canonical\" href=\"https:\/\/www.marmarastudentcongress.com\/en\/uzm-dr-atilla-uslu-md\/\" \/>\n<meta property=\"og:locale\" content=\"en_US\" \/>\n<meta property=\"og:type\" content=\"article\" \/>\n<meta property=\"og:title\" content=\"Uzm. Dr. Atilla Uslu, MD - MaSCo 2026\" \/>\n<meta property=\"og:url\" content=\"https:\/\/www.marmarastudentcongress.com\/en\/uzm-dr-atilla-uslu-md\/\" \/>\n<meta property=\"og:site_name\" content=\"MaSCo 2026\" \/>\n<meta property=\"article:modified_time\" content=\"2026-04-19T15:42:10+00:00\" \/>\n<meta property=\"og:image\" content=\"https:\/\/www.marmarastudentcongress.com\/wp-content\/uploads\/2022\/03\/pl.jpg\" \/>\n\t<meta property=\"og:image:width\" content=\"200\" \/>\n\t<meta property=\"og:image:height\" content=\"200\" \/>\n\t<meta property=\"og:image:type\" content=\"image\/jpeg\" \/>\n<meta name=\"twitter:card\" content=\"summary_large_image\" \/>\n<meta name=\"twitter:label1\" content=\"Est. reading time\" \/>\n\t<meta name=\"twitter:data1\" content=\"3 minutes\" \/>\n<script type=\"application\/ld+json\" class=\"yoast-schema-graph\">{\"@context\":\"https:\/\/schema.org\",\"@graph\":[{\"@type\":\"WebPage\",\"@id\":\"https:\/\/www.marmarastudentcongress.com\/uzm-dr-atilla-uslu-md\/\",\"url\":\"https:\/\/www.marmarastudentcongress.com\/uzm-dr-atilla-uslu-md\/\",\"name\":\"Uzm. Dr. Atilla Uslu, MD - MaSCo 2026\",\"isPartOf\":{\"@id\":\"https:\/\/www.marmarastudentcongress.com\/#website\"},\"datePublished\":\"2024-04-19T16:31:14+00:00\",\"dateModified\":\"2026-04-19T15:42:10+00:00\",\"breadcrumb\":{\"@id\":\"https:\/\/www.marmarastudentcongress.com\/uzm-dr-atilla-uslu-md\/#breadcrumb\"},\"inLanguage\":\"en-US\",\"potentialAction\":[{\"@type\":\"ReadAction\",\"target\":[\"https:\/\/www.marmarastudentcongress.com\/uzm-dr-atilla-uslu-md\/\"]}]},{\"@type\":\"BreadcrumbList\",\"@id\":\"https:\/\/www.marmarastudentcongress.com\/uzm-dr-atilla-uslu-md\/#breadcrumb\",\"itemListElement\":[{\"@type\":\"ListItem\",\"position\":1,\"name\":\"Anasayfa\",\"item\":\"https:\/\/www.marmarastudentcongress.com\/\"},{\"@type\":\"ListItem\",\"position\":2,\"name\":\"Uzm. Dr. Atilla Uslu, MD\"}]},{\"@type\":\"WebSite\",\"@id\":\"https:\/\/www.marmarastudentcongress.com\/#website\",\"url\":\"https:\/\/www.marmarastudentcongress.com\/\",\"name\":\"MaSCo 2026\",\"description\":\"Marmara Student Congress\",\"publisher\":{\"@id\":\"https:\/\/www.marmarastudentcongress.com\/#organization\"},\"potentialAction\":[{\"@type\":\"SearchAction\",\"target\":{\"@type\":\"EntryPoint\",\"urlTemplate\":\"https:\/\/www.marmarastudentcongress.com\/?s={search_term_string}\"},\"query-input\":{\"@type\":\"PropertyValueSpecification\",\"valueRequired\":true,\"valueName\":\"search_term_string\"}}],\"inLanguage\":\"en-US\"},{\"@type\":\"Organization\",\"@id\":\"https:\/\/www.marmarastudentcongress.com\/#organization\",\"name\":\"MaSCo 2026\",\"url\":\"https:\/\/www.marmarastudentcongress.com\/\",\"logo\":{\"@type\":\"ImageObject\",\"inLanguage\":\"en-US\",\"@id\":\"https:\/\/www.marmarastudentcongress.com\/#\/schema\/logo\/image\/\",\"url\":\"https:\/\/www.marmarastudentcongress.com\/wp-content\/uploads\/2025\/05\/cropped-cropped-MaSCo-Logo.png\",\"contentUrl\":\"https:\/\/www.marmarastudentcongress.com\/wp-content\/uploads\/2025\/05\/cropped-cropped-MaSCo-Logo.png\",\"width\":150,\"height\":75,\"caption\":\"MaSCo 2026\"},\"image\":{\"@id\":\"https:\/\/www.marmarastudentcongress.com\/#\/schema\/logo\/image\/\"}}]}<\/script>\n<!-- \/ Yoast SEO plugin. -->","yoast_head_json":{"title":"Uzm. Dr. Atilla Uslu, MD - MaSCo 2026","robots":{"index":"index","follow":"follow","max-snippet":"max-snippet:-1","max-image-preview":"max-image-preview:large","max-video-preview":"max-video-preview:-1"},"canonical":"https:\/\/www.marmarastudentcongress.com\/en\/uzm-dr-atilla-uslu-md\/","og_locale":"en_US","og_type":"article","og_title":"Uzm. Dr. Atilla Uslu, MD - MaSCo 2026","og_url":"https:\/\/www.marmarastudentcongress.com\/en\/uzm-dr-atilla-uslu-md\/","og_site_name":"MaSCo 2026","article_modified_time":"2026-04-19T15:42:10+00:00","og_image":[{"width":200,"height":200,"url":"https:\/\/www.marmarastudentcongress.com\/wp-content\/uploads\/2022\/03\/pl.jpg","type":"image\/jpeg"}],"twitter_card":"summary_large_image","twitter_misc":{"Est. reading time":"3 minutes"},"schema":{"@context":"https:\/\/schema.org","@graph":[{"@type":"WebPage","@id":"https:\/\/www.marmarastudentcongress.com\/uzm-dr-atilla-uslu-md\/","url":"https:\/\/www.marmarastudentcongress.com\/uzm-dr-atilla-uslu-md\/","name":"Uzm. Dr. Atilla Uslu, MD - MaSCo 2026","isPartOf":{"@id":"https:\/\/www.marmarastudentcongress.com\/#website"},"datePublished":"2024-04-19T16:31:14+00:00","dateModified":"2026-04-19T15:42:10+00:00","breadcrumb":{"@id":"https:\/\/www.marmarastudentcongress.com\/uzm-dr-atilla-uslu-md\/#breadcrumb"},"inLanguage":"en-US","potentialAction":[{"@type":"ReadAction","target":["https:\/\/www.marmarastudentcongress.com\/uzm-dr-atilla-uslu-md\/"]}]},{"@type":"BreadcrumbList","@id":"https:\/\/www.marmarastudentcongress.com\/uzm-dr-atilla-uslu-md\/#breadcrumb","itemListElement":[{"@type":"ListItem","position":1,"name":"Anasayfa","item":"https:\/\/www.marmarastudentcongress.com\/"},{"@type":"ListItem","position":2,"name":"Uzm. Dr. Atilla Uslu, MD"}]},{"@type":"WebSite","@id":"https:\/\/www.marmarastudentcongress.com\/#website","url":"https:\/\/www.marmarastudentcongress.com\/","name":"MaSCo 2026","description":"Marmara Student Congress","publisher":{"@id":"https:\/\/www.marmarastudentcongress.com\/#organization"},"potentialAction":[{"@type":"SearchAction","target":{"@type":"EntryPoint","urlTemplate":"https:\/\/www.marmarastudentcongress.com\/?s={search_term_string}"},"query-input":{"@type":"PropertyValueSpecification","valueRequired":true,"valueName":"search_term_string"}}],"inLanguage":"en-US"},{"@type":"Organization","@id":"https:\/\/www.marmarastudentcongress.com\/#organization","name":"MaSCo 2026","url":"https:\/\/www.marmarastudentcongress.com\/","logo":{"@type":"ImageObject","inLanguage":"en-US","@id":"https:\/\/www.marmarastudentcongress.com\/#\/schema\/logo\/image\/","url":"https:\/\/www.marmarastudentcongress.com\/wp-content\/uploads\/2025\/05\/cropped-cropped-MaSCo-Logo.png","contentUrl":"https:\/\/www.marmarastudentcongress.com\/wp-content\/uploads\/2025\/05\/cropped-cropped-MaSCo-Logo.png","width":150,"height":75,"caption":"MaSCo 2026"},"image":{"@id":"https:\/\/www.marmarastudentcongress.com\/#\/schema\/logo\/image\/"}}]}},"_links":{"self":[{"href":"https:\/\/www.marmarastudentcongress.com\/en\/wp-json\/wp\/v2\/pages\/2864","targetHints":{"allow":["GET"]}}],"collection":[{"href":"https:\/\/www.marmarastudentcongress.com\/en\/wp-json\/wp\/v2\/pages"}],"about":[{"href":"https:\/\/www.marmarastudentcongress.com\/en\/wp-json\/wp\/v2\/types\/page"}],"author":[{"embeddable":true,"href":"https:\/\/www.marmarastudentcongress.com\/en\/wp-json\/wp\/v2\/users\/2"}],"replies":[{"embeddable":true,"href":"https:\/\/www.marmarastudentcongress.com\/en\/wp-json\/wp\/v2\/comments?post=2864"}],"version-history":[{"count":0,"href":"https:\/\/www.marmarastudentcongress.com\/en\/wp-json\/wp\/v2\/pages\/2864\/revisions"}],"wp:attachment":[{"href":"https:\/\/www.marmarastudentcongress.com\/en\/wp-json\/wp\/v2\/media?parent=2864"}],"curies":[{"name":"wp","href":"https:\/\/api.w.org\/{rel}","templated":true}]}}