

{"id":2858,"date":"2024-04-19T19:28:38","date_gmt":"2024-04-19T16:28:38","guid":{"rendered":"https:\/\/www.marmarastudentcongress.com\/?page_id=2858"},"modified":"2026-04-19T18:38:50","modified_gmt":"2026-04-19T15:38:50","slug":"op-dr-metin-kus-md","status":"publish","type":"page","link":"https:\/\/www.marmarastudentcongress.com\/en\/op-dr-metin-kus-md\/","title":{"rendered":"Op. Dr. Metin Ku\u015f, MD"},"content":{"rendered":"<div class=\"vc_row wpb_row vc_row-fluid\"><div class=\"wpb_column vc_column_container vc_col-sm-8\"><div class=\"vc_column-inner\"><div class=\"wpb_wrapper\">\n\t<div class=\"wpb_text_column wpb_content_element\" >\n\t\t<div class=\"wpb_wrapper\">\n\t\t\t<p><b>Op. Dr. Metin Ku\u015f, MD (Konu\u015fma Konusu: <\/b><strong>Beyaz \u00d6nl\u00fc\u011f\u00fcn \u00d6tesinde: <\/strong><strong>Zor \u015eartlarda Hekimlik Deneyimi<\/strong><b>)\u00a0<\/b><\/p>\n<p>&nbsp;<\/p>\n<p>Dr. Ku\u015f t\u0131p e\u011fitimini \u0130stanbul \u00dcniversitesi Cerrahpa\u015fa T\u0131p Fak\u00fcltesi&#8217;nde tamamlad\u0131ktan sonra Haydarpa\u015fa Numune Hastanesi&#8217;nde genel cerrahi ihtisas\u0131n\u0131 tamamlam\u0131\u015ft\u0131r. Dr. Ku\u015f, yaln\u0131zca klinik deneyimiyle de\u011fil; hasta-hekim ili\u015fkisinde kurdu\u011fu g\u00fcven ve ileti\u015fimle de dikkat \u00e7eken bir isim olmu\u015ftur.<\/p>\n<p>&nbsp;<\/p>\n<p>Onu geni\u015f kitlelerin tan\u0131mas\u0131n\u0131 sa\u011flayan s\u00fcre\u00e7 ise, zorlu do\u011fa \u015fartlar\u0131nda s\u0131n\u0131rl\u0131 imk\u00e2nlarla sa\u011fl\u0131k hizmeti sundu\u011fu deneyimlerdir. Hekimli\u011fin sosyal y\u00f6nlerini en iyi yans\u0131tan fig\u00fcrlerden biri olan ve &#8220;Survivor&#8217;un doktoru\u201d olarak bilinen bu rol\u00fc, klasik hastane ortam\u0131n\u0131n d\u0131\u015f\u0131na \u00e7\u0131kan bir hekimli\u011fin nas\u0131l m\u00fcmk\u00fcn oldu\u011funu g\u00f6steren g\u00fc\u00e7l\u00fc bir \u00f6rnek sunmaktad\u0131r. Bu s\u00fcre\u00e7te farkl\u0131 sa\u011fl\u0131k problemlerine tek ba\u015f\u0131na m\u00fcdahale ederek saha hekimli\u011fi, kriz y\u00f6netimi ve h\u0131zl\u0131 karar alma konular\u0131nda dikkat \u00e7ekici bir deneyim ortaya koymu\u015ftur.<\/p>\n\n\t\t<\/div>\n\t<\/div>\n<\/div><\/div><\/div><div class=\"wpb_column vc_column_container vc_col-sm-4\"><div class=\"vc_column-inner\"><div class=\"wpb_wrapper\">\n\t<div  class=\"wpb_single_image wpb_content_element vc_align_right\">\n\t\t\n\t\t<figure class=\"wpb_wrapper vc_figure\">\n\t\t\t<div class=\"vc_single_image-wrapper   vc_box_border_grey\"><img loading=\"lazy\" decoding=\"async\" width=\"300\" height=\"300\" src=\"https:\/\/www.marmarastudentcongress.com\/wp-content\/uploads\/2026\/04\/Metin-Kus-300x300.jpg\" class=\"vc_single_image-img attachment-medium\" alt=\"\" srcset=\"https:\/\/www.marmarastudentcongress.com\/wp-content\/uploads\/2026\/04\/Metin-Kus-300x300.jpg 300w, https:\/\/www.marmarastudentcongress.com\/wp-content\/uploads\/2026\/04\/Metin-Kus-150x150.jpg 150w, https:\/\/www.marmarastudentcongress.com\/wp-content\/uploads\/2026\/04\/Metin-Kus-12x12.jpg 12w, https:\/\/www.marmarastudentcongress.com\/wp-content\/uploads\/2026\/04\/Metin-Kus.jpg 334w\" sizes=\"auto, (max-width: 300px) 100vw, 300px\" \/><\/div>\n\t\t<\/figure>\n\t<\/div>\n<\/div><\/div><\/div><\/div>","protected":false},"excerpt":{"rendered":"Op. Dr. Metin Ku\u015f, MD (Konu\u015fma Konusu: Beyaz \u00d6nl\u00fc\u011f\u00fcn \u00d6tesinde: Zor \u015eartlarda Hekimlik Deneyimi)\u00a0 &nbsp; Dr. Ku\u015f t\u0131p e\u011fitimini \u0130stanbul \u00dcniversitesi Cerrahpa\u015fa T\u0131p Fak\u00fcltesi'nde tamamlad\u0131ktan sonra Haydarpa\u015fa Numune Hastanesi'nde genel cerrahi ihtisas\u0131n\u0131 tamamlam\u0131\u015ft\u0131r. Dr. Ku\u015f, yaln\u0131zca klinik deneyimiyle de\u011fil; hasta-hekim ili\u015fkisinde kurdu\u011fu g\u00fcven ve ileti\u015fimle de dikkat \u00e7eken bir isim olmu\u015ftur. &nbsp; Onu geni\u015f kitlelerin [...]","protected":false},"author":2,"featured_media":0,"parent":0,"menu_order":0,"comment_status":"closed","ping_status":"closed","template":"","meta":{"footnotes":""},"class_list":["post-2858","page","type-page","status-publish","hentry"],"yoast_head":"<!-- This site is optimized with the Yoast SEO plugin v25.5 - https:\/\/yoast.com\/wordpress\/plugins\/seo\/ -->\n<title>Op. Dr. Metin Ku\u015f, MD - MaSCo 2026<\/title>\n<meta name=\"robots\" content=\"index, follow, max-snippet:-1, max-image-preview:large, max-video-preview:-1\" \/>\n<link rel=\"canonical\" href=\"https:\/\/www.marmarastudentcongress.com\/en\/op-dr-metin-kus-md\/\" \/>\n<meta property=\"og:locale\" content=\"en_US\" \/>\n<meta property=\"og:type\" content=\"article\" \/>\n<meta property=\"og:title\" content=\"Op. Dr. Metin Ku\u015f, MD - MaSCo 2026\" \/>\n<meta property=\"og:url\" content=\"https:\/\/www.marmarastudentcongress.com\/en\/op-dr-metin-kus-md\/\" \/>\n<meta property=\"og:site_name\" content=\"MaSCo 2026\" \/>\n<meta property=\"article:modified_time\" content=\"2026-04-19T15:38:50+00:00\" \/>\n<meta property=\"og:image\" content=\"https:\/\/www.marmarastudentcongress.com\/wp-content\/uploads\/2022\/03\/pl.jpg\" \/>\n\t<meta property=\"og:image:width\" content=\"200\" \/>\n\t<meta property=\"og:image:height\" content=\"200\" \/>\n\t<meta property=\"og:image:type\" content=\"image\/jpeg\" \/>\n<meta name=\"twitter:card\" content=\"summary_large_image\" \/>\n<meta name=\"twitter:label1\" content=\"Est. reading time\" \/>\n\t<meta name=\"twitter:data1\" content=\"1 minute\" \/>\n<script type=\"application\/ld+json\" class=\"yoast-schema-graph\">{\"@context\":\"https:\/\/schema.org\",\"@graph\":[{\"@type\":\"WebPage\",\"@id\":\"https:\/\/www.marmarastudentcongress.com\/op-dr-metin-kus-md\/\",\"url\":\"https:\/\/www.marmarastudentcongress.com\/op-dr-metin-kus-md\/\",\"name\":\"Op. Dr. Metin Ku\u015f, MD - MaSCo 2026\",\"isPartOf\":{\"@id\":\"https:\/\/www.marmarastudentcongress.com\/#website\"},\"datePublished\":\"2024-04-19T16:28:38+00:00\",\"dateModified\":\"2026-04-19T15:38:50+00:00\",\"breadcrumb\":{\"@id\":\"https:\/\/www.marmarastudentcongress.com\/op-dr-metin-kus-md\/#breadcrumb\"},\"inLanguage\":\"en-US\",\"potentialAction\":[{\"@type\":\"ReadAction\",\"target\":[\"https:\/\/www.marmarastudentcongress.com\/op-dr-metin-kus-md\/\"]}]},{\"@type\":\"BreadcrumbList\",\"@id\":\"https:\/\/www.marmarastudentcongress.com\/op-dr-metin-kus-md\/#breadcrumb\",\"itemListElement\":[{\"@type\":\"ListItem\",\"position\":1,\"name\":\"Anasayfa\",\"item\":\"https:\/\/www.marmarastudentcongress.com\/\"},{\"@type\":\"ListItem\",\"position\":2,\"name\":\"Op. Dr. Metin Ku\u015f, MD\"}]},{\"@type\":\"WebSite\",\"@id\":\"https:\/\/www.marmarastudentcongress.com\/#website\",\"url\":\"https:\/\/www.marmarastudentcongress.com\/\",\"name\":\"MaSCo 2026\",\"description\":\"Marmara Student Congress\",\"publisher\":{\"@id\":\"https:\/\/www.marmarastudentcongress.com\/#organization\"},\"potentialAction\":[{\"@type\":\"SearchAction\",\"target\":{\"@type\":\"EntryPoint\",\"urlTemplate\":\"https:\/\/www.marmarastudentcongress.com\/?s={search_term_string}\"},\"query-input\":{\"@type\":\"PropertyValueSpecification\",\"valueRequired\":true,\"valueName\":\"search_term_string\"}}],\"inLanguage\":\"en-US\"},{\"@type\":\"Organization\",\"@id\":\"https:\/\/www.marmarastudentcongress.com\/#organization\",\"name\":\"MaSCo 2026\",\"url\":\"https:\/\/www.marmarastudentcongress.com\/\",\"logo\":{\"@type\":\"ImageObject\",\"inLanguage\":\"en-US\",\"@id\":\"https:\/\/www.marmarastudentcongress.com\/#\/schema\/logo\/image\/\",\"url\":\"https:\/\/www.marmarastudentcongress.com\/wp-content\/uploads\/2025\/05\/cropped-cropped-MaSCo-Logo.png\",\"contentUrl\":\"https:\/\/www.marmarastudentcongress.com\/wp-content\/uploads\/2025\/05\/cropped-cropped-MaSCo-Logo.png\",\"width\":150,\"height\":75,\"caption\":\"MaSCo 2026\"},\"image\":{\"@id\":\"https:\/\/www.marmarastudentcongress.com\/#\/schema\/logo\/image\/\"}}]}<\/script>\n<!-- \/ Yoast SEO plugin. -->","yoast_head_json":{"title":"Op. Dr. Metin Ku\u015f, MD - MaSCo 2026","robots":{"index":"index","follow":"follow","max-snippet":"max-snippet:-1","max-image-preview":"max-image-preview:large","max-video-preview":"max-video-preview:-1"},"canonical":"https:\/\/www.marmarastudentcongress.com\/en\/op-dr-metin-kus-md\/","og_locale":"en_US","og_type":"article","og_title":"Op. Dr. Metin Ku\u015f, MD - MaSCo 2026","og_url":"https:\/\/www.marmarastudentcongress.com\/en\/op-dr-metin-kus-md\/","og_site_name":"MaSCo 2026","article_modified_time":"2026-04-19T15:38:50+00:00","og_image":[{"width":200,"height":200,"url":"https:\/\/www.marmarastudentcongress.com\/wp-content\/uploads\/2022\/03\/pl.jpg","type":"image\/jpeg"}],"twitter_card":"summary_large_image","twitter_misc":{"Est. reading time":"1 minute"},"schema":{"@context":"https:\/\/schema.org","@graph":[{"@type":"WebPage","@id":"https:\/\/www.marmarastudentcongress.com\/op-dr-metin-kus-md\/","url":"https:\/\/www.marmarastudentcongress.com\/op-dr-metin-kus-md\/","name":"Op. Dr. Metin Ku\u015f, MD - MaSCo 2026","isPartOf":{"@id":"https:\/\/www.marmarastudentcongress.com\/#website"},"datePublished":"2024-04-19T16:28:38+00:00","dateModified":"2026-04-19T15:38:50+00:00","breadcrumb":{"@id":"https:\/\/www.marmarastudentcongress.com\/op-dr-metin-kus-md\/#breadcrumb"},"inLanguage":"en-US","potentialAction":[{"@type":"ReadAction","target":["https:\/\/www.marmarastudentcongress.com\/op-dr-metin-kus-md\/"]}]},{"@type":"BreadcrumbList","@id":"https:\/\/www.marmarastudentcongress.com\/op-dr-metin-kus-md\/#breadcrumb","itemListElement":[{"@type":"ListItem","position":1,"name":"Anasayfa","item":"https:\/\/www.marmarastudentcongress.com\/"},{"@type":"ListItem","position":2,"name":"Op. Dr. Metin Ku\u015f, MD"}]},{"@type":"WebSite","@id":"https:\/\/www.marmarastudentcongress.com\/#website","url":"https:\/\/www.marmarastudentcongress.com\/","name":"MaSCo 2026","description":"Marmara Student Congress","publisher":{"@id":"https:\/\/www.marmarastudentcongress.com\/#organization"},"potentialAction":[{"@type":"SearchAction","target":{"@type":"EntryPoint","urlTemplate":"https:\/\/www.marmarastudentcongress.com\/?s={search_term_string}"},"query-input":{"@type":"PropertyValueSpecification","valueRequired":true,"valueName":"search_term_string"}}],"inLanguage":"en-US"},{"@type":"Organization","@id":"https:\/\/www.marmarastudentcongress.com\/#organization","name":"MaSCo 2026","url":"https:\/\/www.marmarastudentcongress.com\/","logo":{"@type":"ImageObject","inLanguage":"en-US","@id":"https:\/\/www.marmarastudentcongress.com\/#\/schema\/logo\/image\/","url":"https:\/\/www.marmarastudentcongress.com\/wp-content\/uploads\/2025\/05\/cropped-cropped-MaSCo-Logo.png","contentUrl":"https:\/\/www.marmarastudentcongress.com\/wp-content\/uploads\/2025\/05\/cropped-cropped-MaSCo-Logo.png","width":150,"height":75,"caption":"MaSCo 2026"},"image":{"@id":"https:\/\/www.marmarastudentcongress.com\/#\/schema\/logo\/image\/"}}]}},"_links":{"self":[{"href":"https:\/\/www.marmarastudentcongress.com\/en\/wp-json\/wp\/v2\/pages\/2858","targetHints":{"allow":["GET"]}}],"collection":[{"href":"https:\/\/www.marmarastudentcongress.com\/en\/wp-json\/wp\/v2\/pages"}],"about":[{"href":"https:\/\/www.marmarastudentcongress.com\/en\/wp-json\/wp\/v2\/types\/page"}],"author":[{"embeddable":true,"href":"https:\/\/www.marmarastudentcongress.com\/en\/wp-json\/wp\/v2\/users\/2"}],"replies":[{"embeddable":true,"href":"https:\/\/www.marmarastudentcongress.com\/en\/wp-json\/wp\/v2\/comments?post=2858"}],"version-history":[{"count":0,"href":"https:\/\/www.marmarastudentcongress.com\/en\/wp-json\/wp\/v2\/pages\/2858\/revisions"}],"wp:attachment":[{"href":"https:\/\/www.marmarastudentcongress.com\/en\/wp-json\/wp\/v2\/media?parent=2858"}],"curies":[{"name":"wp","href":"https:\/\/api.w.org\/{rel}","templated":true}]}}