

{"id":2829,"date":"2024-04-19T17:57:59","date_gmt":"2024-04-19T14:57:59","guid":{"rendered":"https:\/\/www.marmarastudentcongress.com\/?page_id=2829"},"modified":"2026-04-19T18:39:38","modified_gmt":"2026-04-19T15:39:38","slug":"prof-dr-ender-dulundu-md","status":"publish","type":"page","link":"https:\/\/www.marmarastudentcongress.com\/en\/prof-dr-ender-dulundu-md\/","title":{"rendered":"Prof. Dr. Ender Dulundu, MD"},"content":{"rendered":"<div class=\"vc_row wpb_row vc_row-fluid\"><div class=\"wpb_column vc_column_container vc_col-sm-8\"><div class=\"vc_column-inner\"><div class=\"wpb_wrapper\">\n\t<div class=\"wpb_text_column wpb_content_element\" >\n\t\t<div class=\"wpb_wrapper\">\n\t\t\t<p><b>Prof. Dr. Ender Dulundu, MD (Konu\u015fma Konusu: <\/b><strong>Karaci\u011fer Nakli: <\/strong><strong>Cerrahi S\u00fcre\u00e7ten Organ Naklinin Gelece\u011fine<\/strong><b>)<\/b><\/p>\n<p>&nbsp;<\/p>\n<p>\u0130stanbul \u00dcniversitesi Cerrahpa\u015fa T\u0131p Fak\u00fcltesi\u2019nden mezun olan Prof. Dr. Dulundu, uzmanl\u0131k e\u011fitimini \u0130stanbul Haydarpa\u015fa Numune E\u011fitim ve Ara\u015ft\u0131rma Hastanesi\u2019nde tamamlam\u0131\u015ft\u0131r. Asistanl\u0131\u011f\u0131n\u0131n son y\u0131l\u0131nda Tokyo \u00dcniversitesi T\u0131p Fak\u00fcltesi\u2019nde misafir doktor olarak bulunmu\u015f; Karaci\u011fer-Safra Yolu-Pankreas Cerrahisi, Yapay Organ ve Nakil Cerrahisi alanlar\u0131nda deneyim kazanm\u0131\u015ft\u0131r.2002 y\u0131l\u0131nda Tokyo Ulusal Kanser Merkezi\u2019nde Prof. Mitsuru Sasako ile mide kanseri cerrahisi \u00fczerine \u00e7al\u0131\u015fm\u0131\u015f; 2003 ve 2004 y\u0131llar\u0131nda Japon Kanser Ara\u015ft\u0131rmalar\u0131 Te\u015fvik Vakf\u0131 bursu ile Tokyo \u00dcniversitesi T\u0131p Fak\u00fcltesi\u2019nde Prof. Masatoshi Makuuchi\u2019nin klini\u011finde \u00fcst ihtisas\u0131n\u0131 tamamlam\u0131\u015ft\u0131r. 2005\u20132007 y\u0131llar\u0131 aras\u0131nda ise Paris\u2019te Hopital Paul Brousse, Centre Hepato-Biliaire\u2019de ziyaret\u00e7i \u00f6\u011fretim g\u00f6revlisi olarak bulunmu\u015f ve hepatopankreatobilier cerrahide onko-cerrahi stratejiler alan\u0131nda Avrupa \u00dcniversite Diplomas\u0131 alm\u0131\u015ft\u0131r.T\u00fcrkiye\u2019ye d\u00f6nd\u00fckten sonra 2006 y\u0131l\u0131nda \u0130stanbul Haydarpa\u015fa Numune E\u011fitim ve Ara\u015ft\u0131rma Hastanesi\u2019nde Karaci\u011fer Nakli \u00dcnitesi\u2019ni kurmu\u015f ve ilk ba\u015far\u0131l\u0131 karaci\u011fer naklini ger\u00e7ekle\u015ftirmi\u015ftir. 2007\u20132010 y\u0131llar\u0131 aras\u0131nda ayn\u0131 hastanede Hepatopankreatobilier Cerrahi ve Karaci\u011fer Nakli \u00dcnitesi \u015eefi olarak g\u00f6rev yapm\u0131\u015ft\u0131r. 2010\u20132021 y\u0131llar\u0131 aras\u0131nda Marmara \u00dcniversitesi T\u0131p Fak\u00fcltesi Genel Cerrahi Anabilim Dal\u0131 b\u00fcnyesinde Hepatopankreatobilier Cerrahi ve Karaci\u011fer Nakli \u00dcnitesi Ba\u015fkanl\u0131\u011f\u0131 ve direkt\u00f6rl\u00fc\u011f\u00fcn\u00fc y\u00fcr\u00fctm\u00fc\u015ft\u00fcr.Bu s\u00fcre\u00e7te 2015\u20132019 y\u0131llar\u0131 aras\u0131nda ba\u015fhekim yard\u0131mc\u0131l\u0131\u011f\u0131 g\u00f6revinde bulunmu\u015f, ayn\u0131 d\u00f6nemde Do\u011fu Akdeniz \u00dcniversitesi\u2019nde Klinik E\u011fitim Koordinat\u00f6rl\u00fc\u011f\u00fc yapm\u0131\u015ft\u0131r.Ayr\u0131ca 2016\u20132021 y\u0131llar\u0131 aras\u0131nda Marmara \u00dcniversitesi T\u0131p Fak\u00fcltesi\u2019nde Klinik E\u011fitim Koordinat\u00f6r Yard\u0131mc\u0131l\u0131\u011f\u0131 g\u00f6revini \u00fcstlenmi\u015ftir.<\/p>\n<p>&nbsp;<\/p>\n<p>Ulusal ve uluslararas\u0131 bilimsel derneklerde aktif rol alan Prof. Dr. Dulundu, 2014 y\u0131l\u0131ndan itibaren International Association of Surgeons, Gastroenterologists and Oncologists (IASGO) T\u00fcrkiye Ba\u015fkan\u0131 ve cerrahi b\u00f6l\u00fcm y\u00fcr\u00fctme kurulu \u00fcyesi olarak g\u00f6rev yapmaktad\u0131r. 2019\u20132021 y\u0131llar\u0131 aras\u0131nda T\u00fcrk Hepatopankreatobilier Cerrahi Derne\u011fi Y\u00f6netim Kurulu \u00dcyeli\u011fi ve E\u011fitim Komitesi Ba\u015fkanl\u0131\u011f\u0131 g\u00f6revlerini \u00fcstlenmi\u015ftir. 2022\u20132023 y\u0131llar\u0131 aras\u0131nda IASGO Ba\u015fkanl\u0131\u011f\u0131 g\u00f6revini y\u00fcr\u00fctm\u00fc\u015f, 2023 y\u0131l\u0131ndan itibaren Society for Surgery of the Alimentary Tract (SSAT) T\u00fcrkiye Ba\u015fkanl\u0131\u011f\u0131 g\u00f6revini s\u00fcrd\u00fcrmektedir.2016 y\u0131l\u0131ndan itibaren American College of Surgeons (FACS) \u00fcyesi olup, 2023 y\u0131l\u0131ndan bu yana Association of Surgeons, Gastroenterologists and Oncologists (FASGO) fellow\u2019u olarak uluslararas\u0131 akademik kimli\u011fini s\u00fcrd\u00fcrmektedir.2024 y\u0131l\u0131 itibar\u0131yla European Federation International Society for Digestive Surgery (EFISDS) Bilimsel Komite \u00dcyesi olarak g\u00f6rev yapmaktad\u0131r.Ayr\u0131ca 2021 y\u0131l\u0131ndan bu yana Sa\u011fl\u0131k Bakanl\u0131\u011f\u0131 Acil Karaci\u011fer Transplantasyonu Bilimsel Dan\u0131\u015fma Kurulu \u00fcyeli\u011fini s\u00fcrd\u00fcrmektedir.<\/p>\n<p>&nbsp;<\/p>\n<p>Ayr\u0131ca 2010 y\u0131l\u0131nda Kopenhag \u00dcniversitesi Gentofte Hastanesi\u2019nde Endoskopik Ultrasonografi e\u011fitimi alarak ileri tan\u0131 y\u00f6ntemleri alan\u0131nda da yetkinli\u011fini art\u0131rm\u0131\u015ft\u0131r.<\/p>\n<p>&nbsp;<\/p>\n<p>H\u00e2len Prof. Dr. Ender Dulundu, \u0130stanbul \u00dcniversitesi-Cerrahpa\u015fa T\u0131p Fak\u00fcltesi Genel Cerrahi Anabilim Dal\u0131 b\u00fcnyesinde Hepatopankreatobilier Cerrahi ve Karaci\u011fer Nakli \u00dcnitesi Direkt\u00f6r\u00fc olarak g\u00f6revine devam etmektedir.<\/p>\n\n\t\t<\/div>\n\t<\/div>\n<\/div><\/div><\/div><div class=\"wpb_column vc_column_container vc_col-sm-4\"><div class=\"vc_column-inner\"><div class=\"wpb_wrapper\">\n\t<div  class=\"wpb_single_image wpb_content_element vc_align_right\">\n\t\t\n\t\t<figure class=\"wpb_wrapper vc_figure\">\n\t\t\t<div class=\"vc_single_image-wrapper   vc_box_border_grey\"><img loading=\"lazy\" decoding=\"async\" width=\"300\" height=\"300\" src=\"https:\/\/www.marmarastudentcongress.com\/wp-content\/uploads\/2026\/04\/Ender-Dulundu-300x300.jpg\" class=\"vc_single_image-img attachment-medium\" alt=\"\" srcset=\"https:\/\/www.marmarastudentcongress.com\/wp-content\/uploads\/2026\/04\/Ender-Dulundu-300x300.jpg 300w, https:\/\/www.marmarastudentcongress.com\/wp-content\/uploads\/2026\/04\/Ender-Dulundu-150x150.jpg 150w, https:\/\/www.marmarastudentcongress.com\/wp-content\/uploads\/2026\/04\/Ender-Dulundu-12x12.jpg 12w, https:\/\/www.marmarastudentcongress.com\/wp-content\/uploads\/2026\/04\/Ender-Dulundu.jpg 750w\" sizes=\"auto, (max-width: 300px) 100vw, 300px\" \/><\/div>\n\t\t<\/figure>\n\t<\/div>\n<\/div><\/div><\/div><\/div>","protected":false},"excerpt":{"rendered":"Prof. Dr. Ender Dulundu, MD (Konu\u015fma Konusu: Karaci\u011fer Nakli: Cerrahi S\u00fcre\u00e7ten Organ Naklinin Gelece\u011fine) &nbsp; \u0130stanbul \u00dcniversitesi Cerrahpa\u015fa T\u0131p Fak\u00fcltesi\u2019nden mezun olan Prof. Dr. Dulundu, uzmanl\u0131k e\u011fitimini \u0130stanbul Haydarpa\u015fa Numune E\u011fitim ve Ara\u015ft\u0131rma Hastanesi\u2019nde tamamlam\u0131\u015ft\u0131r. Asistanl\u0131\u011f\u0131n\u0131n son y\u0131l\u0131nda Tokyo \u00dcniversitesi T\u0131p Fak\u00fcltesi\u2019nde misafir doktor olarak bulunmu\u015f; Karaci\u011fer-Safra Yolu-Pankreas Cerrahisi, Yapay Organ ve Nakil Cerrahisi alanlar\u0131nda [...]","protected":false},"author":1251,"featured_media":0,"parent":0,"menu_order":0,"comment_status":"closed","ping_status":"closed","template":"","meta":{"footnotes":""},"class_list":["post-2829","page","type-page","status-publish","hentry"],"yoast_head":"<!-- This site is optimized with the Yoast SEO plugin v25.5 - https:\/\/yoast.com\/wordpress\/plugins\/seo\/ -->\n<title>Prof. Dr. Ender Dulundu, MD - MaSCo 2026<\/title>\n<meta name=\"robots\" content=\"index, follow, max-snippet:-1, max-image-preview:large, max-video-preview:-1\" \/>\n<link rel=\"canonical\" href=\"https:\/\/www.marmarastudentcongress.com\/en\/prof-dr-ender-dulundu-md\/\" \/>\n<meta property=\"og:locale\" content=\"en_US\" \/>\n<meta property=\"og:type\" content=\"article\" \/>\n<meta property=\"og:title\" content=\"Prof. Dr. Ender Dulundu, MD - MaSCo 2026\" \/>\n<meta property=\"og:url\" content=\"https:\/\/www.marmarastudentcongress.com\/en\/prof-dr-ender-dulundu-md\/\" \/>\n<meta property=\"og:site_name\" content=\"MaSCo 2026\" \/>\n<meta property=\"article:modified_time\" content=\"2026-04-19T15:39:38+00:00\" \/>\n<meta property=\"og:image\" content=\"https:\/\/www.marmarastudentcongress.com\/wp-content\/uploads\/2022\/03\/pl.jpg\" \/>\n\t<meta property=\"og:image:width\" content=\"200\" \/>\n\t<meta property=\"og:image:height\" content=\"200\" \/>\n\t<meta property=\"og:image:type\" content=\"image\/jpeg\" \/>\n<meta name=\"twitter:card\" content=\"summary_large_image\" \/>\n<meta name=\"twitter:label1\" content=\"Est. reading time\" \/>\n\t<meta name=\"twitter:data1\" content=\"3 minutes\" \/>\n<script type=\"application\/ld+json\" class=\"yoast-schema-graph\">{\"@context\":\"https:\/\/schema.org\",\"@graph\":[{\"@type\":\"WebPage\",\"@id\":\"https:\/\/www.marmarastudentcongress.com\/prof-dr-ender-dulundu-md\/\",\"url\":\"https:\/\/www.marmarastudentcongress.com\/prof-dr-ender-dulundu-md\/\",\"name\":\"Prof. Dr. Ender Dulundu, MD - MaSCo 2026\",\"isPartOf\":{\"@id\":\"https:\/\/www.marmarastudentcongress.com\/#website\"},\"datePublished\":\"2024-04-19T14:57:59+00:00\",\"dateModified\":\"2026-04-19T15:39:38+00:00\",\"breadcrumb\":{\"@id\":\"https:\/\/www.marmarastudentcongress.com\/prof-dr-ender-dulundu-md\/#breadcrumb\"},\"inLanguage\":\"en-US\",\"potentialAction\":[{\"@type\":\"ReadAction\",\"target\":[\"https:\/\/www.marmarastudentcongress.com\/prof-dr-ender-dulundu-md\/\"]}]},{\"@type\":\"BreadcrumbList\",\"@id\":\"https:\/\/www.marmarastudentcongress.com\/prof-dr-ender-dulundu-md\/#breadcrumb\",\"itemListElement\":[{\"@type\":\"ListItem\",\"position\":1,\"name\":\"Anasayfa\",\"item\":\"https:\/\/www.marmarastudentcongress.com\/\"},{\"@type\":\"ListItem\",\"position\":2,\"name\":\"Prof. Dr. Ender Dulundu, MD\"}]},{\"@type\":\"WebSite\",\"@id\":\"https:\/\/www.marmarastudentcongress.com\/#website\",\"url\":\"https:\/\/www.marmarastudentcongress.com\/\",\"name\":\"MaSCo 2026\",\"description\":\"Marmara Student Congress\",\"publisher\":{\"@id\":\"https:\/\/www.marmarastudentcongress.com\/#organization\"},\"potentialAction\":[{\"@type\":\"SearchAction\",\"target\":{\"@type\":\"EntryPoint\",\"urlTemplate\":\"https:\/\/www.marmarastudentcongress.com\/?s={search_term_string}\"},\"query-input\":{\"@type\":\"PropertyValueSpecification\",\"valueRequired\":true,\"valueName\":\"search_term_string\"}}],\"inLanguage\":\"en-US\"},{\"@type\":\"Organization\",\"@id\":\"https:\/\/www.marmarastudentcongress.com\/#organization\",\"name\":\"MaSCo 2026\",\"url\":\"https:\/\/www.marmarastudentcongress.com\/\",\"logo\":{\"@type\":\"ImageObject\",\"inLanguage\":\"en-US\",\"@id\":\"https:\/\/www.marmarastudentcongress.com\/#\/schema\/logo\/image\/\",\"url\":\"https:\/\/www.marmarastudentcongress.com\/wp-content\/uploads\/2025\/05\/cropped-cropped-MaSCo-Logo.png\",\"contentUrl\":\"https:\/\/www.marmarastudentcongress.com\/wp-content\/uploads\/2025\/05\/cropped-cropped-MaSCo-Logo.png\",\"width\":150,\"height\":75,\"caption\":\"MaSCo 2026\"},\"image\":{\"@id\":\"https:\/\/www.marmarastudentcongress.com\/#\/schema\/logo\/image\/\"}}]}<\/script>\n<!-- \/ Yoast SEO plugin. -->","yoast_head_json":{"title":"Prof. Dr. Ender Dulundu, MD - MaSCo 2026","robots":{"index":"index","follow":"follow","max-snippet":"max-snippet:-1","max-image-preview":"max-image-preview:large","max-video-preview":"max-video-preview:-1"},"canonical":"https:\/\/www.marmarastudentcongress.com\/en\/prof-dr-ender-dulundu-md\/","og_locale":"en_US","og_type":"article","og_title":"Prof. Dr. Ender Dulundu, MD - MaSCo 2026","og_url":"https:\/\/www.marmarastudentcongress.com\/en\/prof-dr-ender-dulundu-md\/","og_site_name":"MaSCo 2026","article_modified_time":"2026-04-19T15:39:38+00:00","og_image":[{"width":200,"height":200,"url":"https:\/\/www.marmarastudentcongress.com\/wp-content\/uploads\/2022\/03\/pl.jpg","type":"image\/jpeg"}],"twitter_card":"summary_large_image","twitter_misc":{"Est. reading time":"3 minutes"},"schema":{"@context":"https:\/\/schema.org","@graph":[{"@type":"WebPage","@id":"https:\/\/www.marmarastudentcongress.com\/prof-dr-ender-dulundu-md\/","url":"https:\/\/www.marmarastudentcongress.com\/prof-dr-ender-dulundu-md\/","name":"Prof. Dr. Ender Dulundu, MD - MaSCo 2026","isPartOf":{"@id":"https:\/\/www.marmarastudentcongress.com\/#website"},"datePublished":"2024-04-19T14:57:59+00:00","dateModified":"2026-04-19T15:39:38+00:00","breadcrumb":{"@id":"https:\/\/www.marmarastudentcongress.com\/prof-dr-ender-dulundu-md\/#breadcrumb"},"inLanguage":"en-US","potentialAction":[{"@type":"ReadAction","target":["https:\/\/www.marmarastudentcongress.com\/prof-dr-ender-dulundu-md\/"]}]},{"@type":"BreadcrumbList","@id":"https:\/\/www.marmarastudentcongress.com\/prof-dr-ender-dulundu-md\/#breadcrumb","itemListElement":[{"@type":"ListItem","position":1,"name":"Anasayfa","item":"https:\/\/www.marmarastudentcongress.com\/"},{"@type":"ListItem","position":2,"name":"Prof. Dr. Ender Dulundu, MD"}]},{"@type":"WebSite","@id":"https:\/\/www.marmarastudentcongress.com\/#website","url":"https:\/\/www.marmarastudentcongress.com\/","name":"MaSCo 2026","description":"Marmara Student Congress","publisher":{"@id":"https:\/\/www.marmarastudentcongress.com\/#organization"},"potentialAction":[{"@type":"SearchAction","target":{"@type":"EntryPoint","urlTemplate":"https:\/\/www.marmarastudentcongress.com\/?s={search_term_string}"},"query-input":{"@type":"PropertyValueSpecification","valueRequired":true,"valueName":"search_term_string"}}],"inLanguage":"en-US"},{"@type":"Organization","@id":"https:\/\/www.marmarastudentcongress.com\/#organization","name":"MaSCo 2026","url":"https:\/\/www.marmarastudentcongress.com\/","logo":{"@type":"ImageObject","inLanguage":"en-US","@id":"https:\/\/www.marmarastudentcongress.com\/#\/schema\/logo\/image\/","url":"https:\/\/www.marmarastudentcongress.com\/wp-content\/uploads\/2025\/05\/cropped-cropped-MaSCo-Logo.png","contentUrl":"https:\/\/www.marmarastudentcongress.com\/wp-content\/uploads\/2025\/05\/cropped-cropped-MaSCo-Logo.png","width":150,"height":75,"caption":"MaSCo 2026"},"image":{"@id":"https:\/\/www.marmarastudentcongress.com\/#\/schema\/logo\/image\/"}}]}},"_links":{"self":[{"href":"https:\/\/www.marmarastudentcongress.com\/en\/wp-json\/wp\/v2\/pages\/2829","targetHints":{"allow":["GET"]}}],"collection":[{"href":"https:\/\/www.marmarastudentcongress.com\/en\/wp-json\/wp\/v2\/pages"}],"about":[{"href":"https:\/\/www.marmarastudentcongress.com\/en\/wp-json\/wp\/v2\/types\/page"}],"author":[{"embeddable":true,"href":"https:\/\/www.marmarastudentcongress.com\/en\/wp-json\/wp\/v2\/users\/1251"}],"replies":[{"embeddable":true,"href":"https:\/\/www.marmarastudentcongress.com\/en\/wp-json\/wp\/v2\/comments?post=2829"}],"version-history":[{"count":0,"href":"https:\/\/www.marmarastudentcongress.com\/en\/wp-json\/wp\/v2\/pages\/2829\/revisions"}],"wp:attachment":[{"href":"https:\/\/www.marmarastudentcongress.com\/en\/wp-json\/wp\/v2\/media?parent=2829"}],"curies":[{"name":"wp","href":"https:\/\/api.w.org\/{rel}","templated":true}]}}