

{"id":1738,"date":"2022-03-15T09:15:02","date_gmt":"2022-03-15T06:15:02","guid":{"rendered":"https:\/\/www.marmarastudentcongress.com\/?page_id=1738"},"modified":"2025-10-20T20:39:01","modified_gmt":"2025-10-20T17:39:01","slug":"katilim-sartlari","status":"publish","type":"page","link":"https:\/\/www.marmarastudentcongress.com\/en\/katilim-sartlari\/","title":{"rendered":"Terms of Participation"},"content":{"rendered":"<div class=\"vc_row wpb_row vc_row-fluid\"><div class=\"wpb_column vc_column_container vc_col-sm-12\"><div class=\"vc_column-inner vc_custom_1616792058023\"><div class=\"wpb_wrapper\">\n\t<div class=\"wpb_text_column wpb_content_element\" >\n\t\t<div class=\"wpb_wrapper\">\n\t\t\t<p>1. The deadline for active registration and submission of abstracts is Friday, April 24th, 2026, at 09:00 PM (GMT+3).<\/p>\n<p>2. Our congress language is Turkish. Presentations and abstracts in English will also be accepted, depending on the researcher's preference.<\/p>\n<p>3.\tOur congress is not organized on a specific theme, there is no subject restriction.<\/p>\n<p class=\"translation-block\">4.\tOnly original researches will be accepted. Case reports, case series, reviews, meta-analyses, and lecture-type studies will not be accepted.<\/p>\n<p class=\"translation-block\">5.\tAbstracts should be arranged in the form of Introduction and Aim, Materials and Methods, Results, Conclusion, and Keywords. You can find the details of the rules that have to be followed down below and review the abstract example suitable for this format.<\/p>\n<p class=\"translation-block\">6.\tAbstracts should not exceed 300 words, excluding the title and the name of the researchers.<\/p>\n<p class=\"translation-block\">7.\tAbstracts will be sent to mascobildirim@gmail.com in Turkish or English. The name of the study should be written in the subject line of the mail. The file name should be arranged in such a way as to indicate the name of the participant who will make the presentation. In addition, please include your telephone and e-mail addresses at the end of the abstract file so that we can get back to you for corrections.<\/p>\n<p>8. Participants who wish to apply for any award during abstract submission must fill out the relevant award application form. Abstracts not applying for an award will be placed in sessions deemed appropriate by the Evaluation Board.<\/p>\n<p>9. Please indicate your preferred presentation type (poster or oral presentation) below your abstract. The Evaluation Board may request changes to the presentation format of studies submitted as oral or poster presentations.<\/p>\n<p>10. Oral presentations will be grouped under the categories of \"Basic Sciences,\" \"Clinical Sciences,\" and \"Observational\" research; poster presentations will be grouped under the themes of \"Patients and Diseases\" and \"Public Health and Determinants of Health.\" All research will be evaluated by expert juries, and awards will be given to the winning groups in each category.<\/p>\n<p>11. Ethical committee approval will be required for research conducted on living organisms.<\/p>\n<p>12. Oral presentations must be planned <strong>not to exceed 10 minutes <\/strong>.<strong>. <\/strong>The discussion time with the jury following the presentations<strong> has been set at 5 minutes.<\/strong>The presentation must be delivered by one or two group members. During the discussion with the jury, all group members must be present in the hall. An example of an oral presentation can be found in the Terms of Participation section.<\/p>\n<p>13. Groups presenting their research as posters must prepare their posters with dimensions of <strong>50*70cm.<\/strong> Group members must attend the congress with a printed version of the poster in the same dimensions. Poster presentations <strong>must not exceed 7 minutes, <\/strong>.<strong>.<\/strong> followed by a\u00a0<strong>3-minute discussion<\/strong> with jury members. The presentation must be delivered by one or two group members. During the discussion, all group members must be present in the hall. *A poster presentation example can be found in the Terms of Participation section.<\/p>\n<p>14. Abstracts accepted to the congress will be included in <strong>MaSCo Abstract Booklet<\/strong>.<\/p>\n<p>15. Participants who attend at least three of our five conferences will receive a passive participation certificate, while those who present a research submission will receive an active participation certificate. All certificates will be delivered via email.<\/p>\n<p>*Being present in the hall is not mandatory for all research members  of the groups who are external participants.<\/p>\n\n\t\t<\/div>\n\t<\/div>\n<\/div><\/div><\/div><\/div><div class=\"vc_row wpb_row vc_row-fluid\"><div class=\"wpb_column vc_column_container vc_col-sm-12\"><div class=\"vc_column-inner\"><div class=\"wpb_wrapper\"><div class=\"vc_separator wpb_content_element vc_separator_align_center vc_sep_width_100 vc_sep_pos_align_center vc_separator_no_text vc_sep_color_grey\" ><span class=\"vc_sep_holder vc_sep_holder_l\"><span  class=\"vc_sep_line\"><\/span><\/span><span class=\"vc_sep_holder vc_sep_holder_r\"><span  class=\"vc_sep_line\"><\/span><\/span>\n<\/div><\/div><\/div><\/div><\/div><div class=\"vc_row wpb_row vc_row-fluid\"><div class=\"wpb_column vc_column_container vc_col-sm-12\"><div class=\"vc_column-inner vc_custom_1616792069820\"><div class=\"wpb_wrapper\">\n\t<div class=\"wpb_text_column wpb_content_element\" >\n\t\t<div class=\"wpb_wrapper\">\n\t\t\t<p><strong>MaSCo'26 ABSTRACT SUBMISSION GUIDELINES<\/strong><\/p>\n<ol>\n<li class=\"translation-block\">Abstracts should be arranged in the form of Introduction and Aim, Materials and Methods, Results, Conclusion, and Keywords. You can review the abstract example suitable for this format.<\/li>\n<li class=\"translation-block\">Abstracts should not exceed 300 words, excluding the title and the name of the researchers.<\/li>\n<li class=\"translation-block\">Abstracts will be sent to mascobildirim@gmail.com in Turkish or English. The name of the study should be written in the subject line of the mail. The file name should be arranged in such a way as to indicate the name of the participant who will make the presentation. In addition, please include your telephone and e-mail addresses at the end of the abstract file so that we can get back to you for corrections.<\/li>\n<li>State the type of presentation you want to make (poster or oral presentation) at the end of your abstract. It may be requested by the Assessment Authority to make changes in the presentation options of the researches sent as oral or poster presentations.<\/li>\n<li>A space must be left after all punctuation marks.<\/li>\n<li class=\"translation-block\">Avoid using abbreviations in the abstract, all abbreviations should be stated in the first place (in parentheses) mentioned in the abstract. It can be expressed just as an abbreviation in the following sections. \u201cMarmara University (MU) \u2026\u2026\u2026.. 15 people at MU\u201d<\/li>\n<li>Do not include references in the abstract.<\/li>\n<li>The abstract title should reflect the study. The whole title of the research should be written with CAPITAL LETTERS.<\/li>\n<li class=\"translation-block\">Author names should be written as \u201cSurname A.\u201d. The researchers who have more than one name should write their names as \u201cSurname A.B.\u201d. The order of the names should be written according to the contribution to the research.<\/li>\n<li>Institutions should be indicated with (*) after each author's name, and different institutions should be written by increasing the number of stars. Institutions should be represented below the authors.<\/li>\n<li><u>In the Introduction and Aim section,<\/u> the problem should be stated, and the aim of the study should be specified.<\/li>\n<li><u>In the Materials and Methods section,<\/u> the study methodology should be clearly described, materials should be defined and suitable for collecting the intended data, necessary descriptive information should be provided, the formation of any control group should be specified, and the significance threshold and applied statistical methods should be explained.<\/li>\n<li><u>In the Results section,<\/u> the significant findings of the research should be stated with numerical data. Their significance levels should be indicated in parentheses (e.g., p&lt;0.05).<\/li>\n<li><u>In the Conclusion section,<\/u> the importance of the results intended to be emphasized in the research and mentioned in the findings should be written; a summary of the findings should not be provided.<\/li>\n<li class=\"translation-block\">At least three keywords should be listed in the abstracts.<\/li>\n<\/ol>\n<p>Tables and graphs should not be added to abstracts!<\/p>\n\n\t\t<\/div>\n\t<\/div>\n<\/div><\/div><\/div><\/div><div class=\"vc_row wpb_row vc_row-fluid\"><div class=\"wpb_column vc_column_container vc_col-sm-12\"><div class=\"vc_column-inner\"><div class=\"wpb_wrapper\"><div class=\"vc_separator wpb_content_element vc_separator_align_center vc_sep_width_100 vc_sep_pos_align_center vc_separator_no_text vc_sep_color_grey\" ><span class=\"vc_sep_holder vc_sep_holder_l\"><span  class=\"vc_sep_line\"><\/span><\/span><span class=\"vc_sep_holder vc_sep_holder_r\"><span  class=\"vc_sep_line\"><\/span><\/span>\n<\/div><\/div><\/div><\/div><\/div><div class=\"vc_row wpb_row vc_row-fluid\"><div class=\"wpb_column vc_column_container vc_col-sm-12\"><div class=\"vc_column-inner\"><div class=\"wpb_wrapper\"><div class=\"vc_btn3-container vc_btn3-inline\" ><a class=\"vc_general vc_btn3 vc_btn3-size-md vc_btn3-shape-rounded vc_btn3-style-modern vc_btn3-icon-left vc_btn3-color-juicy-pink\" href=\"https:\/\/www.marmarastudentcongress.com\/wp-content\/uploads\/2025\/08\/MaSCo25-Odul-Abstractlari-Birinciler.pdf\" title=\"\" target=\"_blank\"><i class=\"vc_btn3-icon far fa-file-pdf\"><\/i> Click to review sample abstracts.<\/a><\/div><\/div><\/div><\/div><\/div><div class=\"vc_row wpb_row vc_row-fluid\"><div class=\"wpb_column vc_column_container vc_col-sm-12\"><div class=\"vc_column-inner\"><div class=\"wpb_wrapper\"><div class=\"vc_btn3-container vc_btn3-inline\" ><a class=\"vc_general vc_btn3 vc_btn3-size-md vc_btn3-shape-rounded vc_btn3-style-modern vc_btn3-icon-left vc_btn3-color-juicy-pink\" href=\"https:\/\/www.marmarastudentcongress.com\/wp-content\/uploads\/2025\/08\/MaSCo25-Posterleri-Birinciler.pdf\" title=\"\" target=\"_blank\"><i class=\"vc_btn3-icon far fa-file-pdf\"><\/i> Click to review sample posters.<\/a><\/div><\/div><\/div><\/div><\/div><div class=\"vc_row wpb_row vc_row-fluid\"><div class=\"wpb_column vc_column_container vc_col-sm-12\"><div class=\"vc_column-inner\"><div class=\"wpb_wrapper\"><div class=\"vc_btn3-container vc_btn3-inline\" ><a class=\"vc_general vc_btn3 vc_btn3-size-md vc_btn3-shape-rounded vc_btn3-style-modern vc_btn3-icon-left vc_btn3-color-juicy-pink\" href=\"https:\/\/www.marmarastudentcongress.com\/wp-content\/uploads\/2025\/08\/TS102-Sozlu-Sunum.pdf\" title=\"\" target=\"_blank\"><i class=\"vc_btn3-icon far fa-file-pdf\"><\/i> Click to review the oral presentation sample.<\/a><\/div><\/div><\/div><\/div><\/div><div class=\"vc_row wpb_row vc_row-fluid\"><div class=\"wpb_column vc_column_container vc_col-sm-12\"><div class=\"vc_column-inner\"><div class=\"wpb_wrapper\"><div class=\"vc_btn3-container vc_btn3-inline\" ><a class=\"vc_general vc_btn3 vc_btn3-size-md vc_btn3-shape-rounded vc_btn3-style-modern vc_btn3-icon-left vc_btn3-color-juicy-pink\" href=\"https:\/\/www.youtube.com\/watch?v=1gz-3lfBg_w\" title=\"\" target=\"_blank\"><i class=\"vc_btn3-icon fab fa-youtube\"><\/i> Click to watch the MaSCo'19 oral presentation sample recording.<\/a><\/div><\/div><\/div><\/div><\/div>","protected":false},"excerpt":{"rendered":"1. Aktif kay\u0131t ve bildirilerin son g\u00f6nderim tarihi 24 Nisan 2026 Cuma, saat 21.00'd\u0131r. 2. Kongre dilimiz T\u00fcrk\u00e7edir. Ara\u015ft\u0131rmac\u0131n\u0131n tercihine ba\u011fl\u0131 olarak \u0130ngilizce sunumlar ve bildiriler de kabul edilecektir. 3. Kongremiz belirli bir tema \u00fczerinden d\u00fczenlenmemi\u015ftir, herhangi bir konu k\u0131s\u0131tlamas\u0131 yoktur. 4. Sadece \u00f6zg\u00fcn ara\u015ft\u0131rmalar kabul edilecektir. Vaka sunumlar\u0131, vaka serileri, derlemeler, meta analiz ve [...]","protected":false},"author":2,"featured_media":0,"parent":0,"menu_order":0,"comment_status":"closed","ping_status":"closed","template":"","meta":{"footnotes":""},"class_list":["post-1738","page","type-page","status-publish","hentry"],"yoast_head":"<!-- This site is optimized with the Yoast SEO plugin v25.5 - https:\/\/yoast.com\/wordpress\/plugins\/seo\/ -->\n<title>Kat\u0131l\u0131m \u015eartlar\u0131 - MaSCo 2026<\/title>\n<meta name=\"robots\" content=\"index, follow, max-snippet:-1, max-image-preview:large, max-video-preview:-1\" \/>\n<link rel=\"canonical\" href=\"https:\/\/www.marmarastudentcongress.com\/en\/katilim-sartlari\/\" \/>\n<meta property=\"og:locale\" content=\"en_US\" \/>\n<meta property=\"og:type\" content=\"article\" \/>\n<meta property=\"og:title\" content=\"Kat\u0131l\u0131m \u015eartlar\u0131 - MaSCo 2026\" \/>\n<meta property=\"og:url\" content=\"https:\/\/www.marmarastudentcongress.com\/en\/katilim-sartlari\/\" \/>\n<meta property=\"og:site_name\" content=\"MaSCo 2026\" \/>\n<meta property=\"article:modified_time\" content=\"2025-10-20T17:39:01+00:00\" \/>\n<meta property=\"og:image\" content=\"https:\/\/www.marmarastudentcongress.com\/wp-content\/uploads\/2022\/03\/pl.jpg\" \/>\n\t<meta property=\"og:image:width\" content=\"200\" \/>\n\t<meta property=\"og:image:height\" content=\"200\" \/>\n\t<meta property=\"og:image:type\" content=\"image\/jpeg\" \/>\n<meta name=\"twitter:card\" content=\"summary_large_image\" \/>\n<meta name=\"twitter:label1\" content=\"Est. reading time\" \/>\n\t<meta name=\"twitter:data1\" content=\"5 minutes\" \/>\n<script type=\"application\/ld+json\" class=\"yoast-schema-graph\">{\"@context\":\"https:\/\/schema.org\",\"@graph\":[{\"@type\":\"WebPage\",\"@id\":\"https:\/\/www.marmarastudentcongress.com\/katilim-sartlari\/\",\"url\":\"https:\/\/www.marmarastudentcongress.com\/katilim-sartlari\/\",\"name\":\"Kat\u0131l\u0131m \u015eartlar\u0131 - MaSCo 2026\",\"isPartOf\":{\"@id\":\"https:\/\/www.marmarastudentcongress.com\/#website\"},\"datePublished\":\"2022-03-15T06:15:02+00:00\",\"dateModified\":\"2025-10-20T17:39:01+00:00\",\"breadcrumb\":{\"@id\":\"https:\/\/www.marmarastudentcongress.com\/katilim-sartlari\/#breadcrumb\"},\"inLanguage\":\"en-US\",\"potentialAction\":[{\"@type\":\"ReadAction\",\"target\":[\"https:\/\/www.marmarastudentcongress.com\/katilim-sartlari\/\"]}]},{\"@type\":\"BreadcrumbList\",\"@id\":\"https:\/\/www.marmarastudentcongress.com\/katilim-sartlari\/#breadcrumb\",\"itemListElement\":[{\"@type\":\"ListItem\",\"position\":1,\"name\":\"Anasayfa\",\"item\":\"https:\/\/www.marmarastudentcongress.com\/\"},{\"@type\":\"ListItem\",\"position\":2,\"name\":\"Kat\u0131l\u0131m \u015eartlar\u0131\"}]},{\"@type\":\"WebSite\",\"@id\":\"https:\/\/www.marmarastudentcongress.com\/#website\",\"url\":\"https:\/\/www.marmarastudentcongress.com\/\",\"name\":\"MaSCo 2026\",\"description\":\"Marmara Student Congress\",\"publisher\":{\"@id\":\"https:\/\/www.marmarastudentcongress.com\/#organization\"},\"potentialAction\":[{\"@type\":\"SearchAction\",\"target\":{\"@type\":\"EntryPoint\",\"urlTemplate\":\"https:\/\/www.marmarastudentcongress.com\/?s={search_term_string}\"},\"query-input\":{\"@type\":\"PropertyValueSpecification\",\"valueRequired\":true,\"valueName\":\"search_term_string\"}}],\"inLanguage\":\"en-US\"},{\"@type\":\"Organization\",\"@id\":\"https:\/\/www.marmarastudentcongress.com\/#organization\",\"name\":\"MaSCo 2026\",\"url\":\"https:\/\/www.marmarastudentcongress.com\/\",\"logo\":{\"@type\":\"ImageObject\",\"inLanguage\":\"en-US\",\"@id\":\"https:\/\/www.marmarastudentcongress.com\/#\/schema\/logo\/image\/\",\"url\":\"https:\/\/www.marmarastudentcongress.com\/wp-content\/uploads\/2025\/05\/cropped-cropped-MaSCo-Logo.png\",\"contentUrl\":\"https:\/\/www.marmarastudentcongress.com\/wp-content\/uploads\/2025\/05\/cropped-cropped-MaSCo-Logo.png\",\"width\":150,\"height\":75,\"caption\":\"MaSCo 2026\"},\"image\":{\"@id\":\"https:\/\/www.marmarastudentcongress.com\/#\/schema\/logo\/image\/\"}}]}<\/script>\n<!-- \/ Yoast SEO plugin. -->","yoast_head_json":{"title":"Kat\u0131l\u0131m \u015eartlar\u0131 - MaSCo 2026","robots":{"index":"index","follow":"follow","max-snippet":"max-snippet:-1","max-image-preview":"max-image-preview:large","max-video-preview":"max-video-preview:-1"},"canonical":"https:\/\/www.marmarastudentcongress.com\/en\/katilim-sartlari\/","og_locale":"en_US","og_type":"article","og_title":"Kat\u0131l\u0131m \u015eartlar\u0131 - MaSCo 2026","og_url":"https:\/\/www.marmarastudentcongress.com\/en\/katilim-sartlari\/","og_site_name":"MaSCo 2026","article_modified_time":"2025-10-20T17:39:01+00:00","og_image":[{"width":200,"height":200,"url":"https:\/\/www.marmarastudentcongress.com\/wp-content\/uploads\/2022\/03\/pl.jpg","type":"image\/jpeg"}],"twitter_card":"summary_large_image","twitter_misc":{"Est. reading time":"5 minutes"},"schema":{"@context":"https:\/\/schema.org","@graph":[{"@type":"WebPage","@id":"https:\/\/www.marmarastudentcongress.com\/katilim-sartlari\/","url":"https:\/\/www.marmarastudentcongress.com\/katilim-sartlari\/","name":"Kat\u0131l\u0131m \u015eartlar\u0131 - MaSCo 2026","isPartOf":{"@id":"https:\/\/www.marmarastudentcongress.com\/#website"},"datePublished":"2022-03-15T06:15:02+00:00","dateModified":"2025-10-20T17:39:01+00:00","breadcrumb":{"@id":"https:\/\/www.marmarastudentcongress.com\/katilim-sartlari\/#breadcrumb"},"inLanguage":"en-US","potentialAction":[{"@type":"ReadAction","target":["https:\/\/www.marmarastudentcongress.com\/katilim-sartlari\/"]}]},{"@type":"BreadcrumbList","@id":"https:\/\/www.marmarastudentcongress.com\/katilim-sartlari\/#breadcrumb","itemListElement":[{"@type":"ListItem","position":1,"name":"Anasayfa","item":"https:\/\/www.marmarastudentcongress.com\/"},{"@type":"ListItem","position":2,"name":"Kat\u0131l\u0131m \u015eartlar\u0131"}]},{"@type":"WebSite","@id":"https:\/\/www.marmarastudentcongress.com\/#website","url":"https:\/\/www.marmarastudentcongress.com\/","name":"MaSCo 2026","description":"Marmara Student Congress","publisher":{"@id":"https:\/\/www.marmarastudentcongress.com\/#organization"},"potentialAction":[{"@type":"SearchAction","target":{"@type":"EntryPoint","urlTemplate":"https:\/\/www.marmarastudentcongress.com\/?s={search_term_string}"},"query-input":{"@type":"PropertyValueSpecification","valueRequired":true,"valueName":"search_term_string"}}],"inLanguage":"en-US"},{"@type":"Organization","@id":"https:\/\/www.marmarastudentcongress.com\/#organization","name":"MaSCo 2026","url":"https:\/\/www.marmarastudentcongress.com\/","logo":{"@type":"ImageObject","inLanguage":"en-US","@id":"https:\/\/www.marmarastudentcongress.com\/#\/schema\/logo\/image\/","url":"https:\/\/www.marmarastudentcongress.com\/wp-content\/uploads\/2025\/05\/cropped-cropped-MaSCo-Logo.png","contentUrl":"https:\/\/www.marmarastudentcongress.com\/wp-content\/uploads\/2025\/05\/cropped-cropped-MaSCo-Logo.png","width":150,"height":75,"caption":"MaSCo 2026"},"image":{"@id":"https:\/\/www.marmarastudentcongress.com\/#\/schema\/logo\/image\/"}}]}},"_links":{"self":[{"href":"https:\/\/www.marmarastudentcongress.com\/en\/wp-json\/wp\/v2\/pages\/1738","targetHints":{"allow":["GET"]}}],"collection":[{"href":"https:\/\/www.marmarastudentcongress.com\/en\/wp-json\/wp\/v2\/pages"}],"about":[{"href":"https:\/\/www.marmarastudentcongress.com\/en\/wp-json\/wp\/v2\/types\/page"}],"author":[{"embeddable":true,"href":"https:\/\/www.marmarastudentcongress.com\/en\/wp-json\/wp\/v2\/users\/2"}],"replies":[{"embeddable":true,"href":"https:\/\/www.marmarastudentcongress.com\/en\/wp-json\/wp\/v2\/comments?post=1738"}],"version-history":[{"count":0,"href":"https:\/\/www.marmarastudentcongress.com\/en\/wp-json\/wp\/v2\/pages\/1738\/revisions"}],"wp:attachment":[{"href":"https:\/\/www.marmarastudentcongress.com\/en\/wp-json\/wp\/v2\/media?parent=1738"}],"curies":[{"name":"wp","href":"https:\/\/api.w.org\/{rel}","templated":true}]}}