

{"id":1728,"date":"2022-03-15T09:03:22","date_gmt":"2022-03-15T06:03:22","guid":{"rendered":"https:\/\/www.marmarastudentcongress.com\/?page_id=1728"},"modified":"2026-04-19T16:26:58","modified_gmt":"2026-04-19T13:26:58","slug":"masco-nedir-2022","status":"publish","type":"page","link":"https:\/\/www.marmarastudentcongress.com\/en\/masco-nedir-2022\/","title":{"rendered":"What is MaSCo?"},"content":{"rendered":"<div class=\"vc_row wpb_row vc_row-fluid\"><div class=\"wpb_column vc_column_container vc_col-sm-12\"><div class=\"vc_column-inner\"><div class=\"wpb_wrapper\">\n\t<div class=\"wpb_text_column wpb_content_element\" >\n\t\t<div class=\"wpb_wrapper\">\n\t\t\t<p>MaSCo, which will be held for the twenty-sixth time this year at Marmara University School of Medicine, is a student congress that encourages students to conduct scientific research and provides a platform for the presentation of their work.<\/p>\n<p>MaSCo is a Marmara Medicine tradition; students of Marmara University Faculty of Medicine serve up the results of their research projects, which carried under the supervision of their faculty members. This process is a part of the medical faculty education program. This scientific tradition started in 2001. In the following years, the Introduction to the Clinical Practice program, which was a part of the first three-year curriculum of Marmara University Faculty of Medicine, provided a suitable environment for the flourishing  and development of MaSCo seeds with its research component.<\/p>\n<p>Since the first MaSCo, student research has been presented through posters and oral presentations, and numerous conferences, panels, and workshops have been held. Our congress hosts over 150 scientific studies from our faculty, alongside numerous research projects and presentations from external participants, welcoming guests from many different medical schools.<\/p>\n<p>The twenty-sixth edition of our congress will be held this year with an anticipated attendance of approximately 1000 participants, featuring a scientific program that includes research presentations and conferences by our distinguished speakers, workshops in various fields, and a social program designed to provide participants with an enjoyable experience.<\/p>\n\n\t\t<\/div>\n\t<\/div>\n<\/div><\/div><\/div><\/div><div class=\"vc_row wpb_row vc_row-fluid\"><div class=\"wpb_column vc_column_container vc_col-sm-1\/5\"><div class=\"vc_column-inner\"><div class=\"wpb_wrapper\">\n\t<div  class=\"wpb_single_image wpb_content_element vc_align_center\">\n\t\t\n\t\t<figure class=\"wpb_wrapper vc_figure\">\n\t\t\t<a href=\"https:\/\/www.marmarastudentcongress.com\/wp-content\/uploads\/2026\/04\/2026-MASCO-POSTERI-731x1024.png\" target=\"_self\" class=\"vc_single_image-wrapper   vc_box_border_grey\"><img loading=\"lazy\" decoding=\"async\" class=\"vc_single_image-img\" src=\"https:\/\/www.marmarastudentcongress.com\/wp-content\/uploads\/2026\/04\/2026-MASCO-POSTERI-134x183.png\" width=\"134\" height=\"183\" alt=\"2026 MASCO POSTER\u0130\" title=\"2026 MASCO POSTER\u0130\" \/><\/a>\n\t\t<\/figure>\n\t<\/div>\n<\/div><\/div><\/div><div class=\"wpb_column vc_column_container vc_col-sm-1\/5\"><div class=\"vc_column-inner\"><div class=\"wpb_wrapper\">\n\t<div  class=\"wpb_single_image wpb_content_element vc_align_center\">\n\t\t\n\t\t<figure class=\"wpb_wrapper vc_figure\">\n\t\t\t<a href=\"https:\/\/www.marmarastudentcongress.com\/wp-content\/uploads\/2025\/04\/Masco25_poster-731x1024.png\" target=\"_self\" class=\"vc_single_image-wrapper   vc_box_border_grey\"><img loading=\"lazy\" decoding=\"async\" class=\"vc_single_image-img\" src=\"https:\/\/www.marmarastudentcongress.com\/wp-content\/uploads\/2025\/04\/Masco25_poster-134x183.png\" width=\"134\" height=\"183\" alt=\"Masco25_poster\" title=\"Masco25_poster\" \/><\/a>\n\t\t<\/figure>\n\t<\/div>\n<\/div><\/div><\/div><div class=\"wpb_column vc_column_container vc_col-sm-1\/5\"><div class=\"vc_column-inner\"><div class=\"wpb_wrapper\">\n\t<div  class=\"wpb_single_image wpb_content_element vc_align_center\">\n\t\t\n\t\t<figure class=\"wpb_wrapper vc_figure\">\n\t\t\t<a href=\"https:\/\/www.marmarastudentcongress.com\/wp-content\/uploads\/2024\/05\/MaSCo-Afis-2-Mayis-731x1024.png\" target=\"_self\" class=\"vc_single_image-wrapper   vc_box_border_grey\"><img loading=\"lazy\" decoding=\"async\" class=\"vc_single_image-img\" src=\"https:\/\/www.marmarastudentcongress.com\/wp-content\/uploads\/2024\/05\/MaSCo-Afis-2-Mayis-134x183.png\" width=\"134\" height=\"183\" alt=\"MaSCo Afi\u015f 2 May\u0131s\" title=\"MaSCo Afi\u015f 2 May\u0131s\" \/><\/a>\n\t\t<\/figure>\n\t<\/div>\n<\/div><\/div><\/div><div class=\"wpb_column vc_column_container vc_col-sm-1\/5\"><div class=\"vc_column-inner\"><div class=\"wpb_wrapper\">\n\t<div  class=\"wpb_single_image wpb_content_element vc_align_center\">\n\t\t\n\t\t<figure class=\"wpb_wrapper vc_figure\">\n\t\t\t<a href=\"https:\/\/www.marmarastudentcongress.com\/wp-content\/uploads\/2023\/10\/Screenshot_5-1.jpg\" target=\"_self\" class=\"vc_single_image-wrapper   vc_box_border_grey\"><img loading=\"lazy\" decoding=\"async\" class=\"vc_single_image-img\" src=\"https:\/\/www.marmarastudentcongress.com\/wp-content\/uploads\/2023\/10\/Screenshot_5-1-134x183.jpg\" width=\"134\" height=\"183\" alt=\"Screenshot_5\" title=\"Screenshot_5\" \/><\/a>\n\t\t<\/figure>\n\t<\/div>\n<\/div><\/div><\/div><div class=\"wpb_column vc_column_container vc_col-sm-1\/5\"><div class=\"vc_column-inner\"><div class=\"wpb_wrapper\">\n\t<div  class=\"wpb_single_image wpb_content_element vc_align_center\">\n\t\t\n\t\t<figure class=\"wpb_wrapper vc_figure\">\n\t\t\t<a href=\"https:\/\/www.marmarastudentcongress.com\/wp-content\/uploads\/2023\/04\/Screenshot_299.png\" target=\"_self\" class=\"vc_single_image-wrapper   vc_box_border_grey\"><img loading=\"lazy\" decoding=\"async\" class=\"vc_single_image-img\" src=\"https:\/\/www.marmarastudentcongress.com\/wp-content\/uploads\/2023\/04\/Screenshot_299-134x183.png\" width=\"134\" height=\"183\" alt=\"Screenshot_299\" title=\"Screenshot_299\" \/><\/a>\n\t\t<\/figure>\n\t<\/div>\n<\/div><\/div><\/div><\/div><div class=\"vc_row wpb_row vc_row-fluid\"><div class=\"wpb_column vc_column_container vc_col-sm-12\"><div class=\"vc_column-inner\"><div class=\"wpb_wrapper\">\n\t<div class=\"wpb_text_column wpb_content_element\" >\n\t\t<div class=\"wpb_wrapper\">\n\t\t\t<p><span style=\"color: #d11919;\"><strong>Place of Organization<\/strong><\/span><\/p>\n<p>MaSCo, 2014 y\u0131l\u0131ndan itibaren her y\u0131l Marmara \u00dcniversitesi Ba\u015f\u0131b\u00fcy\u00fck Sa\u011fl\u0131k Bilimleri Kamp\u00fcs\u00fc\u2019nde ger\u00e7ekle\u015fmektedir. Bu kamp\u00fcsteki fak\u00fcltemiz T\u00fcrkiye\u2019nin en b\u00fcy\u00fck temel bilimler binas\u0131 \u00f6zelli\u011fi ta\u015f\u0131maktad\u0131r. Net lokasyonu g\u00f6rmek i\u00e7in sayfan\u0131n en a\u015fa\u011f\u0131s\u0131na kayd\u0131r\u0131n\u0131z.<\/p>\n<p><span style=\"color: #d11919;\"><strong>Active and Passive Participation in the Organization<\/strong><\/span><\/p>\n<p>Our quota for our national external participants is 200 people, including the social program. Approximately 1000 people attend our congress each year with the participation of other medical faculties and our faculty.<\/p>\n<p>There is active and passive participation in the congress in two different categories. We are happy to welcome everyone who wants to listen to our sessions, make new friends, and open new horizons to new knowledge.<\/p>\n<p class=\"translation-block\">There are two categories of active participation;  <strong>Experimental Original Research Category<\/strong> ve <strong>Observational Original Research Category<\/strong>. Participants will be able to apply from one of two categories.<\/p>\n<p class=\"translation-block\">Studies in the Experimental Original Research category are in vitro experiments, animal studies, randomized controlled trials, clinical trials, and population-based trials.<\/p>\n<p><em>Studies in the Observational Original Research Category are case-control studies, cohort, Cross-Sectional, correlational studies.<\/em>; <strong>case\u2013control studies, cohort, cross-sectional, correlational studies<\/strong><\/p>\n<p>Case reports, case series, reviews, meta-analyzes, lecture-type studies will not be accepted.<\/p>\n<p class=\"translation-block\">Your submitted work will be pre-edited by two different referees in the scientific team, and minimal changes (if necessary) will be communicated to the participants and corrected<\/p>\n<p class=\"translation-block\">The Scientific Evaluation Board, which consists of our expert faculty members, will be determined that your research will be in the oral or poster category.<\/p>\n<p>You can find all the details for active participation on the \"<a href=\"https:\/\/www.marmarastudentcongress.com\/en\/katilim-sartlari\/\">Terms of Participation<\/a>\" page<\/p>\n<p><span style=\"color: #d11919;\"><strong>ICP Research and National Presentations<\/strong><\/span><\/p>\n<p>Marmara University Faculty of Medicine students are obliged to conduct scientific research under the ICP (Introduction to Clinical Practice) program throughout the year. Students who get in contact with the advisors appointed by the ICP delegation complete their research until MaSCo, and thus, they have done three studies in the first three years. These researches are original and proudly represent our faculty in many congresses held by national and international academicians.<\/p>\n<p>Each year, the number of oral and poster presentations varies, with approximately 150 presentations being evaluated at MaSCo.<\/p>\n\n\t\t<\/div>\n\t<\/div>\n<\/div><\/div><\/div><\/div><div class=\"vc_row wpb_row vc_row-fluid\"><div class=\"wpb_column vc_column_container vc_col-sm-12\"><div class=\"vc_column-inner\"><div class=\"wpb_wrapper\"><div class=\"wpb_gmaps_widget wpb_content_element\"><div class=\"wpb_wrapper\"><div class=\"wpb_map_wraper\"><iframe src=\"https:\/\/www.google.com\/maps\/embed?pb=!1m18!1m12!1m3!1d1506.6694038408857!2d29.138333595723125!3d40.952156086987074!2m3!1f0!2f0!3f0!3m2!1i1024!2i768!4f13.1!3m3!1m2!1s0x14cac5d575baa2b5%3A0xf6663d8c580aea7!2sMarmara%20%C3%9Cniversitesi%20T%C4%B1p%20Fak%C3%BCltesi!5e0!3m2!1str!2str!4v1776604313737!5m2!1str!2str\" width=\"600\" height=\"450\" style=\"border:0;\" allowfullscreen=\"\" loading=\"lazy\" referrerpolicy=\"no-referrer-when-downgrade\"><\/iframe><\/div><\/div><\/div><\/div><\/div><\/div><\/div>","protected":false},"excerpt":{"rendered":"Marmara \u00dcniversitesi T\u0131p Fak\u00fcltesinde bu sene yirmi alt\u0131nc\u0131s\u0131 d\u00fczenlenecek olan MaSCo; \u00f6\u011frencileri bilimsel ara\u015ft\u0131rma yapmaya te\u015fvik eden ve yap\u0131lan ara\u015ft\u0131rmalar\u0131n sunulmas\u0131na olanak sa\u011flayan bir \u00f6\u011frenci kongresidir. MaSCo, Marmara \u00dcniversitesi T\u0131p Fak\u00fcltesi e\u011fitim program\u0131n\u0131n i\u00e7inde yer alan ve \u00f6\u011frencilerin bir e\u011fitim y\u0131l\u0131 boyunca kendi \u00f6\u011fretim \u00fcyelerinin dan\u0131\u015fmanl\u0131\u011f\u0131nda y\u00fcr\u00fctt\u00fckleri, ara\u015ft\u0131rma projelerinin sonu\u00e7lar\u0131n\u0131 sunduklar\u0131 bir Marmara T\u0131p gelene\u011fidir. [...]","protected":false},"author":2,"featured_media":0,"parent":0,"menu_order":0,"comment_status":"closed","ping_status":"closed","template":"","meta":{"footnotes":""},"class_list":["post-1728","page","type-page","status-publish","hentry"],"yoast_head":"<!-- This site is optimized with the Yoast SEO plugin v25.5 - https:\/\/yoast.com\/wordpress\/plugins\/seo\/ -->\n<title>MaSCo Nedir? - MaSCo 2026<\/title>\n<meta name=\"robots\" content=\"index, follow, max-snippet:-1, max-image-preview:large, max-video-preview:-1\" \/>\n<link rel=\"canonical\" href=\"https:\/\/www.marmarastudentcongress.com\/en\/masco-nedir-2022\/\" \/>\n<meta property=\"og:locale\" content=\"en_US\" \/>\n<meta property=\"og:type\" content=\"article\" \/>\n<meta property=\"og:title\" content=\"MaSCo Nedir? - MaSCo 2026\" \/>\n<meta property=\"og:url\" content=\"https:\/\/www.marmarastudentcongress.com\/en\/masco-nedir-2022\/\" \/>\n<meta property=\"og:site_name\" content=\"MaSCo 2026\" \/>\n<meta property=\"article:modified_time\" content=\"2026-04-19T13:26:58+00:00\" \/>\n<meta property=\"og:image\" content=\"https:\/\/www.marmarastudentcongress.com\/wp-content\/uploads\/2022\/03\/pl.jpg\" \/>\n\t<meta property=\"og:image:width\" content=\"200\" \/>\n\t<meta property=\"og:image:height\" content=\"200\" \/>\n\t<meta property=\"og:image:type\" content=\"image\/jpeg\" \/>\n<meta name=\"twitter:card\" content=\"summary_large_image\" \/>\n<meta name=\"twitter:label1\" content=\"Est. reading time\" \/>\n\t<meta name=\"twitter:data1\" content=\"3 minutes\" \/>\n<script type=\"application\/ld+json\" class=\"yoast-schema-graph\">{\"@context\":\"https:\/\/schema.org\",\"@graph\":[{\"@type\":\"WebPage\",\"@id\":\"https:\/\/www.marmarastudentcongress.com\/masco-nedir-2022\/\",\"url\":\"https:\/\/www.marmarastudentcongress.com\/masco-nedir-2022\/\",\"name\":\"MaSCo Nedir? - MaSCo 2026\",\"isPartOf\":{\"@id\":\"https:\/\/www.marmarastudentcongress.com\/#website\"},\"datePublished\":\"2022-03-15T06:03:22+00:00\",\"dateModified\":\"2026-04-19T13:26:58+00:00\",\"breadcrumb\":{\"@id\":\"https:\/\/www.marmarastudentcongress.com\/masco-nedir-2022\/#breadcrumb\"},\"inLanguage\":\"en-US\",\"potentialAction\":[{\"@type\":\"ReadAction\",\"target\":[\"https:\/\/www.marmarastudentcongress.com\/masco-nedir-2022\/\"]}]},{\"@type\":\"BreadcrumbList\",\"@id\":\"https:\/\/www.marmarastudentcongress.com\/masco-nedir-2022\/#breadcrumb\",\"itemListElement\":[{\"@type\":\"ListItem\",\"position\":1,\"name\":\"Anasayfa\",\"item\":\"https:\/\/www.marmarastudentcongress.com\/\"},{\"@type\":\"ListItem\",\"position\":2,\"name\":\"MaSCo Nedir?\"}]},{\"@type\":\"WebSite\",\"@id\":\"https:\/\/www.marmarastudentcongress.com\/#website\",\"url\":\"https:\/\/www.marmarastudentcongress.com\/\",\"name\":\"MaSCo 2026\",\"description\":\"Marmara Student Congress\",\"publisher\":{\"@id\":\"https:\/\/www.marmarastudentcongress.com\/#organization\"},\"potentialAction\":[{\"@type\":\"SearchAction\",\"target\":{\"@type\":\"EntryPoint\",\"urlTemplate\":\"https:\/\/www.marmarastudentcongress.com\/?s={search_term_string}\"},\"query-input\":{\"@type\":\"PropertyValueSpecification\",\"valueRequired\":true,\"valueName\":\"search_term_string\"}}],\"inLanguage\":\"en-US\"},{\"@type\":\"Organization\",\"@id\":\"https:\/\/www.marmarastudentcongress.com\/#organization\",\"name\":\"MaSCo 2026\",\"url\":\"https:\/\/www.marmarastudentcongress.com\/\",\"logo\":{\"@type\":\"ImageObject\",\"inLanguage\":\"en-US\",\"@id\":\"https:\/\/www.marmarastudentcongress.com\/#\/schema\/logo\/image\/\",\"url\":\"https:\/\/www.marmarastudentcongress.com\/wp-content\/uploads\/2025\/05\/cropped-cropped-MaSCo-Logo.png\",\"contentUrl\":\"https:\/\/www.marmarastudentcongress.com\/wp-content\/uploads\/2025\/05\/cropped-cropped-MaSCo-Logo.png\",\"width\":150,\"height\":75,\"caption\":\"MaSCo 2026\"},\"image\":{\"@id\":\"https:\/\/www.marmarastudentcongress.com\/#\/schema\/logo\/image\/\"}}]}<\/script>\n<!-- \/ Yoast SEO plugin. -->","yoast_head_json":{"title":"MaSCo Nedir? - MaSCo 2026","robots":{"index":"index","follow":"follow","max-snippet":"max-snippet:-1","max-image-preview":"max-image-preview:large","max-video-preview":"max-video-preview:-1"},"canonical":"https:\/\/www.marmarastudentcongress.com\/en\/masco-nedir-2022\/","og_locale":"en_US","og_type":"article","og_title":"MaSCo Nedir? - MaSCo 2026","og_url":"https:\/\/www.marmarastudentcongress.com\/en\/masco-nedir-2022\/","og_site_name":"MaSCo 2026","article_modified_time":"2026-04-19T13:26:58+00:00","og_image":[{"width":200,"height":200,"url":"https:\/\/www.marmarastudentcongress.com\/wp-content\/uploads\/2022\/03\/pl.jpg","type":"image\/jpeg"}],"twitter_card":"summary_large_image","twitter_misc":{"Est. reading time":"3 minutes"},"schema":{"@context":"https:\/\/schema.org","@graph":[{"@type":"WebPage","@id":"https:\/\/www.marmarastudentcongress.com\/masco-nedir-2022\/","url":"https:\/\/www.marmarastudentcongress.com\/masco-nedir-2022\/","name":"MaSCo Nedir? - MaSCo 2026","isPartOf":{"@id":"https:\/\/www.marmarastudentcongress.com\/#website"},"datePublished":"2022-03-15T06:03:22+00:00","dateModified":"2026-04-19T13:26:58+00:00","breadcrumb":{"@id":"https:\/\/www.marmarastudentcongress.com\/masco-nedir-2022\/#breadcrumb"},"inLanguage":"en-US","potentialAction":[{"@type":"ReadAction","target":["https:\/\/www.marmarastudentcongress.com\/masco-nedir-2022\/"]}]},{"@type":"BreadcrumbList","@id":"https:\/\/www.marmarastudentcongress.com\/masco-nedir-2022\/#breadcrumb","itemListElement":[{"@type":"ListItem","position":1,"name":"Anasayfa","item":"https:\/\/www.marmarastudentcongress.com\/"},{"@type":"ListItem","position":2,"name":"MaSCo Nedir?"}]},{"@type":"WebSite","@id":"https:\/\/www.marmarastudentcongress.com\/#website","url":"https:\/\/www.marmarastudentcongress.com\/","name":"MaSCo 2026","description":"Marmara Student Congress","publisher":{"@id":"https:\/\/www.marmarastudentcongress.com\/#organization"},"potentialAction":[{"@type":"SearchAction","target":{"@type":"EntryPoint","urlTemplate":"https:\/\/www.marmarastudentcongress.com\/?s={search_term_string}"},"query-input":{"@type":"PropertyValueSpecification","valueRequired":true,"valueName":"search_term_string"}}],"inLanguage":"en-US"},{"@type":"Organization","@id":"https:\/\/www.marmarastudentcongress.com\/#organization","name":"MaSCo 2026","url":"https:\/\/www.marmarastudentcongress.com\/","logo":{"@type":"ImageObject","inLanguage":"en-US","@id":"https:\/\/www.marmarastudentcongress.com\/#\/schema\/logo\/image\/","url":"https:\/\/www.marmarastudentcongress.com\/wp-content\/uploads\/2025\/05\/cropped-cropped-MaSCo-Logo.png","contentUrl":"https:\/\/www.marmarastudentcongress.com\/wp-content\/uploads\/2025\/05\/cropped-cropped-MaSCo-Logo.png","width":150,"height":75,"caption":"MaSCo 2026"},"image":{"@id":"https:\/\/www.marmarastudentcongress.com\/#\/schema\/logo\/image\/"}}]}},"_links":{"self":[{"href":"https:\/\/www.marmarastudentcongress.com\/en\/wp-json\/wp\/v2\/pages\/1728","targetHints":{"allow":["GET"]}}],"collection":[{"href":"https:\/\/www.marmarastudentcongress.com\/en\/wp-json\/wp\/v2\/pages"}],"about":[{"href":"https:\/\/www.marmarastudentcongress.com\/en\/wp-json\/wp\/v2\/types\/page"}],"author":[{"embeddable":true,"href":"https:\/\/www.marmarastudentcongress.com\/en\/wp-json\/wp\/v2\/users\/2"}],"replies":[{"embeddable":true,"href":"https:\/\/www.marmarastudentcongress.com\/en\/wp-json\/wp\/v2\/comments?post=1728"}],"version-history":[{"count":0,"href":"https:\/\/www.marmarastudentcongress.com\/en\/wp-json\/wp\/v2\/pages\/1728\/revisions"}],"wp:attachment":[{"href":"https:\/\/www.marmarastudentcongress.com\/en\/wp-json\/wp\/v2\/media?parent=1728"}],"curies":[{"name":"wp","href":"https:\/\/api.w.org\/{rel}","templated":true}]}}