

{"id":1389,"date":"2022-02-22T23:03:26","date_gmt":"2022-02-22T20:03:26","guid":{"rendered":"https:\/\/www.marmarastudentcongress.com\/?page_id=1389"},"modified":"2026-04-19T18:41:33","modified_gmt":"2026-04-19T15:41:33","slug":"prof-dr-yasemin-alanay-md-phd","status":"publish","type":"page","link":"https:\/\/www.marmarastudentcongress.com\/en\/prof-dr-yasemin-alanay-md-phd\/","title":{"rendered":"Prof. Dr. Yasemin Alanay, MD, PhD"},"content":{"rendered":"<div class=\"vc_row wpb_row vc_row-fluid\"><div class=\"wpb_column vc_column_container vc_col-sm-8\"><div class=\"vc_column-inner\"><div class=\"wpb_wrapper\">\n\t<div class=\"wpb_text_column wpb_content_element\" >\n\t\t<div class=\"wpb_wrapper\">\n\t\t\t<p><strong>Prof. Dr. Yasemin Alanay, MD, PhD (Konu\u015fmas\u0131n\u0131n Konusu: <\/strong><strong>Tan\u0131s\u0131z \u00c7ocuk Kalmas\u0131n: <\/strong><strong>ACURARE ve \u0130stanbul Tan\u0131s\u0131z Hasta Program\u0131 (UDP-\u0130ST)<\/strong><strong>)<\/strong><\/p>\n<p>&nbsp;<\/p>\n<p>Prof. Dr. Yasemin Alanay, MD, PhD, Hacettepe \u00dcniversitesi \u0130ngilizce T\u0131p Fak\u00fcltesi mezunudur. Uzmanl\u0131k e\u011fitimini 1997\u20132002 y\u0131llar\u0131 aras\u0131nda Hacettepe \u00dcniversitesi \u00c7ocuk Sa\u011fl\u0131\u011f\u0131 ve Hastal\u0131klar\u0131 Anabilim Dal\u0131\u2019nda tamamlam\u0131\u015f; 2001\u20132002 d\u00f6neminde ba\u015fasistanl\u0131k g\u00f6revini y\u00fcr\u00fctm\u00fc\u015f ve ard\u0131ndan \u00c7ocuk Genetik \u00dcnitesi\u2019nde uzman olarak \u00e7al\u0131\u015fmaya ba\u015flam\u0131\u015ft\u0131r.<\/p>\n<p>&nbsp;<\/p>\n<p>2005\u20132006 y\u0131llar\u0131nda T\u00dcB\u0130TAK Doktora Sonras\u0131 Ara\u015ft\u0131rma Bursu ile ABD, Los Angeles\u2019taki UCLA\u2013Cedars Sinai T\u0131p Merkezi \u0130skelet Displazisi Fellowship Program\u0131\u2019nda e\u011fitim alm\u0131\u015ft\u0131r. Prof. David Rimoin, Prof. Ralph Lachman ve Prof. Deborah Krakow\u2019un ment\u00f6rl\u00fc\u011f\u00fcnde y\u00fcr\u00fctt\u00fc\u011f\u00fc gen ke\u015ffi projesi; osteogenezis imperfektada otozomal resesif kal\u0131t\u0131ml\u0131 yeni bir genin (FKBP10) tan\u0131mlanmas\u0131yla sonu\u00e7lanm\u0131\u015f ve hastal\u0131\u011f\u0131n h\u00fccre i\u00e7i mekanizmalar\u0131n\u0131n ayd\u0131nlat\u0131lmas\u0131nda \u00f6nemli bir kilometre ta\u015f\u0131 olarak kabul g\u00f6rm\u00fc\u015ft\u00fcr.<\/p>\n<p>&nbsp;<\/p>\n<p>2008 y\u0131l\u0131nda Do\u00e7ent, 2009 y\u0131l\u0131nda T\u0131bbi Genetik Doktoru (PhD) unvan\u0131n\u0131 alm\u0131\u015f; 2010\u2019da <strong>Hacettepe \u00dcniversitesi Bilim Te\u015fvik \u00d6d\u00fcl\u00fc\u2019ne<\/strong> lay\u0131k g\u00f6r\u00fclm\u00fc\u015ft\u00fcr. 2011 y\u0131l\u0131nda \u00e7ocuk genetik hastal\u0131klar\u0131n\u0131n T\u00fcrkiye\u2019de ilk kez yan dal uzmanl\u0131\u011f\u0131 olarak tan\u0131nmas\u0131yla bu diploman\u0131n ilk sahipleri aras\u0131nda yer alm\u0131\u015ft\u0131r. Ayn\u0131 y\u0131l \u0130stanbul\u2019a ta\u015f\u0131narak Ac\u0131badem \u00dcniversitesi T\u0131p Fak\u00fcltesi\u2019ne kat\u0131lm\u0131\u015f ve 2013\u2019te Profesor unvan\u0131n\u0131 alm\u0131\u015ft\u0131r.<\/p>\n<p>&nbsp;<\/p>\n<p>2015\u20132022 y\u0131llar\u0131 aras\u0131nda Ac\u0131badem \u00dcniversitesi T\u0131p Fak\u00fcltesi Dekanl\u0131\u011f\u0131 g\u00f6revini y\u00fcr\u00fctm\u00fc\u015f; 2023\u2019ten itibaren <strong>ACURARE \u2013 Ac\u0131badem \u00dcniversitesi Nadir Hastal\u0131klar ve Yetim \u0130la\u00e7lar Ara\u015ft\u0131rma ve Uygulama Merkezi<\/strong>\u2019nin M\u00fcd\u00fcrl\u00fc\u011f\u00fc\u2019n\u00fc s\u00fcrd\u00fcrmektedir.<\/p>\n<p>&nbsp;<\/p>\n<p>Avrupa ve ABD\u2019de y\u00fcr\u00fct\u00fclen \u00e7ok merkezli \u00e7al\u0131\u015fmalara ba\u015f ara\u015ft\u0131rmac\u0131 olarak katk\u0131da bulunan Prof. Dr. Alanay, uluslararas\u0131 hakemli dergilerde 200\u2019\u00fcn \u00fczerinde yay\u0131mlanm\u0131\u015f makalesiyle (WoS H-indeksi: 42; Scopus H-indeksi: 45) alana \u00f6nemli katk\u0131lar sa\u011flam\u0131\u015ft\u0131r.<\/p>\n<p>&nbsp;<\/p>\n<p>2015\u2019te \u0130stanbul\u2019da Uluslararas\u0131 \u0130skelet Displazisi Derne\u011fi (ISDS) kongresini d\u00fczenlemi\u015f ve Dernek Ba\u015fkanl\u0131\u011f\u0131 g\u00f6revini \u00fcstlenmi\u015ftir. Avrupa \u0130nsan Geneti\u011fi Derne\u011fi\u2019nde (ESHG) 2012\u20132017 y\u0131llar\u0131 aras\u0131nda Y\u00f6netim Kurulu \u00dcyesi, 2018\u20132021 y\u0131llar\u0131 aras\u0131nda Bilimsel Program Komitesi \u00fcyesi olarak g\u00f6rev yapm\u0131\u015ft\u0131r.<\/p>\n<p>&nbsp;<\/p>\n<p style=\"text-align: left;\">Ba\u015fl\u0131ca ilgi alanlar\u0131; \u00e7ocukluk \u00e7a\u011f\u0131 genetik hastal\u0131klar\u0131, klinik genetik, iskelet displazileri, kraniyofasiyal genetik ve tan\u0131s\u0131z nadir hastal\u0131klardan olu\u015fmaktad\u0131r.<\/p>\n\n\t\t<\/div>\n\t<\/div>\n<\/div><\/div><\/div><div class=\"wpb_column vc_column_container vc_col-sm-4\"><div class=\"vc_column-inner\"><div class=\"wpb_wrapper\">\n\t<div  class=\"wpb_single_image wpb_content_element vc_align_right\">\n\t\t\n\t\t<figure class=\"wpb_wrapper vc_figure\">\n\t\t\t<div class=\"vc_single_image-wrapper   vc_box_border_grey\"><img loading=\"lazy\" decoding=\"async\" width=\"300\" height=\"300\" src=\"https:\/\/www.marmarastudentcongress.com\/wp-content\/uploads\/2026\/04\/yasemin-alanay-banner-300x300.png\" class=\"vc_single_image-img attachment-medium\" alt=\"\" srcset=\"https:\/\/www.marmarastudentcongress.com\/wp-content\/uploads\/2026\/04\/yasemin-alanay-banner-300x300.png 300w, https:\/\/www.marmarastudentcongress.com\/wp-content\/uploads\/2026\/04\/yasemin-alanay-banner-150x150.png 150w, https:\/\/www.marmarastudentcongress.com\/wp-content\/uploads\/2026\/04\/yasemin-alanay-banner-12x12.png 12w, https:\/\/www.marmarastudentcongress.com\/wp-content\/uploads\/2026\/04\/yasemin-alanay-banner.png 460w\" sizes=\"auto, (max-width: 300px) 100vw, 300px\" \/><\/div>\n\t\t<\/figure>\n\t<\/div>\n<\/div><\/div><\/div><\/div>","protected":false},"excerpt":{"rendered":"Prof. Dr. Yasemin Alanay, MD, PhD (Konu\u015fmas\u0131n\u0131n Konusu: Tan\u0131s\u0131z \u00c7ocuk Kalmas\u0131n: ACURARE ve \u0130stanbul Tan\u0131s\u0131z Hasta Program\u0131 (UDP-\u0130ST)) &nbsp; Prof. Dr. Yasemin Alanay, MD, PhD, Hacettepe \u00dcniversitesi \u0130ngilizce T\u0131p Fak\u00fcltesi mezunudur. Uzmanl\u0131k e\u011fitimini 1997\u20132002 y\u0131llar\u0131 aras\u0131nda Hacettepe \u00dcniversitesi \u00c7ocuk Sa\u011fl\u0131\u011f\u0131 ve Hastal\u0131klar\u0131 Anabilim Dal\u0131\u2019nda tamamlam\u0131\u015f; 2001\u20132002 d\u00f6neminde ba\u015fasistanl\u0131k g\u00f6revini y\u00fcr\u00fctm\u00fc\u015f ve ard\u0131ndan \u00c7ocuk Genetik \u00dcnitesi\u2019nde [...]","protected":false},"author":2,"featured_media":0,"parent":0,"menu_order":0,"comment_status":"closed","ping_status":"closed","template":"","meta":{"footnotes":""},"class_list":["post-1389","page","type-page","status-publish","hentry"],"yoast_head":"<!-- This site is optimized with the Yoast SEO plugin v25.5 - https:\/\/yoast.com\/wordpress\/plugins\/seo\/ -->\n<title>Prof. Dr. Yasemin Alanay, MD, PhD - MaSCo 2026<\/title>\n<meta name=\"robots\" content=\"index, follow, max-snippet:-1, max-image-preview:large, max-video-preview:-1\" \/>\n<link rel=\"canonical\" href=\"https:\/\/www.marmarastudentcongress.com\/en\/prof-dr-yasemin-alanay-md-phd\/\" \/>\n<meta property=\"og:locale\" content=\"en_US\" \/>\n<meta property=\"og:type\" content=\"article\" \/>\n<meta property=\"og:title\" content=\"Marmara Student Congress\" \/>\n<meta property=\"og:description\" content=\"Prof. Dr. Biykem Bozkurt\" \/>\n<meta property=\"og:url\" content=\"https:\/\/www.marmarastudentcongress.com\/en\/prof-dr-yasemin-alanay-md-phd\/\" \/>\n<meta property=\"og:site_name\" content=\"MaSCo 2026\" \/>\n<meta property=\"article:modified_time\" content=\"2026-04-19T15:41:33+00:00\" \/>\n<meta property=\"og:image\" content=\"https:\/\/www.marmarastudentcongress.com\/wp-content\/uploads\/2022\/03\/pl.jpg\" \/>\n\t<meta property=\"og:image:width\" content=\"200\" \/>\n\t<meta property=\"og:image:height\" content=\"200\" \/>\n\t<meta property=\"og:image:type\" content=\"image\/jpeg\" \/>\n<meta name=\"twitter:card\" content=\"summary_large_image\" \/>\n<meta name=\"twitter:title\" content=\"Marmara Student Congress\" \/>\n<meta name=\"twitter:description\" content=\"Prof. Dr. Biykem Bozkurt\" \/>\n<meta name=\"twitter:image\" content=\"https:\/\/www.marmarastudentcongress.com\/wp-content\/uploads\/2022\/03\/pl.jpg\" \/>\n<meta name=\"twitter:label1\" content=\"Est. reading time\" \/>\n\t<meta name=\"twitter:data1\" content=\"2 minutes\" \/>\n<script type=\"application\/ld+json\" class=\"yoast-schema-graph\">{\"@context\":\"https:\/\/schema.org\",\"@graph\":[{\"@type\":\"WebPage\",\"@id\":\"https:\/\/www.marmarastudentcongress.com\/prof-dr-yasemin-alanay-md-phd\/\",\"url\":\"https:\/\/www.marmarastudentcongress.com\/prof-dr-yasemin-alanay-md-phd\/\",\"name\":\"Prof. Dr. Yasemin Alanay, MD, PhD - MaSCo 2026\",\"isPartOf\":{\"@id\":\"https:\/\/www.marmarastudentcongress.com\/#website\"},\"datePublished\":\"2022-02-22T20:03:26+00:00\",\"dateModified\":\"2026-04-19T15:41:33+00:00\",\"breadcrumb\":{\"@id\":\"https:\/\/www.marmarastudentcongress.com\/prof-dr-yasemin-alanay-md-phd\/#breadcrumb\"},\"inLanguage\":\"en-US\",\"potentialAction\":[{\"@type\":\"ReadAction\",\"target\":[\"https:\/\/www.marmarastudentcongress.com\/prof-dr-yasemin-alanay-md-phd\/\"]}]},{\"@type\":\"BreadcrumbList\",\"@id\":\"https:\/\/www.marmarastudentcongress.com\/prof-dr-yasemin-alanay-md-phd\/#breadcrumb\",\"itemListElement\":[{\"@type\":\"ListItem\",\"position\":1,\"name\":\"Anasayfa\",\"item\":\"https:\/\/www.marmarastudentcongress.com\/\"},{\"@type\":\"ListItem\",\"position\":2,\"name\":\"Prof. Dr. Yasemin Alanay, MD, PhD\"}]},{\"@type\":\"WebSite\",\"@id\":\"https:\/\/www.marmarastudentcongress.com\/#website\",\"url\":\"https:\/\/www.marmarastudentcongress.com\/\",\"name\":\"MaSCo 2026\",\"description\":\"Marmara Student Congress\",\"publisher\":{\"@id\":\"https:\/\/www.marmarastudentcongress.com\/#organization\"},\"potentialAction\":[{\"@type\":\"SearchAction\",\"target\":{\"@type\":\"EntryPoint\",\"urlTemplate\":\"https:\/\/www.marmarastudentcongress.com\/?s={search_term_string}\"},\"query-input\":{\"@type\":\"PropertyValueSpecification\",\"valueRequired\":true,\"valueName\":\"search_term_string\"}}],\"inLanguage\":\"en-US\"},{\"@type\":\"Organization\",\"@id\":\"https:\/\/www.marmarastudentcongress.com\/#organization\",\"name\":\"MaSCo 2026\",\"url\":\"https:\/\/www.marmarastudentcongress.com\/\",\"logo\":{\"@type\":\"ImageObject\",\"inLanguage\":\"en-US\",\"@id\":\"https:\/\/www.marmarastudentcongress.com\/#\/schema\/logo\/image\/\",\"url\":\"https:\/\/www.marmarastudentcongress.com\/wp-content\/uploads\/2025\/05\/cropped-cropped-MaSCo-Logo.png\",\"contentUrl\":\"https:\/\/www.marmarastudentcongress.com\/wp-content\/uploads\/2025\/05\/cropped-cropped-MaSCo-Logo.png\",\"width\":150,\"height\":75,\"caption\":\"MaSCo 2026\"},\"image\":{\"@id\":\"https:\/\/www.marmarastudentcongress.com\/#\/schema\/logo\/image\/\"}}]}<\/script>\n<!-- \/ Yoast SEO plugin. -->","yoast_head_json":{"title":"Prof. Dr. Yasemin Alanay, MD, PhD - MaSCo 2026","robots":{"index":"index","follow":"follow","max-snippet":"max-snippet:-1","max-image-preview":"max-image-preview:large","max-video-preview":"max-video-preview:-1"},"canonical":"https:\/\/www.marmarastudentcongress.com\/en\/prof-dr-yasemin-alanay-md-phd\/","og_locale":"en_US","og_type":"article","og_title":"Marmara Student Congress","og_description":"Prof. Dr. Biykem Bozkurt","og_url":"https:\/\/www.marmarastudentcongress.com\/en\/prof-dr-yasemin-alanay-md-phd\/","og_site_name":"MaSCo 2026","article_modified_time":"2026-04-19T15:41:33+00:00","og_image":[{"width":200,"height":200,"url":"https:\/\/www.marmarastudentcongress.com\/wp-content\/uploads\/2022\/03\/pl.jpg","type":"image\/jpeg"}],"twitter_card":"summary_large_image","twitter_title":"Marmara Student Congress","twitter_description":"Prof. Dr. Biykem Bozkurt","twitter_image":"https:\/\/www.marmarastudentcongress.com\/wp-content\/uploads\/2022\/03\/pl.jpg","twitter_misc":{"Est. reading time":"2 minutes"},"schema":{"@context":"https:\/\/schema.org","@graph":[{"@type":"WebPage","@id":"https:\/\/www.marmarastudentcongress.com\/prof-dr-yasemin-alanay-md-phd\/","url":"https:\/\/www.marmarastudentcongress.com\/prof-dr-yasemin-alanay-md-phd\/","name":"Prof. Dr. Yasemin Alanay, MD, PhD - MaSCo 2026","isPartOf":{"@id":"https:\/\/www.marmarastudentcongress.com\/#website"},"datePublished":"2022-02-22T20:03:26+00:00","dateModified":"2026-04-19T15:41:33+00:00","breadcrumb":{"@id":"https:\/\/www.marmarastudentcongress.com\/prof-dr-yasemin-alanay-md-phd\/#breadcrumb"},"inLanguage":"en-US","potentialAction":[{"@type":"ReadAction","target":["https:\/\/www.marmarastudentcongress.com\/prof-dr-yasemin-alanay-md-phd\/"]}]},{"@type":"BreadcrumbList","@id":"https:\/\/www.marmarastudentcongress.com\/prof-dr-yasemin-alanay-md-phd\/#breadcrumb","itemListElement":[{"@type":"ListItem","position":1,"name":"Anasayfa","item":"https:\/\/www.marmarastudentcongress.com\/"},{"@type":"ListItem","position":2,"name":"Prof. Dr. Yasemin Alanay, MD, PhD"}]},{"@type":"WebSite","@id":"https:\/\/www.marmarastudentcongress.com\/#website","url":"https:\/\/www.marmarastudentcongress.com\/","name":"MaSCo 2026","description":"Marmara Student Congress","publisher":{"@id":"https:\/\/www.marmarastudentcongress.com\/#organization"},"potentialAction":[{"@type":"SearchAction","target":{"@type":"EntryPoint","urlTemplate":"https:\/\/www.marmarastudentcongress.com\/?s={search_term_string}"},"query-input":{"@type":"PropertyValueSpecification","valueRequired":true,"valueName":"search_term_string"}}],"inLanguage":"en-US"},{"@type":"Organization","@id":"https:\/\/www.marmarastudentcongress.com\/#organization","name":"MaSCo 2026","url":"https:\/\/www.marmarastudentcongress.com\/","logo":{"@type":"ImageObject","inLanguage":"en-US","@id":"https:\/\/www.marmarastudentcongress.com\/#\/schema\/logo\/image\/","url":"https:\/\/www.marmarastudentcongress.com\/wp-content\/uploads\/2025\/05\/cropped-cropped-MaSCo-Logo.png","contentUrl":"https:\/\/www.marmarastudentcongress.com\/wp-content\/uploads\/2025\/05\/cropped-cropped-MaSCo-Logo.png","width":150,"height":75,"caption":"MaSCo 2026"},"image":{"@id":"https:\/\/www.marmarastudentcongress.com\/#\/schema\/logo\/image\/"}}]}},"_links":{"self":[{"href":"https:\/\/www.marmarastudentcongress.com\/en\/wp-json\/wp\/v2\/pages\/1389","targetHints":{"allow":["GET"]}}],"collection":[{"href":"https:\/\/www.marmarastudentcongress.com\/en\/wp-json\/wp\/v2\/pages"}],"about":[{"href":"https:\/\/www.marmarastudentcongress.com\/en\/wp-json\/wp\/v2\/types\/page"}],"author":[{"embeddable":true,"href":"https:\/\/www.marmarastudentcongress.com\/en\/wp-json\/wp\/v2\/users\/2"}],"replies":[{"embeddable":true,"href":"https:\/\/www.marmarastudentcongress.com\/en\/wp-json\/wp\/v2\/comments?post=1389"}],"version-history":[{"count":0,"href":"https:\/\/www.marmarastudentcongress.com\/en\/wp-json\/wp\/v2\/pages\/1389\/revisions"}],"wp:attachment":[{"href":"https:\/\/www.marmarastudentcongress.com\/en\/wp-json\/wp\/v2\/media?parent=1389"}],"curies":[{"name":"wp","href":"https:\/\/api.w.org\/{rel}","templated":true}]}}