

{"id":103,"date":"2020-02-05T16:44:16","date_gmt":"2020-02-05T13:44:16","guid":{"rendered":"http:\/\/www.marmarastudentcongress.com\/?page_id=103"},"modified":"2024-12-27T19:49:59","modified_gmt":"2024-12-27T16:49:59","slug":"danisman-hocalarimiz","status":"publish","type":"page","link":"https:\/\/www.marmarastudentcongress.com\/en\/danisman-hocalarimiz\/","title":{"rendered":"Our Advisors"},"content":{"rendered":"<div class=\"vc_row wpb_row vc_row-fluid\"><div class=\"wpb_column vc_column_container vc_col-sm-1\/5\"><div class=\"vc_column-inner\"><div class=\"wpb_wrapper\">\n\t<div  class=\"wpb_single_image wpb_content_element vc_align_center\">\n\t\t\n\t\t<figure class=\"wpb_wrapper vc_figure\">\n\t\t\t<div class=\"vc_single_image-wrapper   vc_box_border_grey\"><img loading=\"lazy\" decoding=\"async\" width=\"298\" height=\"298\" src=\"https:\/\/www.marmarastudentcongress.com\/wp-content\/uploads\/2023\/12\/Umit-Suleyman-Sehirli.png\" class=\"vc_single_image-img attachment-full\" alt=\"\" srcset=\"https:\/\/www.marmarastudentcongress.com\/wp-content\/uploads\/2023\/12\/Umit-Suleyman-Sehirli.png 298w, https:\/\/www.marmarastudentcongress.com\/wp-content\/uploads\/2023\/12\/Umit-Suleyman-Sehirli-150x150.png 150w, https:\/\/www.marmarastudentcongress.com\/wp-content\/uploads\/2023\/12\/Umit-Suleyman-Sehirli-12x12.png 12w\" sizes=\"auto, (max-width: 298px) 100vw, 298px\" \/><\/div>\n\t\t<\/figure>\n\t<\/div>\n\n\t<div class=\"wpb_text_column wpb_content_element\" >\n\t\t<div class=\"wpb_wrapper\">\n\t\t\t<p style=\"text-align: center;\"><a href=\"https:\/\/avesis.marmara.edu.tr\/usehirli\">Prof. Dr. \u00dcmit \u015eEH\u0130RL\u0130<\/a><\/p>\n\n\t\t<\/div>\n\t<\/div>\n<\/div><\/div><\/div><div class=\"wpb_column vc_column_container vc_col-sm-1\/5\"><div class=\"vc_column-inner\"><div class=\"wpb_wrapper\">\n\t<div  class=\"wpb_single_image wpb_content_element vc_align_center\">\n\t\t\n\t\t<figure class=\"wpb_wrapper vc_figure\">\n\t\t\t<div class=\"vc_single_image-wrapper   vc_box_border_grey\"><img loading=\"lazy\" decoding=\"async\" width=\"516\" height=\"516\" src=\"https:\/\/www.marmarastudentcongress.com\/wp-content\/uploads\/2023\/12\/Hasan-Raci-Yananli-2.jpg\" class=\"vc_single_image-img attachment-full\" alt=\"\" srcset=\"https:\/\/www.marmarastudentcongress.com\/wp-content\/uploads\/2023\/12\/Hasan-Raci-Yananli-2.jpg 516w, https:\/\/www.marmarastudentcongress.com\/wp-content\/uploads\/2023\/12\/Hasan-Raci-Yananli-2-300x300.jpg 300w, https:\/\/www.marmarastudentcongress.com\/wp-content\/uploads\/2023\/12\/Hasan-Raci-Yananli-2-150x150.jpg 150w, https:\/\/www.marmarastudentcongress.com\/wp-content\/uploads\/2023\/12\/Hasan-Raci-Yananli-2-12x12.jpg 12w\" sizes=\"auto, (max-width: 516px) 100vw, 516px\" \/><\/div>\n\t\t<\/figure>\n\t<\/div>\n\n\t<div class=\"wpb_text_column wpb_content_element\" >\n\t\t<div class=\"wpb_wrapper\">\n\t\t\t<p style=\"text-align: center;\"><a href=\"https:\/\/avesis.marmara.edu.tr\/hyananli\">Prof. Dr. Hasan Raci YANANLI<\/a><\/p>\n\n\t\t<\/div>\n\t<\/div>\n<\/div><\/div><\/div><div class=\"wpb_column vc_column_container vc_col-sm-1\/5\"><div class=\"vc_column-inner\"><div class=\"wpb_wrapper\">\n\t<div  class=\"wpb_single_image wpb_content_element vc_align_center\">\n\t\t\n\t\t<figure class=\"wpb_wrapper vc_figure\">\n\t\t\t<div class=\"vc_single_image-wrapper   vc_box_border_grey\"><img loading=\"lazy\" decoding=\"async\" width=\"200\" height=\"200\" src=\"https:\/\/www.marmarastudentcongress.com\/wp-content\/uploads\/2020\/02\/seyhan-hidiroglu.jpg\" class=\"vc_single_image-img attachment-full\" alt=\"\" srcset=\"https:\/\/www.marmarastudentcongress.com\/wp-content\/uploads\/2020\/02\/seyhan-hidiroglu.jpg 200w, https:\/\/www.marmarastudentcongress.com\/wp-content\/uploads\/2020\/02\/seyhan-hidiroglu-150x150.jpg 150w\" sizes=\"auto, (max-width: 200px) 100vw, 200px\" \/><\/div>\n\t\t<\/figure>\n\t<\/div>\n\n\t<div class=\"wpb_text_column wpb_content_element\" >\n\t\t<div class=\"wpb_wrapper\">\n\t\t\t<p style=\"text-align: center;\"><a href=\"https:\/\/avesis.marmara.edu.tr\/sehidiroglu\">Prof. Dr. Seyhan HIDIRO\u011eLU<\/a><\/p>\n\n\t\t<\/div>\n\t<\/div>\n<\/div><\/div><\/div><div class=\"wpb_column vc_column_container vc_col-sm-1\/5\"><div class=\"vc_column-inner\"><div class=\"wpb_wrapper\">\n\t<div  class=\"wpb_single_image wpb_content_element vc_align_center\">\n\t\t\n\t\t<figure class=\"wpb_wrapper vc_figure\">\n\t\t\t<div class=\"vc_single_image-wrapper   vc_box_border_grey\"><img loading=\"lazy\" decoding=\"async\" width=\"381\" height=\"393\" src=\"https:\/\/www.marmarastudentcongress.com\/wp-content\/uploads\/2023\/12\/Nadiye-Pinar-Ay.jpg\" class=\"vc_single_image-img attachment-full\" alt=\"\" srcset=\"https:\/\/www.marmarastudentcongress.com\/wp-content\/uploads\/2023\/12\/Nadiye-Pinar-Ay.jpg 381w, https:\/\/www.marmarastudentcongress.com\/wp-content\/uploads\/2023\/12\/Nadiye-Pinar-Ay-291x300.jpg 291w, https:\/\/www.marmarastudentcongress.com\/wp-content\/uploads\/2023\/12\/Nadiye-Pinar-Ay-12x12.jpg 12w\" sizes=\"auto, (max-width: 381px) 100vw, 381px\" \/><\/div>\n\t\t<\/figure>\n\t<\/div>\n\n\t<div class=\"wpb_text_column wpb_content_element\" >\n\t\t<div class=\"wpb_wrapper\">\n\t\t\t<p style=\"text-align: center;\"><a href=\"https:\/\/avesis.marmara.edu.tr\/npay\">Prof. Dr. Nadiye P\u0131nar AY<\/a><\/p>\n\n\t\t<\/div>\n\t<\/div>\n<\/div><\/div><\/div><div class=\"wpb_column vc_column_container vc_col-sm-1\/5\"><div class=\"vc_column-inner\"><div class=\"wpb_wrapper\">\n\t<div  class=\"wpb_single_image wpb_content_element vc_align_center\">\n\t\t\n\t\t<figure class=\"wpb_wrapper vc_figure\">\n\t\t\t<div class=\"vc_single_image-wrapper   vc_box_border_grey\"><img loading=\"lazy\" decoding=\"async\" class=\"vc_single_image-img\" src=\"https:\/\/www.marmarastudentcongress.com\/wp-content\/uploads\/2023\/12\/Saliha-Serap-Cifcili-200x200.jpg\" width=\"200\" height=\"200\" alt=\"Saliha Serap \u00c7if\u00e7ili\" title=\"Saliha Serap \u00c7if\u00e7ili\" \/><\/div>\n\t\t<\/figure>\n\t<\/div>\n\n\t<div class=\"wpb_text_column wpb_content_element\" >\n\t\t<div class=\"wpb_wrapper\">\n\t\t\t<p style=\"text-align: center;\"><a href=\"https:\/\/avesis.marmara.edu.tr\/serapcifcili\">Prof. Dr. Saliha Serap \u00c7\u0130F\u00c7\u0130L\u0130<\/a><\/p>\n\n\t\t<\/div>\n\t<\/div>\n<\/div><\/div><\/div><\/div><div class=\"vc_row wpb_row vc_row-fluid\"><div class=\"wpb_column vc_column_container vc_col-sm-3\"><div class=\"vc_column-inner\"><div class=\"wpb_wrapper\"><\/div><\/div><\/div><div class=\"wpb_column vc_column_container vc_col-sm-3\"><div class=\"vc_column-inner\"><div class=\"wpb_wrapper\"><\/div><\/div><\/div><div class=\"wpb_column vc_column_container vc_col-sm-3\"><div class=\"vc_column-inner\"><div class=\"wpb_wrapper\"><\/div><\/div><\/div><div class=\"wpb_column vc_column_container vc_col-sm-3\"><div class=\"vc_column-inner\"><div class=\"wpb_wrapper\"><\/div><\/div><\/div><\/div><div class=\"vc_row wpb_row vc_row-fluid\"><div class=\"wpb_column vc_column_container vc_col-sm-1\/5\"><div class=\"vc_column-inner\"><div class=\"wpb_wrapper\">\n\t<div  class=\"wpb_single_image wpb_content_element vc_align_center\">\n\t\t\n\t\t<figure class=\"wpb_wrapper vc_figure\">\n\t\t\t<div class=\"vc_single_image-wrapper   vc_box_border_grey\"><img loading=\"lazy\" decoding=\"async\" width=\"338\" height=\"338\" src=\"https:\/\/www.marmarastudentcongress.com\/wp-content\/uploads\/2023\/12\/Gulru-Pemra-Cobek-Unalan.png\" class=\"vc_single_image-img attachment-full\" alt=\"\" srcset=\"https:\/\/www.marmarastudentcongress.com\/wp-content\/uploads\/2023\/12\/Gulru-Pemra-Cobek-Unalan.png 338w, https:\/\/www.marmarastudentcongress.com\/wp-content\/uploads\/2023\/12\/Gulru-Pemra-Cobek-Unalan-300x300.png 300w, https:\/\/www.marmarastudentcongress.com\/wp-content\/uploads\/2023\/12\/Gulru-Pemra-Cobek-Unalan-150x150.png 150w, https:\/\/www.marmarastudentcongress.com\/wp-content\/uploads\/2023\/12\/Gulru-Pemra-Cobek-Unalan-12x12.png 12w\" sizes=\"auto, (max-width: 338px) 100vw, 338px\" \/><\/div>\n\t\t<\/figure>\n\t<\/div>\n\n\t<div class=\"wpb_text_column wpb_content_element\" >\n\t\t<div class=\"wpb_wrapper\">\n\t\t\t<p style=\"text-align: center;\"><a href=\"https:\/\/avesis.marmara.edu.tr\/punalan\">Prof. Dr. Pemra \u00dcNALAN<\/a><\/p>\n\n\t\t<\/div>\n\t<\/div>\n<\/div><\/div><\/div><div class=\"wpb_column vc_column_container vc_col-sm-1\/5\"><div class=\"vc_column-inner\"><div class=\"wpb_wrapper\">\n\t<div  class=\"wpb_single_image wpb_content_element vc_align_center\">\n\t\t\n\t\t<figure class=\"wpb_wrapper vc_figure\">\n\t\t\t<div class=\"vc_single_image-wrapper   vc_box_border_grey\"><img loading=\"lazy\" decoding=\"async\" width=\"408\" height=\"408\" src=\"https:\/\/www.marmarastudentcongress.com\/wp-content\/uploads\/2023\/12\/Memnune-Cigdem-Apaydin-Kaya-2.jpg\" class=\"vc_single_image-img attachment-full\" alt=\"\" srcset=\"https:\/\/www.marmarastudentcongress.com\/wp-content\/uploads\/2023\/12\/Memnune-Cigdem-Apaydin-Kaya-2.jpg 408w, https:\/\/www.marmarastudentcongress.com\/wp-content\/uploads\/2023\/12\/Memnune-Cigdem-Apaydin-Kaya-2-300x300.jpg 300w, https:\/\/www.marmarastudentcongress.com\/wp-content\/uploads\/2023\/12\/Memnune-Cigdem-Apaydin-Kaya-2-150x150.jpg 150w, https:\/\/www.marmarastudentcongress.com\/wp-content\/uploads\/2023\/12\/Memnune-Cigdem-Apaydin-Kaya-2-12x12.jpg 12w\" sizes=\"auto, (max-width: 408px) 100vw, 408px\" \/><\/div>\n\t\t<\/figure>\n\t<\/div>\n\n\t<div class=\"wpb_text_column wpb_content_element\" >\n\t\t<div class=\"wpb_wrapper\">\n\t\t\t<p style=\"text-align: center;\"><a href=\"https:\/\/avesis.marmara.edu.tr\/cigdem.apaydin\">Prof. Dr. Memnune \u00c7i\u011fdem KAYA<\/a><\/p>\n\n\t\t<\/div>\n\t<\/div>\n<\/div><\/div><\/div><div class=\"wpb_column vc_column_container vc_col-sm-1\/5\"><div class=\"vc_column-inner\"><div class=\"wpb_wrapper\">\n\t<div  class=\"wpb_single_image wpb_content_element vc_align_center\">\n\t\t\n\t\t<figure class=\"wpb_wrapper vc_figure\">\n\t\t\t<div class=\"vc_single_image-wrapper   vc_box_border_grey\"><img loading=\"lazy\" decoding=\"async\" width=\"338\" height=\"338\" src=\"https:\/\/www.marmarastudentcongress.com\/wp-content\/uploads\/2023\/12\/Evrim-Karadag.png\" class=\"vc_single_image-img attachment-full\" alt=\"\" srcset=\"https:\/\/www.marmarastudentcongress.com\/wp-content\/uploads\/2023\/12\/Evrim-Karadag.png 338w, https:\/\/www.marmarastudentcongress.com\/wp-content\/uploads\/2023\/12\/Evrim-Karadag-300x300.png 300w, https:\/\/www.marmarastudentcongress.com\/wp-content\/uploads\/2023\/12\/Evrim-Karadag-150x150.png 150w, https:\/\/www.marmarastudentcongress.com\/wp-content\/uploads\/2023\/12\/Evrim-Karadag-12x12.png 12w\" sizes=\"auto, (max-width: 338px) 100vw, 338px\" \/><\/div>\n\t\t<\/figure>\n\t<\/div>\n\n\t<div class=\"wpb_text_column wpb_content_element\" >\n\t\t<div class=\"wpb_wrapper\">\n\t\t\t<p style=\"text-align: center;\"><a href=\"https:\/\/avesis.marmara.edu.tr\/evrim.saygi\">Prof. Dr. Evrim Karada\u011f SAYGI<\/a><\/p>\n\n\t\t<\/div>\n\t<\/div>\n<\/div><\/div><\/div><div class=\"wpb_column vc_column_container vc_col-sm-1\/5\"><div class=\"vc_column-inner\"><div class=\"wpb_wrapper\">\n\t<div  class=\"wpb_single_image wpb_content_element vc_align_center\">\n\t\t\n\t\t<figure class=\"wpb_wrapper vc_figure\">\n\t\t\t<div class=\"vc_single_image-wrapper   vc_box_border_grey\"><img loading=\"lazy\" decoding=\"async\" width=\"304\" height=\"304\" src=\"https:\/\/www.marmarastudentcongress.com\/wp-content\/uploads\/2023\/12\/Can-Erzik.png\" class=\"vc_single_image-img attachment-full\" alt=\"\" srcset=\"https:\/\/www.marmarastudentcongress.com\/wp-content\/uploads\/2023\/12\/Can-Erzik.png 304w, https:\/\/www.marmarastudentcongress.com\/wp-content\/uploads\/2023\/12\/Can-Erzik-300x300.png 300w, https:\/\/www.marmarastudentcongress.com\/wp-content\/uploads\/2023\/12\/Can-Erzik-150x150.png 150w, https:\/\/www.marmarastudentcongress.com\/wp-content\/uploads\/2023\/12\/Can-Erzik-12x12.png 12w\" sizes=\"auto, (max-width: 304px) 100vw, 304px\" \/><\/div>\n\t\t<\/figure>\n\t<\/div>\n\n\t<div class=\"wpb_text_column wpb_content_element\" >\n\t\t<div class=\"wpb_wrapper\">\n\t\t\t<p style=\"text-align: center;\"><a href=\"https:\/\/avesis.marmara.edu.tr\/canerzik\">Dr. \u00d6\u011fr. \u00dcyesi Can ERZ\u0130K<\/a><\/p>\n\n\t\t<\/div>\n\t<\/div>\n<\/div><\/div><\/div><\/div>","protected":false},"excerpt":{"rendered":"Prof. Dr. \u00dcmit \u015eEH\u0130RL\u0130 Prof. Dr. Hasan Raci YANANLI Prof. Dr. Seyhan HIDIRO\u011eLU Prof. Dr. Nadiye P\u0131nar AY Prof. Dr. Saliha Serap \u00c7\u0130F\u00c7\u0130L\u0130 Prof. Dr. Pemra \u00dcNALAN Prof. Dr. Memnune \u00c7i\u011fdem KAYA Prof. Dr. Evrim Karada\u011f SAYGI Dr. \u00d6\u011fr. \u00dcyesi Can ERZ\u0130K","protected":false},"author":2,"featured_media":0,"parent":0,"menu_order":0,"comment_status":"closed","ping_status":"closed","template":"","meta":{"footnotes":""},"class_list":["post-103","page","type-page","status-publish","hentry"],"yoast_head":"<!-- This site is optimized with the Yoast SEO plugin v25.5 - https:\/\/yoast.com\/wordpress\/plugins\/seo\/ -->\n<title>Dan\u0131\u015fman Hocalar\u0131m\u0131z - MaSCo 2026<\/title>\n<meta name=\"robots\" content=\"index, follow, max-snippet:-1, max-image-preview:large, max-video-preview:-1\" \/>\n<link rel=\"canonical\" href=\"https:\/\/www.marmarastudentcongress.com\/en\/danisman-hocalarimiz\/\" \/>\n<meta property=\"og:locale\" content=\"en_US\" \/>\n<meta property=\"og:type\" content=\"article\" \/>\n<meta property=\"og:title\" content=\"Marmara Student Congress\" \/>\n<meta property=\"og:description\" content=\"Dan\u0131\u015fman Hocalar\u0131m\u0131z\" \/>\n<meta property=\"og:url\" content=\"https:\/\/www.marmarastudentcongress.com\/en\/danisman-hocalarimiz\/\" \/>\n<meta property=\"og:site_name\" content=\"MaSCo 2026\" \/>\n<meta property=\"article:modified_time\" content=\"2024-12-27T16:49:59+00:00\" \/>\n<meta property=\"og:image\" content=\"https:\/\/www.marmarastudentcongress.com\/wp-content\/uploads\/2022\/03\/pl.jpg\" \/>\n\t<meta property=\"og:image:width\" content=\"200\" \/>\n\t<meta property=\"og:image:height\" content=\"200\" \/>\n\t<meta property=\"og:image:type\" content=\"image\/jpeg\" \/>\n<meta name=\"twitter:card\" content=\"summary_large_image\" \/>\n<meta name=\"twitter:title\" content=\"Marmara Student Congress\" \/>\n<meta name=\"twitter:description\" content=\"Dan\u0131\u015fman Hocalar\u0131m\u0131z\" \/>\n<meta name=\"twitter:image\" content=\"https:\/\/www.marmarastudentcongress.com\/wp-content\/uploads\/2022\/03\/pl.jpg\" \/>\n<meta name=\"twitter:label1\" content=\"Est. reading time\" \/>\n\t<meta name=\"twitter:data1\" content=\"1 minute\" \/>\n<script type=\"application\/ld+json\" class=\"yoast-schema-graph\">{\"@context\":\"https:\/\/schema.org\",\"@graph\":[{\"@type\":\"WebPage\",\"@id\":\"https:\/\/www.marmarastudentcongress.com\/danisman-hocalarimiz\/\",\"url\":\"https:\/\/www.marmarastudentcongress.com\/danisman-hocalarimiz\/\",\"name\":\"Dan\u0131\u015fman Hocalar\u0131m\u0131z - MaSCo 2026\",\"isPartOf\":{\"@id\":\"https:\/\/www.marmarastudentcongress.com\/#website\"},\"datePublished\":\"2020-02-05T13:44:16+00:00\",\"dateModified\":\"2024-12-27T16:49:59+00:00\",\"breadcrumb\":{\"@id\":\"https:\/\/www.marmarastudentcongress.com\/danisman-hocalarimiz\/#breadcrumb\"},\"inLanguage\":\"en-US\",\"potentialAction\":[{\"@type\":\"ReadAction\",\"target\":[\"https:\/\/www.marmarastudentcongress.com\/danisman-hocalarimiz\/\"]}]},{\"@type\":\"BreadcrumbList\",\"@id\":\"https:\/\/www.marmarastudentcongress.com\/danisman-hocalarimiz\/#breadcrumb\",\"itemListElement\":[{\"@type\":\"ListItem\",\"position\":1,\"name\":\"Anasayfa\",\"item\":\"https:\/\/www.marmarastudentcongress.com\/\"},{\"@type\":\"ListItem\",\"position\":2,\"name\":\"Dan\u0131\u015fman Hocalar\u0131m\u0131z\"}]},{\"@type\":\"WebSite\",\"@id\":\"https:\/\/www.marmarastudentcongress.com\/#website\",\"url\":\"https:\/\/www.marmarastudentcongress.com\/\",\"name\":\"MaSCo 2026\",\"description\":\"Marmara Student Congress\",\"publisher\":{\"@id\":\"https:\/\/www.marmarastudentcongress.com\/#organization\"},\"potentialAction\":[{\"@type\":\"SearchAction\",\"target\":{\"@type\":\"EntryPoint\",\"urlTemplate\":\"https:\/\/www.marmarastudentcongress.com\/?s={search_term_string}\"},\"query-input\":{\"@type\":\"PropertyValueSpecification\",\"valueRequired\":true,\"valueName\":\"search_term_string\"}}],\"inLanguage\":\"en-US\"},{\"@type\":\"Organization\",\"@id\":\"https:\/\/www.marmarastudentcongress.com\/#organization\",\"name\":\"MaSCo 2026\",\"url\":\"https:\/\/www.marmarastudentcongress.com\/\",\"logo\":{\"@type\":\"ImageObject\",\"inLanguage\":\"en-US\",\"@id\":\"https:\/\/www.marmarastudentcongress.com\/#\/schema\/logo\/image\/\",\"url\":\"https:\/\/www.marmarastudentcongress.com\/wp-content\/uploads\/2025\/05\/cropped-cropped-MaSCo-Logo.png\",\"contentUrl\":\"https:\/\/www.marmarastudentcongress.com\/wp-content\/uploads\/2025\/05\/cropped-cropped-MaSCo-Logo.png\",\"width\":150,\"height\":75,\"caption\":\"MaSCo 2026\"},\"image\":{\"@id\":\"https:\/\/www.marmarastudentcongress.com\/#\/schema\/logo\/image\/\"}}]}<\/script>\n<!-- \/ Yoast SEO plugin. -->","yoast_head_json":{"title":"Dan\u0131\u015fman Hocalar\u0131m\u0131z - MaSCo 2026","robots":{"index":"index","follow":"follow","max-snippet":"max-snippet:-1","max-image-preview":"max-image-preview:large","max-video-preview":"max-video-preview:-1"},"canonical":"https:\/\/www.marmarastudentcongress.com\/en\/danisman-hocalarimiz\/","og_locale":"en_US","og_type":"article","og_title":"Marmara Student Congress","og_description":"Dan\u0131\u015fman Hocalar\u0131m\u0131z","og_url":"https:\/\/www.marmarastudentcongress.com\/en\/danisman-hocalarimiz\/","og_site_name":"MaSCo 2026","article_modified_time":"2024-12-27T16:49:59+00:00","og_image":[{"width":200,"height":200,"url":"https:\/\/www.marmarastudentcongress.com\/wp-content\/uploads\/2022\/03\/pl.jpg","type":"image\/jpeg"}],"twitter_card":"summary_large_image","twitter_title":"Marmara Student Congress","twitter_description":"Dan\u0131\u015fman Hocalar\u0131m\u0131z","twitter_image":"https:\/\/www.marmarastudentcongress.com\/wp-content\/uploads\/2022\/03\/pl.jpg","twitter_misc":{"Est. reading time":"1 minute"},"schema":{"@context":"https:\/\/schema.org","@graph":[{"@type":"WebPage","@id":"https:\/\/www.marmarastudentcongress.com\/danisman-hocalarimiz\/","url":"https:\/\/www.marmarastudentcongress.com\/danisman-hocalarimiz\/","name":"Dan\u0131\u015fman Hocalar\u0131m\u0131z - MaSCo 2026","isPartOf":{"@id":"https:\/\/www.marmarastudentcongress.com\/#website"},"datePublished":"2020-02-05T13:44:16+00:00","dateModified":"2024-12-27T16:49:59+00:00","breadcrumb":{"@id":"https:\/\/www.marmarastudentcongress.com\/danisman-hocalarimiz\/#breadcrumb"},"inLanguage":"en-US","potentialAction":[{"@type":"ReadAction","target":["https:\/\/www.marmarastudentcongress.com\/danisman-hocalarimiz\/"]}]},{"@type":"BreadcrumbList","@id":"https:\/\/www.marmarastudentcongress.com\/danisman-hocalarimiz\/#breadcrumb","itemListElement":[{"@type":"ListItem","position":1,"name":"Anasayfa","item":"https:\/\/www.marmarastudentcongress.com\/"},{"@type":"ListItem","position":2,"name":"Dan\u0131\u015fman Hocalar\u0131m\u0131z"}]},{"@type":"WebSite","@id":"https:\/\/www.marmarastudentcongress.com\/#website","url":"https:\/\/www.marmarastudentcongress.com\/","name":"MaSCo 2026","description":"Marmara Student Congress","publisher":{"@id":"https:\/\/www.marmarastudentcongress.com\/#organization"},"potentialAction":[{"@type":"SearchAction","target":{"@type":"EntryPoint","urlTemplate":"https:\/\/www.marmarastudentcongress.com\/?s={search_term_string}"},"query-input":{"@type":"PropertyValueSpecification","valueRequired":true,"valueName":"search_term_string"}}],"inLanguage":"en-US"},{"@type":"Organization","@id":"https:\/\/www.marmarastudentcongress.com\/#organization","name":"MaSCo 2026","url":"https:\/\/www.marmarastudentcongress.com\/","logo":{"@type":"ImageObject","inLanguage":"en-US","@id":"https:\/\/www.marmarastudentcongress.com\/#\/schema\/logo\/image\/","url":"https:\/\/www.marmarastudentcongress.com\/wp-content\/uploads\/2025\/05\/cropped-cropped-MaSCo-Logo.png","contentUrl":"https:\/\/www.marmarastudentcongress.com\/wp-content\/uploads\/2025\/05\/cropped-cropped-MaSCo-Logo.png","width":150,"height":75,"caption":"MaSCo 2026"},"image":{"@id":"https:\/\/www.marmarastudentcongress.com\/#\/schema\/logo\/image\/"}}]}},"_links":{"self":[{"href":"https:\/\/www.marmarastudentcongress.com\/en\/wp-json\/wp\/v2\/pages\/103","targetHints":{"allow":["GET"]}}],"collection":[{"href":"https:\/\/www.marmarastudentcongress.com\/en\/wp-json\/wp\/v2\/pages"}],"about":[{"href":"https:\/\/www.marmarastudentcongress.com\/en\/wp-json\/wp\/v2\/types\/page"}],"author":[{"embeddable":true,"href":"https:\/\/www.marmarastudentcongress.com\/en\/wp-json\/wp\/v2\/users\/2"}],"replies":[{"embeddable":true,"href":"https:\/\/www.marmarastudentcongress.com\/en\/wp-json\/wp\/v2\/comments?post=103"}],"version-history":[{"count":0,"href":"https:\/\/www.marmarastudentcongress.com\/en\/wp-json\/wp\/v2\/pages\/103\/revisions"}],"wp:attachment":[{"href":"https:\/\/www.marmarastudentcongress.com\/en\/wp-json\/wp\/v2\/media?parent=103"}],"curies":[{"name":"wp","href":"https:\/\/api.w.org\/{rel}","templated":true}]}}